{"id":1023803,"date":"2026-02-18T11:07:19","date_gmt":"2026-02-18T10:07:19","guid":{"rendered":"https:\/\/stilanddesign.se\/?post_type=product&#038;p=1023803"},"modified":"2026-03-01T10:05:00","modified_gmt":"2026-03-01T09:05:00","slug":"militargront-linne-med-blommor-pa-axelbanden","status":"publish","type":"product","link":"https:\/\/stilanddesign.se\/en\/product\/militargront-linne-med-blommor-pa-axelbanden\/","title":{"rendered":"Nice military green linen in sheer viscose \ud83d\udc9a\u2728"},"content":{"rendered":"<p data-start=\"0\" data-end=\"285\"><strong data-start=\"0\" data-end=\"42\">Nice military green linen in sheer viscose<\/strong> \ud83d\udc9a\u2728<br data-start=\"46\" data-end=\"49\" \/>A romantic tank top with a lovely \u201csilk feel\u201d to the fabric! Round neck with a slight gather that gives a nice drape \ud83d\udcab The tank top is made of thin, sheer material and has a <strong data-start=\"198\" data-end=\"221\">sewn-on jersey<\/strong> inside which is a little shorter \u2013 comfortable and stylish at the same time \ud83d\ude0d<\/p>\n<p data-start=\"287\" data-end=\"356\">The small sewn-on flowers on the shoulder straps add an extra cute detail \ud83c\udf38\ud83d\udc9a<\/p>\n<p data-start=\"358\" data-end=\"455\">\u2705 Rounded neck with slight wrinkle<br data-start=\"385\" data-end=\"388\" \/>\u2705 Sewn-in jersey (shorter)<br data-start=\"419\" data-end=\"422\" \/>\u2705 Floral details on the shoulder straps \ud83c\udf38<\/p>\n<p data-start=\"457\" data-end=\"526\">\ud83d\udccf <strong data-start=\"460\" data-end=\"470\">Length:<\/strong> 53 cm (from shoulder)<br data-start=\"488\" data-end=\"491\" \/>\ud83d\udccc <strong data-start=\"494\" data-end=\"507\">Fit:<\/strong> Normal in size<\/p>\n<p data-start=\"528\" data-end=\"580\" data-is-last-node=\"\" data-is-only-node=\"\"><strong data-start=\"528\" data-end=\"541\">Material:<\/strong> 100% viscose \ud83e\uddf5<br data-start=\"557\" data-end=\"560\" \/><strong data-start=\"560\" data-end=\"573\">Washing instructions:<\/strong> 30\u00b0 \ud83e\uddfa<\/p>\n<p>&nbsp;<\/p>\n<p>&nbsp;<\/p>\n<p>&nbsp;<\/p>\n<p>&nbsp;<\/p>\n<p>&nbsp;<\/p>","protected":false},"excerpt":{"rendered":"<p data-start=\"0\" data-end=\"285\"><strong data-start=\"0\" data-end=\"42\">Nice military green linen in sheer viscose<\/strong> \ud83d\udc9a\u2728<br data-start=\"46\" data-end=\"49\" \/>A romantic tank top with a lovely \u201csilk feel\u201d to the fabric! Round neck with a slight gather that gives a nice drape \ud83d\udcab The tank top is made of thin, sheer material and has a <strong data-start=\"198\" data-end=\"221\">sewn-on jersey<\/strong> inside which is a little shorter \u2013 comfortable and stylish at the same time \ud83d\ude0d<\/p>\n<p data-start=\"287\" data-end=\"356\">The small sewn-on flowers on the shoulder straps add an extra cute detail \ud83c\udf38\ud83d\udc9a<\/p>\n<p data-start=\"358\" data-end=\"455\">\u2705 Rounded neck with slight wrinkle<br data-start=\"385\" data-end=\"388\" \/>\u2705 Sewn-in jersey (shorter)<br data-start=\"419\" data-end=\"422\" \/>\u2705 Floral details on the shoulder straps \ud83c\udf38<\/p>\n<p data-start=\"457\" data-end=\"526\">\ud83d\udccf <strong data-start=\"460\" data-end=\"470\">Length:<\/strong> 53 cm (from shoulder)<br data-start=\"488\" data-end=\"491\" \/>\ud83d\udccc <strong data-start=\"494\" data-end=\"507\">Fit:<\/strong> Normal in size<\/p>\n<p data-start=\"528\" data-end=\"580\" data-is-last-node=\"\" data-is-only-node=\"\"><strong data-start=\"528\" data-end=\"541\">Material:<\/strong> 100% viscose \ud83e\uddf5<br data-start=\"557\" data-end=\"560\" \/><strong data-start=\"560\" data-end=\"573\">Washing instructions:<\/strong> 30\u00b0 \ud83e\uddfa<\/p>","protected":false},"featured_media":1023801,"comment_status":"closed","ping_status":"closed","template":"","meta":[],"product_brand":[],"product_cat":[205],"product_tag":[],"class_list":{"0":"post-1023803","1":"product","2":"type-product","3":"status-publish","4":"has-post-thumbnail","6":"product_cat-linne","8":"first","9":"instock","10":"taxable","11":"shipping-taxable","12":"purchasable","13":"product-type-variable"},"yoast_head":"<!-- This site is optimized with the Yoast SEO Premium plugin v27.1 (Yoast SEO v27.4) - https:\/\/yoast.com\/product\/yoast-seo-premium-wordpress\/ -->\n<title>Fint milit\u00e4rgr\u00f6nt linne i skir viscose \ud83d\udc9a\u2728 - Stil &amp; Design<\/title>\n<meta name=\"description\" content=\"H\u00e4rliga bl\u00e5jeans med ljusa slitningar\" \/>\n<meta name=\"robots\" content=\"index, follow, max-snippet:-1, max-image-preview:large, max-video-preview:-1\" \/>\n<link rel=\"canonical\" href=\"https:\/\/stilanddesign.se\/en\/product\/militargront-linne-med-blommor-pa-axelbanden\/\" \/>\n<meta property=\"og:locale\" content=\"en_US\" \/>\n<meta property=\"og:type\" content=\"article\" \/>\n<meta property=\"og:title\" content=\"Fint milit\u00e4rgr\u00f6nt linne i skir viscose \ud83d\udc9a\u2728\" \/>\n<meta property=\"og:description\" content=\"H\u00e4rliga bl\u00e5jeans med ljusa slitningar\" \/>\n<meta property=\"og:url\" content=\"https:\/\/stilanddesign.se\/en\/product\/militargront-linne-med-blommor-pa-axelbanden\/\" \/>\n<meta property=\"og:site_name\" content=\"Stil &amp; Design\" \/>\n<meta property=\"article:modified_time\" content=\"2026-03-01T09:05:00+00:00\" \/>\n<meta property=\"og:image\" content=\"https:\/\/stilanddesign.se\/wp-content\/uploads\/2025\/01\/565644444.jpg\" \/>\n\t<meta property=\"og:image:width\" content=\"1000\" \/>\n\t<meta property=\"og:image:height\" content=\"1000\" \/>\n\t<meta property=\"og:image:type\" content=\"image\/jpeg\" \/>\n<meta name=\"twitter:card\" content=\"summary_large_image\" \/>\n<meta name=\"twitter:label1\" content=\"Est. reading time\" \/>\n\t<meta name=\"twitter:data1\" content=\"1 minute\" \/>\n<script type=\"application\/ld+json\" class=\"yoast-schema-graph\">{\"@context\":\"https:\\\/\\\/schema.org\",\"@graph\":[{\"@type\":\"WebPage\",\"@id\":\"https:\\\/\\\/stilanddesign.se\\\/produkt\\\/militargront-linne-med-blommor-pa-axelbanden\\\/\",\"url\":\"https:\\\/\\\/stilanddesign.se\\\/produkt\\\/militargront-linne-med-blommor-pa-axelbanden\\\/\",\"name\":\"Fint milit\u00e4rgr\u00f6nt linne i skir viscose \ud83d\udc9a\u2728 - Stil &amp; Design\",\"isPartOf\":{\"@id\":\"https:\\\/\\\/stilanddesign.se\\\/#website\"},\"primaryImageOfPage\":{\"@id\":\"https:\\\/\\\/stilanddesign.se\\\/produkt\\\/militargront-linne-med-blommor-pa-axelbanden\\\/#primaryimage\"},\"image\":{\"@id\":\"https:\\\/\\\/stilanddesign.se\\\/produkt\\\/militargront-linne-med-blommor-pa-axelbanden\\\/#primaryimage\"},\"thumbnailUrl\":\"https:\\\/\\\/stilanddesign.se\\\/wp-content\\\/uploads\\\/2025\\\/01\\\/565644444.jpg\",\"datePublished\":\"2026-02-18T10:07:19+00:00\",\"dateModified\":\"2026-03-01T09:05:00+00:00\",\"description\":\"H\u00e4rliga bl\u00e5jeans med ljusa slitningar\",\"breadcrumb\":{\"@id\":\"https:\\\/\\\/stilanddesign.se\\\/produkt\\\/militargront-linne-med-blommor-pa-axelbanden\\\/#breadcrumb\"},\"inLanguage\":\"en-US\",\"potentialAction\":[{\"@type\":\"ReadAction\",\"target\":[\"https:\\\/\\\/stilanddesign.se\\\/produkt\\\/militargront-linne-med-blommor-pa-axelbanden\\\/\"]}]},{\"@type\":\"ImageObject\",\"inLanguage\":\"en-US\",\"@id\":\"https:\\\/\\\/stilanddesign.se\\\/produkt\\\/militargront-linne-med-blommor-pa-axelbanden\\\/#primaryimage\",\"url\":\"https:\\\/\\\/stilanddesign.se\\\/wp-content\\\/uploads\\\/2025\\\/01\\\/565644444.jpg\",\"contentUrl\":\"https:\\\/\\\/stilanddesign.se\\\/wp-content\\\/uploads\\\/2025\\\/01\\\/565644444.jpg\",\"width\":1000,\"height\":1000,\"caption\":\"Milit\u00e4rgr\u00f6nt linne med blommor p\u00e5 axelbanden\"},{\"@type\":\"BreadcrumbList\",\"@id\":\"https:\\\/\\\/stilanddesign.se\\\/produkt\\\/militargront-linne-med-blommor-pa-axelbanden\\\/#breadcrumb\",\"itemListElement\":[{\"@type\":\"ListItem\",\"position\":1,\"name\":\"Hem\",\"item\":\"https:\\\/\\\/stilanddesign.se\\\/\"},{\"@type\":\"ListItem\",\"position\":2,\"name\":\"Butiken\",\"item\":\"https:\\\/\\\/stilanddesign.se\\\/butiken\\\/\"},{\"@type\":\"ListItem\",\"position\":3,\"name\":\"Fint milit\u00e4rgr\u00f6nt linne i skir viscose \ud83d\udc9a\u2728\"}]},{\"@type\":\"WebSite\",\"@id\":\"https:\\\/\\\/stilanddesign.se\\\/#website\",\"url\":\"https:\\\/\\\/stilanddesign.se\\\/\",\"name\":\"Stil &amp; Design\",\"description\":\"F\u00f6r oss som \u00e4lskar mode!\",\"publisher\":{\"@id\":\"https:\\\/\\\/stilanddesign.se\\\/#organization\"},\"potentialAction\":[{\"@type\":\"SearchAction\",\"target\":{\"@type\":\"EntryPoint\",\"urlTemplate\":\"https:\\\/\\\/stilanddesign.se\\\/?s={search_term_string}\"},\"query-input\":{\"@type\":\"PropertyValueSpecification\",\"valueRequired\":true,\"valueName\":\"search_term_string\"}}],\"inLanguage\":\"en-US\"},{\"@type\":\"Organization\",\"@id\":\"https:\\\/\\\/stilanddesign.se\\\/#organization\",\"name\":\"Stil &amp; Design\",\"url\":\"https:\\\/\\\/stilanddesign.se\\\/\",\"logo\":{\"@type\":\"ImageObject\",\"inLanguage\":\"en-US\",\"@id\":\"https:\\\/\\\/stilanddesign.se\\\/#\\\/schema\\\/logo\\\/image\\\/\",\"url\":\"https:\\\/\\\/stilanddesign.se\\\/wp-content\\\/uploads\\\/2023\\\/12\\\/output-onlinepngtools-e1727784413220.png\",\"contentUrl\":\"https:\\\/\\\/stilanddesign.se\\\/wp-content\\\/uploads\\\/2023\\\/12\\\/output-onlinepngtools-e1727784413220.png\",\"width\":519,\"height\":135,\"caption\":\"Stil &amp; Design\"},\"image\":{\"@id\":\"https:\\\/\\\/stilanddesign.se\\\/#\\\/schema\\\/logo\\\/image\\\/\"}}]}<\/script>\n<!-- \/ Yoast SEO Premium plugin. -->","yoast_head_json":{"title":"Fint milit\u00e4rgr\u00f6nt linne i skir viscose \ud83d\udc9a\u2728 - Stil &amp; Design","description":"H\u00e4rliga bl\u00e5jeans med ljusa slitningar","robots":{"index":"index","follow":"follow","max-snippet":"max-snippet:-1","max-image-preview":"max-image-preview:large","max-video-preview":"max-video-preview:-1"},"canonical":"https:\/\/stilanddesign.se\/en\/product\/militargront-linne-med-blommor-pa-axelbanden\/","og_locale":"en_US","og_type":"article","og_title":"Fint milit\u00e4rgr\u00f6nt linne i skir viscose \ud83d\udc9a\u2728","og_description":"H\u00e4rliga bl\u00e5jeans med ljusa slitningar","og_url":"https:\/\/stilanddesign.se\/en\/product\/militargront-linne-med-blommor-pa-axelbanden\/","og_site_name":"Stil &amp; Design","article_modified_time":"2026-03-01T09:05:00+00:00","og_image":[{"width":1000,"height":1000,"url":"https:\/\/stilanddesign.se\/wp-content\/uploads\/2025\/01\/565644444.jpg","type":"image\/jpeg"}],"twitter_card":"summary_large_image","twitter_misc":{"Est. reading time":"1 minute"},"schema":{"@context":"https:\/\/schema.org","@graph":[{"@type":"WebPage","@id":"https:\/\/stilanddesign.se\/produkt\/militargront-linne-med-blommor-pa-axelbanden\/","url":"https:\/\/stilanddesign.se\/produkt\/militargront-linne-med-blommor-pa-axelbanden\/","name":"Fint milit\u00e4rgr\u00f6nt linne i skir viscose \ud83d\udc9a\u2728 - Stil &amp; Design","isPartOf":{"@id":"https:\/\/stilanddesign.se\/#website"},"primaryImageOfPage":{"@id":"https:\/\/stilanddesign.se\/produkt\/militargront-linne-med-blommor-pa-axelbanden\/#primaryimage"},"image":{"@id":"https:\/\/stilanddesign.se\/produkt\/militargront-linne-med-blommor-pa-axelbanden\/#primaryimage"},"thumbnailUrl":"https:\/\/stilanddesign.se\/wp-content\/uploads\/2025\/01\/565644444.jpg","datePublished":"2026-02-18T10:07:19+00:00","dateModified":"2026-03-01T09:05:00+00:00","description":"H\u00e4rliga bl\u00e5jeans med ljusa slitningar","breadcrumb":{"@id":"https:\/\/stilanddesign.se\/produkt\/militargront-linne-med-blommor-pa-axelbanden\/#breadcrumb"},"inLanguage":"en-US","potentialAction":[{"@type":"ReadAction","target":["https:\/\/stilanddesign.se\/produkt\/militargront-linne-med-blommor-pa-axelbanden\/"]}]},{"@type":"ImageObject","inLanguage":"en-US","@id":"https:\/\/stilanddesign.se\/produkt\/militargront-linne-med-blommor-pa-axelbanden\/#primaryimage","url":"https:\/\/stilanddesign.se\/wp-content\/uploads\/2025\/01\/565644444.jpg","contentUrl":"https:\/\/stilanddesign.se\/wp-content\/uploads\/2025\/01\/565644444.jpg","width":1000,"height":1000,"caption":"Milit\u00e4rgr\u00f6nt linne med blommor p\u00e5 axelbanden"},{"@type":"BreadcrumbList","@id":"https:\/\/stilanddesign.se\/produkt\/militargront-linne-med-blommor-pa-axelbanden\/#breadcrumb","itemListElement":[{"@type":"ListItem","position":1,"name":"Hem","item":"https:\/\/stilanddesign.se\/"},{"@type":"ListItem","position":2,"name":"Butiken","item":"https:\/\/stilanddesign.se\/butiken\/"},{"@type":"ListItem","position":3,"name":"Fint milit\u00e4rgr\u00f6nt linne i skir viscose \ud83d\udc9a\u2728"}]},{"@type":"WebSite","@id":"https:\/\/stilanddesign.se\/#website","url":"https:\/\/stilanddesign.se\/","name":"Style &amp; Design","description":"For those of us who love fashion!","publisher":{"@id":"https:\/\/stilanddesign.se\/#organization"},"potentialAction":[{"@type":"SearchAction","target":{"@type":"EntryPoint","urlTemplate":"https:\/\/stilanddesign.se\/?s={search_term_string}"},"query-input":{"@type":"PropertyValueSpecification","valueRequired":true,"valueName":"search_term_string"}}],"inLanguage":"en-US"},{"@type":"Organization","@id":"https:\/\/stilanddesign.se\/#organization","name":"Style &amp; Design","url":"https:\/\/stilanddesign.se\/","logo":{"@type":"ImageObject","inLanguage":"en-US","@id":"https:\/\/stilanddesign.se\/#\/schema\/logo\/image\/","url":"https:\/\/stilanddesign.se\/wp-content\/uploads\/2023\/12\/output-onlinepngtools-e1727784413220.png","contentUrl":"https:\/\/stilanddesign.se\/wp-content\/uploads\/2023\/12\/output-onlinepngtools-e1727784413220.png","width":519,"height":135,"caption":"Stil &amp; Design"},"image":{"@id":"https:\/\/stilanddesign.se\/#\/schema\/logo\/image\/"}}]}},"_links":{"self":[{"href":"https:\/\/stilanddesign.se\/en\/wp-json\/wp\/v2\/product\/1023803","targetHints":{"allow":["GET"]}}],"collection":[{"href":"https:\/\/stilanddesign.se\/en\/wp-json\/wp\/v2\/product"}],"about":[{"href":"https:\/\/stilanddesign.se\/en\/wp-json\/wp\/v2\/types\/product"}],"replies":[{"embeddable":true,"href":"https:\/\/stilanddesign.se\/en\/wp-json\/wp\/v2\/comments?post=1023803"}],"wp:featuredmedia":[{"embeddable":true,"href":"https:\/\/stilanddesign.se\/en\/wp-json\/wp\/v2\/media\/1023801"}],"wp:attachment":[{"href":"https:\/\/stilanddesign.se\/en\/wp-json\/wp\/v2\/media?parent=1023803"}],"wp:term":[{"taxonomy":"product_brand","embeddable":true,"href":"https:\/\/stilanddesign.se\/en\/wp-json\/wp\/v2\/product_brand?post=1023803"},{"taxonomy":"product_cat","embeddable":true,"href":"https:\/\/stilanddesign.se\/en\/wp-json\/wp\/v2\/product_cat?post=1023803"},{"taxonomy":"product_tag","embeddable":true,"href":"https:\/\/stilanddesign.se\/en\/wp-json\/wp\/v2\/product_tag?post=1023803"}],"curies":[{"name":"wp","href":"https:\/\/api.w.org\/{rel}","templated":true}]}}