{"id":1013539,"date":"2024-11-09T17:52:57","date_gmt":"2024-11-09T16:52:57","guid":{"rendered":"https:\/\/stilanddesign.se\/?post_type=product&#038;p=1013539"},"modified":"2025-04-23T01:25:34","modified_gmt":"2025-04-22T23:25:34","slug":"klassisk-kavaj-f-sisters-point-2","status":"publish","type":"product","link":"https:\/\/stilanddesign.se\/en\/product\/klassisk-kavaj-f-sisters-point-2\/","title":{"rendered":"Classic blazer f Sisters Point!"},"content":{"rendered":"<h1 class=\"alt-font\"><strong>Classic blazer f Sisters Point!<\/strong><\/h1>\n<p>Kavajen \u00e4r croppad.<\/p>\n<p>Blazern har en djup v-ringning, en ficka p\u00e5 br\u00f6stet och en knappst\u00e4ngning.<\/p>\n<div id=\"color\"><\/div>\n<div id=\"material\">Material<\/div>\n<div>95% polyester 5% elastane<\/div>","protected":false},"excerpt":{"rendered":"<h1 class=\"alt-font\"><strong>Classic blazer f Sisters Point!<\/strong><\/h1>\n<p>Kavajen \u00e4r croppad.<\/p>\n<p>Blazern har en djup v-ringning, en ficka p\u00e5 br\u00f6stet och en knappst\u00e4ngning.<\/p>\n<div id=\"color\"><\/div>\n<div id=\"material\">Material<\/div>\n<div>95% polyester 5% elastane<\/div>","protected":false},"featured_media":1013546,"comment_status":"closed","ping_status":"closed","template":"","meta":[],"product_brand":[],"product_cat":[212],"product_tag":[],"class_list":{"0":"post-1013539","1":"product","2":"type-product","3":"status-publish","4":"has-post-thumbnail","6":"product_cat-kavajer","8":"first","9":"outofstock","10":"taxable","11":"shipping-taxable","12":"product-type-variable"},"yoast_head":"<!-- This site is optimized with the Yoast SEO Premium plugin v27.1 (Yoast SEO v27.4) - https:\/\/yoast.com\/product\/yoast-seo-premium-wordpress\/ -->\n<title>Klassisk kavaj f Sisters Point! - Stil &amp; Design<\/title>\n<meta name=\"robots\" content=\"index, follow, max-snippet:-1, max-image-preview:large, max-video-preview:-1\" \/>\n<link rel=\"canonical\" href=\"https:\/\/stilanddesign.se\/en\/product\/klassisk-kavaj-f-sisters-point-2\/\" \/>\n<meta property=\"og:locale\" content=\"en_US\" \/>\n<meta property=\"og:type\" content=\"article\" \/>\n<meta property=\"og:title\" content=\"Klassisk kavaj f Sisters Point!\" \/>\n<meta property=\"og:description\" content=\"Klassisk kavaj f Sisters Point! Kavajen \u00e4r croppad.  Blazern har en djup v-ringning, en ficka p\u00e5 br\u00f6stet och en knappst\u00e4ngning.  Material 95% polyester 5% elastan\" \/>\n<meta property=\"og:url\" content=\"https:\/\/stilanddesign.se\/en\/product\/klassisk-kavaj-f-sisters-point-2\/\" \/>\n<meta property=\"og:site_name\" content=\"Stil &amp; Design\" \/>\n<meta property=\"article:modified_time\" content=\"2025-04-22T23:25:34+00:00\" \/>\n<meta property=\"og:image\" content=\"https:\/\/stilanddesign.se\/wp-content\/uploads\/2024\/11\/10-vegal-s.bl_900x1300c-3.jpg\" \/>\n\t<meta property=\"og:image:width\" content=\"900\" \/>\n\t<meta property=\"og:image:height\" content=\"1300\" \/>\n\t<meta property=\"og:image:type\" content=\"image\/jpeg\" \/>\n<meta name=\"twitter:card\" content=\"summary_large_image\" \/>\n<meta name=\"twitter:label1\" content=\"Est. reading time\" \/>\n\t<meta name=\"twitter:data1\" content=\"1 minute\" \/>\n<script type=\"application\/ld+json\" class=\"yoast-schema-graph\">{\"@context\":\"https:\\\/\\\/schema.org\",\"@graph\":[{\"@type\":\"WebPage\",\"@id\":\"https:\\\/\\\/stilanddesign.se\\\/produkt\\\/klassisk-kavaj-f-sisters-point-2\\\/\",\"url\":\"https:\\\/\\\/stilanddesign.se\\\/produkt\\\/klassisk-kavaj-f-sisters-point-2\\\/\",\"name\":\"Klassisk kavaj f Sisters Point! - Stil &amp; Design\",\"isPartOf\":{\"@id\":\"https:\\\/\\\/stilanddesign.se\\\/#website\"},\"primaryImageOfPage\":{\"@id\":\"https:\\\/\\\/stilanddesign.se\\\/produkt\\\/klassisk-kavaj-f-sisters-point-2\\\/#primaryimage\"},\"image\":{\"@id\":\"https:\\\/\\\/stilanddesign.se\\\/produkt\\\/klassisk-kavaj-f-sisters-point-2\\\/#primaryimage\"},\"thumbnailUrl\":\"https:\\\/\\\/stilanddesign.se\\\/wp-content\\\/uploads\\\/2024\\\/11\\\/10-vegal-s.bl_900x1300c-3.jpg\",\"datePublished\":\"2024-11-09T16:52:57+00:00\",\"dateModified\":\"2025-04-22T23:25:34+00:00\",\"breadcrumb\":{\"@id\":\"https:\\\/\\\/stilanddesign.se\\\/produkt\\\/klassisk-kavaj-f-sisters-point-2\\\/#breadcrumb\"},\"inLanguage\":\"en-US\",\"potentialAction\":[{\"@type\":\"ReadAction\",\"target\":[\"https:\\\/\\\/stilanddesign.se\\\/produkt\\\/klassisk-kavaj-f-sisters-point-2\\\/\"]}]},{\"@type\":\"ImageObject\",\"inLanguage\":\"en-US\",\"@id\":\"https:\\\/\\\/stilanddesign.se\\\/produkt\\\/klassisk-kavaj-f-sisters-point-2\\\/#primaryimage\",\"url\":\"https:\\\/\\\/stilanddesign.se\\\/wp-content\\\/uploads\\\/2024\\\/11\\\/10-vegal-s.bl_900x1300c-3.jpg\",\"contentUrl\":\"https:\\\/\\\/stilanddesign.se\\\/wp-content\\\/uploads\\\/2024\\\/11\\\/10-vegal-s.bl_900x1300c-3.jpg\",\"width\":900,\"height\":1300},{\"@type\":\"BreadcrumbList\",\"@id\":\"https:\\\/\\\/stilanddesign.se\\\/produkt\\\/klassisk-kavaj-f-sisters-point-2\\\/#breadcrumb\",\"itemListElement\":[{\"@type\":\"ListItem\",\"position\":1,\"name\":\"Hem\",\"item\":\"https:\\\/\\\/stilanddesign.se\\\/\"},{\"@type\":\"ListItem\",\"position\":2,\"name\":\"Butiken\",\"item\":\"https:\\\/\\\/stilanddesign.se\\\/butiken\\\/\"},{\"@type\":\"ListItem\",\"position\":3,\"name\":\"Klassisk kavaj f Sisters Point!\"}]},{\"@type\":\"WebSite\",\"@id\":\"https:\\\/\\\/stilanddesign.se\\\/#website\",\"url\":\"https:\\\/\\\/stilanddesign.se\\\/\",\"name\":\"Stil &amp; Design\",\"description\":\"F\u00f6r oss som \u00e4lskar mode!\",\"publisher\":{\"@id\":\"https:\\\/\\\/stilanddesign.se\\\/#organization\"},\"potentialAction\":[{\"@type\":\"SearchAction\",\"target\":{\"@type\":\"EntryPoint\",\"urlTemplate\":\"https:\\\/\\\/stilanddesign.se\\\/?s={search_term_string}\"},\"query-input\":{\"@type\":\"PropertyValueSpecification\",\"valueRequired\":true,\"valueName\":\"search_term_string\"}}],\"inLanguage\":\"en-US\"},{\"@type\":\"Organization\",\"@id\":\"https:\\\/\\\/stilanddesign.se\\\/#organization\",\"name\":\"Stil &amp; Design\",\"url\":\"https:\\\/\\\/stilanddesign.se\\\/\",\"logo\":{\"@type\":\"ImageObject\",\"inLanguage\":\"en-US\",\"@id\":\"https:\\\/\\\/stilanddesign.se\\\/#\\\/schema\\\/logo\\\/image\\\/\",\"url\":\"https:\\\/\\\/stilanddesign.se\\\/wp-content\\\/uploads\\\/2023\\\/12\\\/output-onlinepngtools-e1727784413220.png\",\"contentUrl\":\"https:\\\/\\\/stilanddesign.se\\\/wp-content\\\/uploads\\\/2023\\\/12\\\/output-onlinepngtools-e1727784413220.png\",\"width\":519,\"height\":135,\"caption\":\"Stil &amp; Design\"},\"image\":{\"@id\":\"https:\\\/\\\/stilanddesign.se\\\/#\\\/schema\\\/logo\\\/image\\\/\"}}]}<\/script>\n<!-- \/ Yoast SEO Premium plugin. -->","yoast_head_json":{"title":"Klassisk kavaj f Sisters Point! - Stil &amp; Design","robots":{"index":"index","follow":"follow","max-snippet":"max-snippet:-1","max-image-preview":"max-image-preview:large","max-video-preview":"max-video-preview:-1"},"canonical":"https:\/\/stilanddesign.se\/en\/product\/klassisk-kavaj-f-sisters-point-2\/","og_locale":"en_US","og_type":"article","og_title":"Klassisk kavaj f Sisters Point!","og_description":"Klassisk kavaj f Sisters Point! Kavajen \u00e4r croppad.  Blazern har en djup v-ringning, en ficka p\u00e5 br\u00f6stet och en knappst\u00e4ngning.  Material 95% polyester 5% elastan","og_url":"https:\/\/stilanddesign.se\/en\/product\/klassisk-kavaj-f-sisters-point-2\/","og_site_name":"Stil &amp; Design","article_modified_time":"2025-04-22T23:25:34+00:00","og_image":[{"width":900,"height":1300,"url":"https:\/\/stilanddesign.se\/wp-content\/uploads\/2024\/11\/10-vegal-s.bl_900x1300c-3.jpg","type":"image\/jpeg"}],"twitter_card":"summary_large_image","twitter_misc":{"Est. reading time":"1 minute"},"schema":{"@context":"https:\/\/schema.org","@graph":[{"@type":"WebPage","@id":"https:\/\/stilanddesign.se\/produkt\/klassisk-kavaj-f-sisters-point-2\/","url":"https:\/\/stilanddesign.se\/produkt\/klassisk-kavaj-f-sisters-point-2\/","name":"Klassisk kavaj f Sisters Point! - Stil &amp; Design","isPartOf":{"@id":"https:\/\/stilanddesign.se\/#website"},"primaryImageOfPage":{"@id":"https:\/\/stilanddesign.se\/produkt\/klassisk-kavaj-f-sisters-point-2\/#primaryimage"},"image":{"@id":"https:\/\/stilanddesign.se\/produkt\/klassisk-kavaj-f-sisters-point-2\/#primaryimage"},"thumbnailUrl":"https:\/\/stilanddesign.se\/wp-content\/uploads\/2024\/11\/10-vegal-s.bl_900x1300c-3.jpg","datePublished":"2024-11-09T16:52:57+00:00","dateModified":"2025-04-22T23:25:34+00:00","breadcrumb":{"@id":"https:\/\/stilanddesign.se\/produkt\/klassisk-kavaj-f-sisters-point-2\/#breadcrumb"},"inLanguage":"en-US","potentialAction":[{"@type":"ReadAction","target":["https:\/\/stilanddesign.se\/produkt\/klassisk-kavaj-f-sisters-point-2\/"]}]},{"@type":"ImageObject","inLanguage":"en-US","@id":"https:\/\/stilanddesign.se\/produkt\/klassisk-kavaj-f-sisters-point-2\/#primaryimage","url":"https:\/\/stilanddesign.se\/wp-content\/uploads\/2024\/11\/10-vegal-s.bl_900x1300c-3.jpg","contentUrl":"https:\/\/stilanddesign.se\/wp-content\/uploads\/2024\/11\/10-vegal-s.bl_900x1300c-3.jpg","width":900,"height":1300},{"@type":"BreadcrumbList","@id":"https:\/\/stilanddesign.se\/produkt\/klassisk-kavaj-f-sisters-point-2\/#breadcrumb","itemListElement":[{"@type":"ListItem","position":1,"name":"Hem","item":"https:\/\/stilanddesign.se\/"},{"@type":"ListItem","position":2,"name":"Butiken","item":"https:\/\/stilanddesign.se\/butiken\/"},{"@type":"ListItem","position":3,"name":"Klassisk kavaj f Sisters Point!"}]},{"@type":"WebSite","@id":"https:\/\/stilanddesign.se\/#website","url":"https:\/\/stilanddesign.se\/","name":"Style &amp; Design","description":"For those of us who love fashion!","publisher":{"@id":"https:\/\/stilanddesign.se\/#organization"},"potentialAction":[{"@type":"SearchAction","target":{"@type":"EntryPoint","urlTemplate":"https:\/\/stilanddesign.se\/?s={search_term_string}"},"query-input":{"@type":"PropertyValueSpecification","valueRequired":true,"valueName":"search_term_string"}}],"inLanguage":"en-US"},{"@type":"Organization","@id":"https:\/\/stilanddesign.se\/#organization","name":"Style &amp; Design","url":"https:\/\/stilanddesign.se\/","logo":{"@type":"ImageObject","inLanguage":"en-US","@id":"https:\/\/stilanddesign.se\/#\/schema\/logo\/image\/","url":"https:\/\/stilanddesign.se\/wp-content\/uploads\/2023\/12\/output-onlinepngtools-e1727784413220.png","contentUrl":"https:\/\/stilanddesign.se\/wp-content\/uploads\/2023\/12\/output-onlinepngtools-e1727784413220.png","width":519,"height":135,"caption":"Stil &amp; Design"},"image":{"@id":"https:\/\/stilanddesign.se\/#\/schema\/logo\/image\/"}}]}},"_links":{"self":[{"href":"https:\/\/stilanddesign.se\/en\/wp-json\/wp\/v2\/product\/1013539","targetHints":{"allow":["GET"]}}],"collection":[{"href":"https:\/\/stilanddesign.se\/en\/wp-json\/wp\/v2\/product"}],"about":[{"href":"https:\/\/stilanddesign.se\/en\/wp-json\/wp\/v2\/types\/product"}],"replies":[{"embeddable":true,"href":"https:\/\/stilanddesign.se\/en\/wp-json\/wp\/v2\/comments?post=1013539"}],"wp:featuredmedia":[{"embeddable":true,"href":"https:\/\/stilanddesign.se\/en\/wp-json\/wp\/v2\/media\/1013546"}],"wp:attachment":[{"href":"https:\/\/stilanddesign.se\/en\/wp-json\/wp\/v2\/media?parent=1013539"}],"wp:term":[{"taxonomy":"product_brand","embeddable":true,"href":"https:\/\/stilanddesign.se\/en\/wp-json\/wp\/v2\/product_brand?post=1013539"},{"taxonomy":"product_cat","embeddable":true,"href":"https:\/\/stilanddesign.se\/en\/wp-json\/wp\/v2\/product_cat?post=1013539"},{"taxonomy":"product_tag","embeddable":true,"href":"https:\/\/stilanddesign.se\/en\/wp-json\/wp\/v2\/product_tag?post=1013539"}],"curies":[{"name":"wp","href":"https:\/\/api.w.org\/{rel}","templated":true}]}}