{"id":1012993,"date":"2024-11-09T17:47:32","date_gmt":"2024-11-09T16:47:32","guid":{"rendered":"https:\/\/stilanddesign.se\/?post_type=product&#038;p=1012993"},"modified":"2025-04-23T01:38:22","modified_gmt":"2025-04-22T23:38:22","slug":"harliga-short-f-chica-london-m-blingknappar","status":"publish","type":"product","link":"https:\/\/stilanddesign.se\/en\/product\/harliga-short-f-chica-london-m-blingknappar\/","title":{"rendered":"Lovely shorts from Chica London with bling buttons!"},"content":{"rendered":"<h1 class=\"alt-font\"><strong>Lovely shorts from Chica London with bling buttons!<\/strong><\/h1>\n<p>Lovely stretchy, cotton shorts with bling buttons!<\/p>\n<p><strong>Dimensions of the sizes:<\/strong><\/p>\n<p><strong>S\/36<\/strong><\/p>\n<p>\u2022 Midjem\u00e5tt: ca 72 cm<\/p>\n<p>\u2022 Beninnerl\u00e4ngd: ca 17 cm.<\/p>\n<p>\u2022 Midjeh\u00f6jd, (Midja till gren.): ca 26 cm.<\/p>\n<p><strong>M\/38<\/strong><\/p>\n<p>\u2022 Midjem\u00e5tt: ca 74 cm<\/p>\n<p>\u2022 Beninnerl\u00e4ngd: ca 17 cm.<\/p>\n<p>\u2022 Midjeh\u00f6jd, (Midja till gren.): ca 27 cm.<\/p>\n<p><strong>L\/40<\/strong><\/p>\n<p>\u2022 Midjem\u00e5tt: ca 82 cm<\/p>\n<p>\u2022 Beninnerl\u00e4ngd: ca 18 cm.<\/p>\n<p>\u2022 Midjeh\u00f6jd, (Midja till gren.): ca 27 cm.<\/p>\n<p><strong>XL\/42<\/strong><\/p>\n<p>\u2022 Midjem\u00e5tt: ca 84 cm<\/p>\n<p>\u2022 Beninnerl\u00e4ngd: ca 18 cm.<\/p>\n<p>\u2022 Midjeh\u00f6jd, (Midja till gren.): ca 27 cm.<\/p>\n<p>XS\/34 &#8211; XL\/42, mer stora \u00e4n sm\u00e5 i storleken.<\/p>\n<table class=\"t1054qxn\">\n<tbody>\n<tr>\n<th>Paint<\/th>\n<td>White<\/td>\n<\/tr>\n<tr>\n<th>Washing instructions<\/th>\n<td>30<\/td>\n<\/tr>\n<tr>\n<th>Stretchy<\/th>\n<td>\n<div>Yes<\/div>\n<\/td>\n<\/tr>\n<tr>\n<th>Material<\/th>\n<td>98% Cotton, 2% Elastane<\/td>\n<\/tr>\n<\/tbody>\n<\/table>","protected":false},"excerpt":{"rendered":"<h1 class=\"alt-font\"><strong>Lovely shorts from Chica London with bling buttons!<\/strong><\/h1>\n<p>Lovely stretchy, cotton shorts with bling buttons!<\/p>\n<p><strong>Dimensions of the sizes:<\/strong><\/p>\n<p><strong>S\/36<\/strong><\/p>\n<p>\u2022 Midjem\u00e5tt: ca 72 cm<\/p>\n<p>\u2022 Beninnerl\u00e4ngd: ca 17 cm.<\/p>\n<p>\u2022 Midjeh\u00f6jd, (Midja till gren.): ca 26 cm.<\/p>\n<p><strong>M\/38<\/strong><\/p>\n<p>\u2022 Midjem\u00e5tt: ca 74 cm<\/p>\n<p>\u2022 Beninnerl\u00e4ngd: ca 17 cm.<\/p>\n<p>\u2022 Midjeh\u00f6jd, (Midja till gren.): ca 27 cm.<\/p>\n<p><strong>L\/40<\/strong><\/p>\n<p>\u2022 Midjem\u00e5tt: ca 82 cm<\/p>\n<p>\u2022 Beninnerl\u00e4ngd: ca 18 cm.<\/p>\n<p>\u2022 Midjeh\u00f6jd, (Midja till gren.): ca 27 cm.<\/p>\n<p><strong>XL\/42<\/strong><\/p>\n<p>\u2022 Midjem\u00e5tt: ca 84 cm<\/p>\n<p>\u2022 Beninnerl\u00e4ngd: ca 18 cm.<\/p>\n<p>\u2022 Midjeh\u00f6jd, (Midja till gren.): ca 27 cm.<\/p>\n<p>XS\/34 &#8211; XL\/42, mer stora \u00e4n sm\u00e5 i storleken.<\/p>\n<table class=\"t1054qxn\">\n<tbody>\n<tr>\n<th>Paint<\/th>\n<td>White<\/td>\n<\/tr>\n<tr>\n<th>Washing instructions<\/th>\n<td>30<\/td>\n<\/tr>\n<tr>\n<th>Stretchy<\/th>\n<td>\n<div>Yes<\/div>\n<\/td>\n<\/tr>\n<tr>\n<th>Material<\/th>\n<td>98% Cotton, 2% Elastane<\/td>\n<\/tr>\n<\/tbody>\n<\/table>","protected":false},"featured_media":1013010,"comment_status":"closed","ping_status":"closed","template":"","meta":[],"product_brand":[],"product_cat":[229],"product_tag":[],"class_list":{"0":"post-1012993","1":"product","2":"type-product","3":"status-publish","4":"has-post-thumbnail","6":"product_cat-shorts","8":"first","9":"outofstock","10":"taxable","11":"shipping-taxable","12":"product-type-variable"},"yoast_head":"<!-- This site is optimized with the Yoast SEO Premium plugin v27.4 (Yoast SEO v27.6) - https:\/\/yoast.com\/product\/yoast-seo-premium-wordpress\/ -->\n<title>H\u00e4rliga short f Chica London m Blingknappar! - Stil &amp; Design<\/title>\n<meta name=\"robots\" content=\"index, follow, max-snippet:-1, max-image-preview:large, max-video-preview:-1\" \/>\n<link rel=\"canonical\" href=\"https:\/\/stilanddesign.se\/en\/product\/harliga-short-f-chica-london-m-blingknappar\/\" \/>\n<meta property=\"og:locale\" content=\"en_US\" \/>\n<meta property=\"og:type\" content=\"article\" \/>\n<meta property=\"og:title\" content=\"H\u00e4rliga short f Chica London m Blingknappar!\" \/>\n<meta property=\"og:description\" content=\"H\u00e4rliga short f Chica London m Blingknappar! H\u00e4rliga stretchiga, bomullsshorts med blingknappar!  M\u00e5tt p\u00e5 storlekarna:  S\/36  \u2022 Midjem\u00e5tt: ca 72 cm  \u2022 Beninnerl\u00e4ngd: ca 17 cm.  \u2022 Midjeh\u00f6jd, (Midja till gren.): ca 26 cm.  M\/38  \u2022 Midjem\u00e5tt: ca 74 cm  \u2022 Beninnerl\u00e4ngd: ca 17 cm.  \u2022 Midjeh\u00f6jd, (Midja till gren.): ca 27 cm.  L\/40  \u2022 Midjem\u00e5tt: ca 82 cm  \u2022 Beninnerl\u00e4ngd: ca 18 cm.  \u2022 Midjeh\u00f6jd, (Midja till gren.): ca 27 cm.  XL\/42  \u2022 Midjem\u00e5tt: ca 84 cm  \u2022 Beninnerl\u00e4ngd: ca 18 cm.  \u2022 Midjeh\u00f6jd, (Midja till gren.): ca 27 cm.  XS\/34 - XL\/42, mer stora \u00e4n sm\u00e5 i storleken.    F\u00e4rg Vit   Tv\u00e4ttr\u00e5d 30   Stretchig  Ja   Material 98% Bomull, 2% Elastan\" \/>\n<meta property=\"og:url\" content=\"https:\/\/stilanddesign.se\/en\/product\/harliga-short-f-chica-london-m-blingknappar\/\" \/>\n<meta property=\"og:site_name\" content=\"Stil &amp; Design\" \/>\n<meta property=\"article:modified_time\" content=\"2025-04-22T23:38:22+00:00\" \/>\n<meta property=\"og:image\" content=\"https:\/\/stilanddesign.se\/wp-content\/uploads\/2024\/11\/S2321.jpg\" \/>\n\t<meta property=\"og:image:width\" content=\"775\" \/>\n\t<meta property=\"og:image:height\" content=\"1000\" \/>\n\t<meta property=\"og:image:type\" content=\"image\/jpeg\" \/>\n<meta name=\"twitter:card\" content=\"summary_large_image\" \/>\n<meta name=\"twitter:label1\" content=\"Est. reading time\" \/>\n\t<meta name=\"twitter:data1\" content=\"1 minute\" \/>\n<script type=\"application\/ld+json\" class=\"yoast-schema-graph\">{\"@context\":\"https:\\\/\\\/schema.org\",\"@graph\":[{\"@type\":\"WebPage\",\"@id\":\"https:\\\/\\\/stilanddesign.se\\\/produkt\\\/harliga-short-f-chica-london-m-blingknappar\\\/\",\"url\":\"https:\\\/\\\/stilanddesign.se\\\/produkt\\\/harliga-short-f-chica-london-m-blingknappar\\\/\",\"name\":\"H\u00e4rliga short f Chica London m Blingknappar! - Stil &amp; Design\",\"isPartOf\":{\"@id\":\"https:\\\/\\\/stilanddesign.se\\\/#website\"},\"primaryImageOfPage\":{\"@id\":\"https:\\\/\\\/stilanddesign.se\\\/produkt\\\/harliga-short-f-chica-london-m-blingknappar\\\/#primaryimage\"},\"image\":{\"@id\":\"https:\\\/\\\/stilanddesign.se\\\/produkt\\\/harliga-short-f-chica-london-m-blingknappar\\\/#primaryimage\"},\"thumbnailUrl\":\"https:\\\/\\\/stilanddesign.se\\\/wp-content\\\/uploads\\\/2024\\\/11\\\/S2321.jpg\",\"datePublished\":\"2024-11-09T16:47:32+00:00\",\"dateModified\":\"2025-04-22T23:38:22+00:00\",\"breadcrumb\":{\"@id\":\"https:\\\/\\\/stilanddesign.se\\\/produkt\\\/harliga-short-f-chica-london-m-blingknappar\\\/#breadcrumb\"},\"inLanguage\":\"en-US\",\"potentialAction\":[{\"@type\":\"ReadAction\",\"target\":[\"https:\\\/\\\/stilanddesign.se\\\/produkt\\\/harliga-short-f-chica-london-m-blingknappar\\\/\"]}]},{\"@type\":\"ImageObject\",\"inLanguage\":\"en-US\",\"@id\":\"https:\\\/\\\/stilanddesign.se\\\/produkt\\\/harliga-short-f-chica-london-m-blingknappar\\\/#primaryimage\",\"url\":\"https:\\\/\\\/stilanddesign.se\\\/wp-content\\\/uploads\\\/2024\\\/11\\\/S2321.jpg\",\"contentUrl\":\"https:\\\/\\\/stilanddesign.se\\\/wp-content\\\/uploads\\\/2024\\\/11\\\/S2321.jpg\",\"width\":775,\"height\":1000},{\"@type\":\"BreadcrumbList\",\"@id\":\"https:\\\/\\\/stilanddesign.se\\\/produkt\\\/harliga-short-f-chica-london-m-blingknappar\\\/#breadcrumb\",\"itemListElement\":[{\"@type\":\"ListItem\",\"position\":1,\"name\":\"Hem\",\"item\":\"https:\\\/\\\/stilanddesign.se\\\/\"},{\"@type\":\"ListItem\",\"position\":2,\"name\":\"Butiken\",\"item\":\"https:\\\/\\\/stilanddesign.se\\\/butiken\\\/\"},{\"@type\":\"ListItem\",\"position\":3,\"name\":\"H\u00e4rliga short f Chica London m Blingknappar!\"}]},{\"@type\":\"WebSite\",\"@id\":\"https:\\\/\\\/stilanddesign.se\\\/#website\",\"url\":\"https:\\\/\\\/stilanddesign.se\\\/\",\"name\":\"Stil &amp; Design\",\"description\":\"F\u00f6r oss som \u00e4lskar mode!\",\"publisher\":{\"@id\":\"https:\\\/\\\/stilanddesign.se\\\/#organization\"},\"potentialAction\":[{\"@type\":\"SearchAction\",\"target\":{\"@type\":\"EntryPoint\",\"urlTemplate\":\"https:\\\/\\\/stilanddesign.se\\\/?s={search_term_string}\"},\"query-input\":{\"@type\":\"PropertyValueSpecification\",\"valueRequired\":true,\"valueName\":\"search_term_string\"}}],\"inLanguage\":\"en-US\"},{\"@type\":\"Organization\",\"@id\":\"https:\\\/\\\/stilanddesign.se\\\/#organization\",\"name\":\"Stil &amp; Design\",\"url\":\"https:\\\/\\\/stilanddesign.se\\\/\",\"logo\":{\"@type\":\"ImageObject\",\"inLanguage\":\"en-US\",\"@id\":\"https:\\\/\\\/stilanddesign.se\\\/#\\\/schema\\\/logo\\\/image\\\/\",\"url\":\"https:\\\/\\\/stilanddesign.se\\\/wp-content\\\/uploads\\\/2023\\\/12\\\/output-onlinepngtools-e1727784413220.png\",\"contentUrl\":\"https:\\\/\\\/stilanddesign.se\\\/wp-content\\\/uploads\\\/2023\\\/12\\\/output-onlinepngtools-e1727784413220.png\",\"width\":519,\"height\":135,\"caption\":\"Stil &amp; Design\"},\"image\":{\"@id\":\"https:\\\/\\\/stilanddesign.se\\\/#\\\/schema\\\/logo\\\/image\\\/\"}}]}<\/script>\n<!-- \/ Yoast SEO Premium plugin. -->","yoast_head_json":{"title":"H\u00e4rliga short f Chica London m Blingknappar! - Stil &amp; Design","robots":{"index":"index","follow":"follow","max-snippet":"max-snippet:-1","max-image-preview":"max-image-preview:large","max-video-preview":"max-video-preview:-1"},"canonical":"https:\/\/stilanddesign.se\/en\/product\/harliga-short-f-chica-london-m-blingknappar\/","og_locale":"en_US","og_type":"article","og_title":"H\u00e4rliga short f Chica London m Blingknappar!","og_description":"H\u00e4rliga short f Chica London m Blingknappar! H\u00e4rliga stretchiga, bomullsshorts med blingknappar!  M\u00e5tt p\u00e5 storlekarna:  S\/36  \u2022 Midjem\u00e5tt: ca 72 cm  \u2022 Beninnerl\u00e4ngd: ca 17 cm.  \u2022 Midjeh\u00f6jd, (Midja till gren.): ca 26 cm.  M\/38  \u2022 Midjem\u00e5tt: ca 74 cm  \u2022 Beninnerl\u00e4ngd: ca 17 cm.  \u2022 Midjeh\u00f6jd, (Midja till gren.): ca 27 cm.  L\/40  \u2022 Midjem\u00e5tt: ca 82 cm  \u2022 Beninnerl\u00e4ngd: ca 18 cm.  \u2022 Midjeh\u00f6jd, (Midja till gren.): ca 27 cm.  XL\/42  \u2022 Midjem\u00e5tt: ca 84 cm  \u2022 Beninnerl\u00e4ngd: ca 18 cm.  \u2022 Midjeh\u00f6jd, (Midja till gren.): ca 27 cm.  XS\/34 - XL\/42, mer stora \u00e4n sm\u00e5 i storleken.    F\u00e4rg Vit   Tv\u00e4ttr\u00e5d 30   Stretchig  Ja   Material 98% Bomull, 2% Elastan","og_url":"https:\/\/stilanddesign.se\/en\/product\/harliga-short-f-chica-london-m-blingknappar\/","og_site_name":"Stil &amp; Design","article_modified_time":"2025-04-22T23:38:22+00:00","og_image":[{"width":775,"height":1000,"url":"https:\/\/stilanddesign.se\/wp-content\/uploads\/2024\/11\/S2321.jpg","type":"image\/jpeg"}],"twitter_card":"summary_large_image","twitter_misc":{"Est. reading time":"1 minute"},"schema":{"@context":"https:\/\/schema.org","@graph":[{"@type":"WebPage","@id":"https:\/\/stilanddesign.se\/produkt\/harliga-short-f-chica-london-m-blingknappar\/","url":"https:\/\/stilanddesign.se\/produkt\/harliga-short-f-chica-london-m-blingknappar\/","name":"H\u00e4rliga short f Chica London m Blingknappar! - Stil &amp; Design","isPartOf":{"@id":"https:\/\/stilanddesign.se\/#website"},"primaryImageOfPage":{"@id":"https:\/\/stilanddesign.se\/produkt\/harliga-short-f-chica-london-m-blingknappar\/#primaryimage"},"image":{"@id":"https:\/\/stilanddesign.se\/produkt\/harliga-short-f-chica-london-m-blingknappar\/#primaryimage"},"thumbnailUrl":"https:\/\/stilanddesign.se\/wp-content\/uploads\/2024\/11\/S2321.jpg","datePublished":"2024-11-09T16:47:32+00:00","dateModified":"2025-04-22T23:38:22+00:00","breadcrumb":{"@id":"https:\/\/stilanddesign.se\/produkt\/harliga-short-f-chica-london-m-blingknappar\/#breadcrumb"},"inLanguage":"en-US","potentialAction":[{"@type":"ReadAction","target":["https:\/\/stilanddesign.se\/produkt\/harliga-short-f-chica-london-m-blingknappar\/"]}]},{"@type":"ImageObject","inLanguage":"en-US","@id":"https:\/\/stilanddesign.se\/produkt\/harliga-short-f-chica-london-m-blingknappar\/#primaryimage","url":"https:\/\/stilanddesign.se\/wp-content\/uploads\/2024\/11\/S2321.jpg","contentUrl":"https:\/\/stilanddesign.se\/wp-content\/uploads\/2024\/11\/S2321.jpg","width":775,"height":1000},{"@type":"BreadcrumbList","@id":"https:\/\/stilanddesign.se\/produkt\/harliga-short-f-chica-london-m-blingknappar\/#breadcrumb","itemListElement":[{"@type":"ListItem","position":1,"name":"Hem","item":"https:\/\/stilanddesign.se\/"},{"@type":"ListItem","position":2,"name":"Butiken","item":"https:\/\/stilanddesign.se\/butiken\/"},{"@type":"ListItem","position":3,"name":"H\u00e4rliga short f Chica London m Blingknappar!"}]},{"@type":"WebSite","@id":"https:\/\/stilanddesign.se\/#website","url":"https:\/\/stilanddesign.se\/","name":"Style &amp; Design","description":"For those of us who love fashion!","publisher":{"@id":"https:\/\/stilanddesign.se\/#organization"},"potentialAction":[{"@type":"SearchAction","target":{"@type":"EntryPoint","urlTemplate":"https:\/\/stilanddesign.se\/?s={search_term_string}"},"query-input":{"@type":"PropertyValueSpecification","valueRequired":true,"valueName":"search_term_string"}}],"inLanguage":"en-US"},{"@type":"Organization","@id":"https:\/\/stilanddesign.se\/#organization","name":"Style &amp; Design","url":"https:\/\/stilanddesign.se\/","logo":{"@type":"ImageObject","inLanguage":"en-US","@id":"https:\/\/stilanddesign.se\/#\/schema\/logo\/image\/","url":"https:\/\/stilanddesign.se\/wp-content\/uploads\/2023\/12\/output-onlinepngtools-e1727784413220.png","contentUrl":"https:\/\/stilanddesign.se\/wp-content\/uploads\/2023\/12\/output-onlinepngtools-e1727784413220.png","width":519,"height":135,"caption":"Stil &amp; Design"},"image":{"@id":"https:\/\/stilanddesign.se\/#\/schema\/logo\/image\/"}}]}},"_links":{"self":[{"href":"https:\/\/stilanddesign.se\/en\/wp-json\/wp\/v2\/product\/1012993","targetHints":{"allow":["GET"]}}],"collection":[{"href":"https:\/\/stilanddesign.se\/en\/wp-json\/wp\/v2\/product"}],"about":[{"href":"https:\/\/stilanddesign.se\/en\/wp-json\/wp\/v2\/types\/product"}],"replies":[{"embeddable":true,"href":"https:\/\/stilanddesign.se\/en\/wp-json\/wp\/v2\/comments?post=1012993"}],"wp:featuredmedia":[{"embeddable":true,"href":"https:\/\/stilanddesign.se\/en\/wp-json\/wp\/v2\/media\/1013010"}],"wp:attachment":[{"href":"https:\/\/stilanddesign.se\/en\/wp-json\/wp\/v2\/media?parent=1012993"}],"wp:term":[{"taxonomy":"product_brand","embeddable":true,"href":"https:\/\/stilanddesign.se\/en\/wp-json\/wp\/v2\/product_brand?post=1012993"},{"taxonomy":"product_cat","embeddable":true,"href":"https:\/\/stilanddesign.se\/en\/wp-json\/wp\/v2\/product_cat?post=1012993"},{"taxonomy":"product_tag","embeddable":true,"href":"https:\/\/stilanddesign.se\/en\/wp-json\/wp\/v2\/product_tag?post=1012993"}],"curies":[{"name":"wp","href":"https:\/\/api.w.org\/{rel}","templated":true}]}}