{"id":1010452,"date":"2025-05-30T09:34:14","date_gmt":"2025-05-30T07:34:14","guid":{"rendered":"https:\/\/stilanddesign.se\/?post_type=product&#038;p=1010452"},"modified":"2025-06-03T12:06:26","modified_gmt":"2025-06-03T10:06:26","slug":"fantastiskt-snygg-skjorta-f-marta-du-chateau-m-linne-look-4","status":"publish","type":"product","link":"https:\/\/stilanddesign.se\/en\/product\/fantastiskt-snygg-skjorta-f-marta-du-chateau-m-linne-look-4\/","title":{"rendered":"Fantastically stylish shirt from Marta Du Chateau with Linn\u00e9 Look!"},"content":{"rendered":"<h1 class=\"alt-font\"><strong>Fantastically stylish shirt from Marta Du Chateau with Linn\u00e9 Look!<\/strong><\/h1>\n<p>Unique shirt in our own design in our unique collaboration with Marta Du Chateau, this shirt with comfortable &amp; simple design that offers a relaxed elegance. The shirt is suitable for both everyday and finer occasions. The shirt&#039;s simple design and discreet model make it easy to match with all other garments in our range<\/p>\n<p><strong>Paint:<\/strong> Skyblue <strong>Fit:<\/strong>\u00a0Normal<br \/>\n<strong>Material:<\/strong>\u00a0100% Cotton<\/p>\n<p><button class=\"label collapsible-trigger collapsible-trigger-btn collapsible-trigger-btn--borders collapsible--auto-height is-open\" type=\"button\" aria-controls=\"Product-content-a396ff60-8dab-4ad3-befc-b382d94dd0fc9089355055448\" aria-expanded=\"true\">Washing instructions<\/button><\/p>\n<div id=\"Product-content-a396ff60-8dab-4ad3-befc-b382d94dd0fc9089355055448\" class=\"collapsible-content collapsible-content--all is-open\">\n<div class=\"collapsible-content__inner rte\">\n<p><strong>Bleaching:<\/strong> Must not be bleached<br \/>\n<strong>Ironing:<\/strong>\u00a0\u2013<br \/>\n<strong>Tumble dryer:<\/strong>\u00a0\u2013<br \/>\n<strong>Washing instructions:<\/strong> 30 degrees<\/p>\n<\/div>\n<\/div>","protected":false},"excerpt":{"rendered":"<h1 class=\"alt-font\"><strong>Fantastically stylish shirt from Marta Du Chateau with Linn\u00e9 Look!<\/strong><\/h1>\n<p>Unique shirt in our own design in our unique collaboration with Marta Du Chateau, this shirt with comfortable &amp; simple design that offers a relaxed elegance. The shirt is suitable for both everyday and finer occasions. The shirt&#039;s simple design and discreet model make it easy to match with all other garments in our range<\/p>\n<p><strong>Paint:<\/strong> Skyblue <strong>Fit:<\/strong>\u00a0Normal<br \/>\n<strong>Material:<\/strong>\u00a0100% Cotton<\/p>\n<p><button class=\"label collapsible-trigger collapsible-trigger-btn collapsible-trigger-btn--borders collapsible--auto-height is-open\" type=\"button\" aria-controls=\"Product-content-a396ff60-8dab-4ad3-befc-b382d94dd0fc9089355055448\" aria-expanded=\"true\">Washing instructions<\/button><\/p>\n<div id=\"Product-content-a396ff60-8dab-4ad3-befc-b382d94dd0fc9089355055448\" class=\"collapsible-content collapsible-content--all is-open\">\n<div class=\"collapsible-content__inner rte\">\n<p><strong>Bleaching:<\/strong> Must not be bleached<br \/>\n<strong>Ironing:<\/strong>\u00a0\u2013<br \/>\n<strong>Tumble dryer:<\/strong>\u00a0\u2013<br \/>\n<strong>Washing instructions:<\/strong> 30 degrees<\/p>\n<\/div>\n<\/div>","protected":false},"featured_media":1032494,"comment_status":"closed","ping_status":"closed","template":"","meta":[],"product_brand":[],"product_cat":[209],"product_tag":[],"class_list":{"0":"post-1010452","1":"product","2":"type-product","3":"status-publish","4":"has-post-thumbnail","6":"product_cat-reaprodukter","8":"first","9":"outofstock","10":"taxable","11":"shipping-taxable","12":"product-type-variable"},"yoast_head":"<!-- This site is optimized with the Yoast SEO Premium plugin v27.4 (Yoast SEO v27.5) - https:\/\/yoast.com\/product\/yoast-seo-premium-wordpress\/ -->\n<title>Fantastiskt snygg skjorta f Marta Du Chateau m Linn\u00e9 Look! - Stil &amp; Design<\/title>\n<meta name=\"robots\" content=\"index, follow, max-snippet:-1, max-image-preview:large, max-video-preview:-1\" \/>\n<link rel=\"canonical\" href=\"https:\/\/stilanddesign.se\/en\/product\/fantastiskt-snygg-skjorta-f-marta-du-chateau-m-linne-look-4\/\" \/>\n<meta property=\"og:locale\" content=\"en_US\" \/>\n<meta property=\"og:type\" content=\"article\" \/>\n<meta property=\"og:title\" content=\"Fantastiskt snygg skjorta f Marta Du Chateau m Linn\u00e9 Look!\" \/>\n<meta property=\"og:description\" content=\"Fantastiskt snygg skjorta f Marta Du Chateau m Linn\u00e9 Look! Unik skjorta i egen design i v\u00e5rt unika samarbete med Marta Du Chateau, denna skjorta med bekv\u00e4ma &amp; enkla design som erbjuder en avslappnad elegans. Skjortan passar b\u00e5de till vardags och finare tillst\u00e4llningar. Skjortans enkla design och diskreta modell g\u00f6r det l\u00e4tt att matcha med alla andra plagg i v\u00e5rt sortiment  F\u00e4rg: Skyblue Passform:\u00a0Normal Material:\u00a0100% Bomull  Tv\u00e4ttanvisningar    Blekning: F\u00e5r ej Blekas Strykning:\u00a0- Torktumla:\u00a0- Tv\u00e4ttr\u00e5d: 30 grader\" \/>\n<meta property=\"og:url\" content=\"https:\/\/stilanddesign.se\/en\/product\/fantastiskt-snygg-skjorta-f-marta-du-chateau-m-linne-look-4\/\" \/>\n<meta property=\"og:site_name\" content=\"Stil &amp; Design\" \/>\n<meta property=\"article:modified_time\" content=\"2025-06-03T10:06:26+00:00\" \/>\n<meta property=\"og:image\" content=\"https:\/\/stilanddesign.se\/wp-content\/uploads\/2025\/04\/image5.jpeg\" \/>\n\t<meta property=\"og:image:width\" content=\"576\" \/>\n\t<meta property=\"og:image:height\" content=\"1024\" \/>\n\t<meta property=\"og:image:type\" content=\"image\/jpeg\" \/>\n<meta name=\"twitter:card\" content=\"summary_large_image\" \/>\n<meta name=\"twitter:label1\" content=\"Est. reading time\" \/>\n\t<meta name=\"twitter:data1\" content=\"1 minute\" \/>\n<script type=\"application\/ld+json\" class=\"yoast-schema-graph\">{\"@context\":\"https:\\\/\\\/schema.org\",\"@graph\":[{\"@type\":\"WebPage\",\"@id\":\"https:\\\/\\\/stilanddesign.se\\\/produkt\\\/fantastiskt-snygg-skjorta-f-marta-du-chateau-m-linne-look-4\\\/\",\"url\":\"https:\\\/\\\/stilanddesign.se\\\/produkt\\\/fantastiskt-snygg-skjorta-f-marta-du-chateau-m-linne-look-4\\\/\",\"name\":\"Fantastiskt snygg skjorta f Marta Du Chateau m Linn\u00e9 Look! - Stil &amp; Design\",\"isPartOf\":{\"@id\":\"https:\\\/\\\/stilanddesign.se\\\/#website\"},\"primaryImageOfPage\":{\"@id\":\"https:\\\/\\\/stilanddesign.se\\\/produkt\\\/fantastiskt-snygg-skjorta-f-marta-du-chateau-m-linne-look-4\\\/#primaryimage\"},\"image\":{\"@id\":\"https:\\\/\\\/stilanddesign.se\\\/produkt\\\/fantastiskt-snygg-skjorta-f-marta-du-chateau-m-linne-look-4\\\/#primaryimage\"},\"thumbnailUrl\":\"https:\\\/\\\/stilanddesign.se\\\/wp-content\\\/uploads\\\/2025\\\/04\\\/image5.jpeg\",\"datePublished\":\"2025-05-30T07:34:14+00:00\",\"dateModified\":\"2025-06-03T10:06:26+00:00\",\"breadcrumb\":{\"@id\":\"https:\\\/\\\/stilanddesign.se\\\/produkt\\\/fantastiskt-snygg-skjorta-f-marta-du-chateau-m-linne-look-4\\\/#breadcrumb\"},\"inLanguage\":\"en-US\",\"potentialAction\":[{\"@type\":\"ReadAction\",\"target\":[\"https:\\\/\\\/stilanddesign.se\\\/produkt\\\/fantastiskt-snygg-skjorta-f-marta-du-chateau-m-linne-look-4\\\/\"]}]},{\"@type\":\"ImageObject\",\"inLanguage\":\"en-US\",\"@id\":\"https:\\\/\\\/stilanddesign.se\\\/produkt\\\/fantastiskt-snygg-skjorta-f-marta-du-chateau-m-linne-look-4\\\/#primaryimage\",\"url\":\"https:\\\/\\\/stilanddesign.se\\\/wp-content\\\/uploads\\\/2025\\\/04\\\/image5.jpeg\",\"contentUrl\":\"https:\\\/\\\/stilanddesign.se\\\/wp-content\\\/uploads\\\/2025\\\/04\\\/image5.jpeg\",\"width\":576,\"height\":1024},{\"@type\":\"BreadcrumbList\",\"@id\":\"https:\\\/\\\/stilanddesign.se\\\/produkt\\\/fantastiskt-snygg-skjorta-f-marta-du-chateau-m-linne-look-4\\\/#breadcrumb\",\"itemListElement\":[{\"@type\":\"ListItem\",\"position\":1,\"name\":\"Hem\",\"item\":\"https:\\\/\\\/stilanddesign.se\\\/\"},{\"@type\":\"ListItem\",\"position\":2,\"name\":\"Butiken\",\"item\":\"https:\\\/\\\/stilanddesign.se\\\/butiken\\\/\"},{\"@type\":\"ListItem\",\"position\":3,\"name\":\"Fantastiskt snygg skjorta f Marta Du Chateau m Linn\u00e9 Look!\"}]},{\"@type\":\"WebSite\",\"@id\":\"https:\\\/\\\/stilanddesign.se\\\/#website\",\"url\":\"https:\\\/\\\/stilanddesign.se\\\/\",\"name\":\"Stil &amp; Design\",\"description\":\"F\u00f6r oss som \u00e4lskar mode!\",\"publisher\":{\"@id\":\"https:\\\/\\\/stilanddesign.se\\\/#organization\"},\"potentialAction\":[{\"@type\":\"SearchAction\",\"target\":{\"@type\":\"EntryPoint\",\"urlTemplate\":\"https:\\\/\\\/stilanddesign.se\\\/?s={search_term_string}\"},\"query-input\":{\"@type\":\"PropertyValueSpecification\",\"valueRequired\":true,\"valueName\":\"search_term_string\"}}],\"inLanguage\":\"en-US\"},{\"@type\":\"Organization\",\"@id\":\"https:\\\/\\\/stilanddesign.se\\\/#organization\",\"name\":\"Stil &amp; Design\",\"url\":\"https:\\\/\\\/stilanddesign.se\\\/\",\"logo\":{\"@type\":\"ImageObject\",\"inLanguage\":\"en-US\",\"@id\":\"https:\\\/\\\/stilanddesign.se\\\/#\\\/schema\\\/logo\\\/image\\\/\",\"url\":\"https:\\\/\\\/stilanddesign.se\\\/wp-content\\\/uploads\\\/2023\\\/12\\\/output-onlinepngtools-e1727784413220.png\",\"contentUrl\":\"https:\\\/\\\/stilanddesign.se\\\/wp-content\\\/uploads\\\/2023\\\/12\\\/output-onlinepngtools-e1727784413220.png\",\"width\":519,\"height\":135,\"caption\":\"Stil &amp; Design\"},\"image\":{\"@id\":\"https:\\\/\\\/stilanddesign.se\\\/#\\\/schema\\\/logo\\\/image\\\/\"}}]}<\/script>\n<!-- \/ Yoast SEO Premium plugin. -->","yoast_head_json":{"title":"Fantastiskt snygg skjorta f Marta Du Chateau m Linn\u00e9 Look! - Stil &amp; Design","robots":{"index":"index","follow":"follow","max-snippet":"max-snippet:-1","max-image-preview":"max-image-preview:large","max-video-preview":"max-video-preview:-1"},"canonical":"https:\/\/stilanddesign.se\/en\/product\/fantastiskt-snygg-skjorta-f-marta-du-chateau-m-linne-look-4\/","og_locale":"en_US","og_type":"article","og_title":"Fantastiskt snygg skjorta f Marta Du Chateau m Linn\u00e9 Look!","og_description":"Fantastiskt snygg skjorta f Marta Du Chateau m Linn\u00e9 Look! Unik skjorta i egen design i v\u00e5rt unika samarbete med Marta Du Chateau, denna skjorta med bekv\u00e4ma &amp; enkla design som erbjuder en avslappnad elegans. Skjortan passar b\u00e5de till vardags och finare tillst\u00e4llningar. Skjortans enkla design och diskreta modell g\u00f6r det l\u00e4tt att matcha med alla andra plagg i v\u00e5rt sortiment  F\u00e4rg: Skyblue Passform:\u00a0Normal Material:\u00a0100% Bomull  Tv\u00e4ttanvisningar    Blekning: F\u00e5r ej Blekas Strykning:\u00a0- Torktumla:\u00a0- Tv\u00e4ttr\u00e5d: 30 grader","og_url":"https:\/\/stilanddesign.se\/en\/product\/fantastiskt-snygg-skjorta-f-marta-du-chateau-m-linne-look-4\/","og_site_name":"Stil &amp; Design","article_modified_time":"2025-06-03T10:06:26+00:00","og_image":[{"width":576,"height":1024,"url":"https:\/\/stilanddesign.se\/wp-content\/uploads\/2025\/04\/image5.jpeg","type":"image\/jpeg"}],"twitter_card":"summary_large_image","twitter_misc":{"Est. reading time":"1 minute"},"schema":{"@context":"https:\/\/schema.org","@graph":[{"@type":"WebPage","@id":"https:\/\/stilanddesign.se\/produkt\/fantastiskt-snygg-skjorta-f-marta-du-chateau-m-linne-look-4\/","url":"https:\/\/stilanddesign.se\/produkt\/fantastiskt-snygg-skjorta-f-marta-du-chateau-m-linne-look-4\/","name":"Fantastiskt snygg skjorta f Marta Du Chateau m Linn\u00e9 Look! - Stil &amp; Design","isPartOf":{"@id":"https:\/\/stilanddesign.se\/#website"},"primaryImageOfPage":{"@id":"https:\/\/stilanddesign.se\/produkt\/fantastiskt-snygg-skjorta-f-marta-du-chateau-m-linne-look-4\/#primaryimage"},"image":{"@id":"https:\/\/stilanddesign.se\/produkt\/fantastiskt-snygg-skjorta-f-marta-du-chateau-m-linne-look-4\/#primaryimage"},"thumbnailUrl":"https:\/\/stilanddesign.se\/wp-content\/uploads\/2025\/04\/image5.jpeg","datePublished":"2025-05-30T07:34:14+00:00","dateModified":"2025-06-03T10:06:26+00:00","breadcrumb":{"@id":"https:\/\/stilanddesign.se\/produkt\/fantastiskt-snygg-skjorta-f-marta-du-chateau-m-linne-look-4\/#breadcrumb"},"inLanguage":"en-US","potentialAction":[{"@type":"ReadAction","target":["https:\/\/stilanddesign.se\/produkt\/fantastiskt-snygg-skjorta-f-marta-du-chateau-m-linne-look-4\/"]}]},{"@type":"ImageObject","inLanguage":"en-US","@id":"https:\/\/stilanddesign.se\/produkt\/fantastiskt-snygg-skjorta-f-marta-du-chateau-m-linne-look-4\/#primaryimage","url":"https:\/\/stilanddesign.se\/wp-content\/uploads\/2025\/04\/image5.jpeg","contentUrl":"https:\/\/stilanddesign.se\/wp-content\/uploads\/2025\/04\/image5.jpeg","width":576,"height":1024},{"@type":"BreadcrumbList","@id":"https:\/\/stilanddesign.se\/produkt\/fantastiskt-snygg-skjorta-f-marta-du-chateau-m-linne-look-4\/#breadcrumb","itemListElement":[{"@type":"ListItem","position":1,"name":"Hem","item":"https:\/\/stilanddesign.se\/"},{"@type":"ListItem","position":2,"name":"Butiken","item":"https:\/\/stilanddesign.se\/butiken\/"},{"@type":"ListItem","position":3,"name":"Fantastiskt snygg skjorta f Marta Du Chateau m Linn\u00e9 Look!"}]},{"@type":"WebSite","@id":"https:\/\/stilanddesign.se\/#website","url":"https:\/\/stilanddesign.se\/","name":"Style &amp; Design","description":"For those of us who love fashion!","publisher":{"@id":"https:\/\/stilanddesign.se\/#organization"},"potentialAction":[{"@type":"SearchAction","target":{"@type":"EntryPoint","urlTemplate":"https:\/\/stilanddesign.se\/?s={search_term_string}"},"query-input":{"@type":"PropertyValueSpecification","valueRequired":true,"valueName":"search_term_string"}}],"inLanguage":"en-US"},{"@type":"Organization","@id":"https:\/\/stilanddesign.se\/#organization","name":"Style &amp; Design","url":"https:\/\/stilanddesign.se\/","logo":{"@type":"ImageObject","inLanguage":"en-US","@id":"https:\/\/stilanddesign.se\/#\/schema\/logo\/image\/","url":"https:\/\/stilanddesign.se\/wp-content\/uploads\/2023\/12\/output-onlinepngtools-e1727784413220.png","contentUrl":"https:\/\/stilanddesign.se\/wp-content\/uploads\/2023\/12\/output-onlinepngtools-e1727784413220.png","width":519,"height":135,"caption":"Stil &amp; Design"},"image":{"@id":"https:\/\/stilanddesign.se\/#\/schema\/logo\/image\/"}}]}},"_links":{"self":[{"href":"https:\/\/stilanddesign.se\/en\/wp-json\/wp\/v2\/product\/1010452","targetHints":{"allow":["GET"]}}],"collection":[{"href":"https:\/\/stilanddesign.se\/en\/wp-json\/wp\/v2\/product"}],"about":[{"href":"https:\/\/stilanddesign.se\/en\/wp-json\/wp\/v2\/types\/product"}],"replies":[{"embeddable":true,"href":"https:\/\/stilanddesign.se\/en\/wp-json\/wp\/v2\/comments?post=1010452"}],"wp:featuredmedia":[{"embeddable":true,"href":"https:\/\/stilanddesign.se\/en\/wp-json\/wp\/v2\/media\/1032494"}],"wp:attachment":[{"href":"https:\/\/stilanddesign.se\/en\/wp-json\/wp\/v2\/media?parent=1010452"}],"wp:term":[{"taxonomy":"product_brand","embeddable":true,"href":"https:\/\/stilanddesign.se\/en\/wp-json\/wp\/v2\/product_brand?post=1010452"},{"taxonomy":"product_cat","embeddable":true,"href":"https:\/\/stilanddesign.se\/en\/wp-json\/wp\/v2\/product_cat?post=1010452"},{"taxonomy":"product_tag","embeddable":true,"href":"https:\/\/stilanddesign.se\/en\/wp-json\/wp\/v2\/product_tag?post=1010452"}],"curies":[{"name":"wp","href":"https:\/\/api.w.org\/{rel}","templated":true}]}}