{"id":1008064,"date":"2024-11-08T18:29:25","date_gmt":"2024-11-08T17:29:25","guid":{"rendered":"https:\/\/stilanddesign.se\/?post_type=product&#038;p=1008064"},"modified":"2025-04-23T05:18:12","modified_gmt":"2025-04-23T03:18:12","slug":"smickrande-topp-med-vacker-spets-upptill-2","status":"publish","type":"product","link":"https:\/\/stilanddesign.se\/en\/product\/smickrande-topp-med-vacker-spets-upptill-2\/","title":{"rendered":"Flattering top with beautiful lace at the top!"},"content":{"rendered":"<h1 class=\"alt-font\">Flattering top with beautiful lace at the top!<\/h1>\n<p>H\u00e4rlig topp i singoalla modell.<\/p>\n<p>\u00c4r res\u00e5r nertill och upptill.<\/p>\n<p><strong>Measure:<\/strong><\/p>\n<p><strong>S\/36<\/strong><\/p>\n<p>Armh\u00e5la till armh\u00e5la omkrets: ca 96 cm<\/p>\n<p>L\u00e4ngd axel och ner: ca 56 cm<\/p>\n<p><strong>M\/38<\/strong><\/p>\n<p>Armh\u00e5la till armh\u00e5la omkrets: ca 100 cm<\/p>\n<p>L\u00e4ngd axel och ner: ca 60 cm<\/p>\n<p><strong>L\/40<\/strong><\/p>\n<p>Armh\u00e5la till armh\u00e5la omkrets: ca 104 cm<\/p>\n<p>L\u00e4ngd axel och ner: ca 64 cm<\/p>\n<p>S\/36 &#8211; L\/40, mer liten \u00e4n stor i storleken.<\/p>\n<table class=\"t1054qxn\">\n<tbody>\n<tr>\n<th>Paint<\/th>\n<td>White<\/td>\n<\/tr>\n<tr>\n<th>Washing instructions<\/th>\n<td>40 degrees<\/td>\n<\/tr>\n<tr>\n<th>Stretchy<\/th>\n<td>\n<div>No<\/div>\n<\/td>\n<\/tr>\n<tr>\n<th>Material<\/th>\n<td>64% Viscose, 36% Polyester<\/td>\n<\/tr>\n<tr>\n<th>Size<\/th>\n<td>S\/36 \u2013 L\/40, more small than large in size<\/td>\n<\/tr>\n<\/tbody>\n<\/table>","protected":false},"excerpt":{"rendered":"<h1 class=\"alt-font\">Flattering top with beautiful lace at the top!<\/h1>\n<p>H\u00e4rlig topp i singoalla modell.<\/p>\n<p>\u00c4r res\u00e5r nertill och upptill.<\/p>\n<p><strong>Measure:<\/strong><\/p>\n<p><strong>S\/36<\/strong><\/p>\n<p>Armh\u00e5la till armh\u00e5la omkrets: ca 96 cm<\/p>\n<p>L\u00e4ngd axel och ner: ca 56 cm<\/p>\n<p><strong>M\/38<\/strong><\/p>\n<p>Armh\u00e5la till armh\u00e5la omkrets: ca 100 cm<\/p>\n<p>L\u00e4ngd axel och ner: ca 60 cm<\/p>\n<p><strong>L\/40<\/strong><\/p>\n<p>Armh\u00e5la till armh\u00e5la omkrets: ca 104 cm<\/p>\n<p>L\u00e4ngd axel och ner: ca 64 cm<\/p>\n<p>S\/36 &#8211; L\/40, mer liten \u00e4n stor i storleken.<\/p>\n<table class=\"t1054qxn\">\n<tbody>\n<tr>\n<th>Paint<\/th>\n<td>White<\/td>\n<\/tr>\n<tr>\n<th>Washing instructions<\/th>\n<td>40 degrees<\/td>\n<\/tr>\n<tr>\n<th>Stretchy<\/th>\n<td>\n<div>No<\/div>\n<\/td>\n<\/tr>\n<tr>\n<th>Material<\/th>\n<td>64% Viscose, 36% Polyester<\/td>\n<\/tr>\n<tr>\n<th>Size<\/th>\n<td>S\/36 \u2013 L\/40, more small than large in size<\/td>\n<\/tr>\n<\/tbody>\n<\/table>","protected":false},"featured_media":1008115,"comment_status":"closed","ping_status":"closed","template":"","meta":[],"product_brand":[],"product_cat":[222],"product_tag":[],"class_list":{"0":"post-1008064","1":"product","2":"type-product","3":"status-publish","4":"has-post-thumbnail","6":"product_cat-toppar-tischor","8":"first","9":"outofstock","10":"taxable","11":"shipping-taxable","12":"product-type-variable"},"yoast_head":"<!-- This site is optimized with the Yoast SEO Premium plugin v27.1 (Yoast SEO v27.4) - https:\/\/yoast.com\/product\/yoast-seo-premium-wordpress\/ -->\n<title>Smickrande topp med vacker spets upptill! - Stil &amp; Design<\/title>\n<meta name=\"robots\" content=\"index, follow, max-snippet:-1, max-image-preview:large, max-video-preview:-1\" \/>\n<link rel=\"canonical\" href=\"https:\/\/stilanddesign.se\/en\/product\/smickrande-topp-med-vacker-spets-upptill-2\/\" \/>\n<meta property=\"og:locale\" content=\"en_US\" \/>\n<meta property=\"og:type\" content=\"article\" \/>\n<meta property=\"og:title\" content=\"Smickrande topp med vacker spets upptill!\" \/>\n<meta property=\"og:description\" content=\"Smickrande topp med vacker spets upptill! H\u00e4rlig topp i singoalla modell.  \u00c4r res\u00e5r nertill och upptill.  M\u00e5tt:  S\/36  Armh\u00e5la till armh\u00e5la omkrets: ca 96 cm  L\u00e4ngd axel och ner: ca 56 cm  M\/38  Armh\u00e5la till armh\u00e5la omkrets: ca 100 cm  L\u00e4ngd axel och ner: ca 60 cm  L\/40  Armh\u00e5la till armh\u00e5la omkrets: ca 104 cm  L\u00e4ngd axel och ner: ca 64 cm  S\/36 - L\/40, mer liten \u00e4n stor i storleken.    F\u00e4rg Vit   Tv\u00e4ttr\u00e5d 40 grader   Stretchig  Nej   Material 64% Viskos, 36% Polyester   Storlek S\/36 - L\/40, mer liten \u00e4n stor i storleken\" \/>\n<meta property=\"og:url\" content=\"https:\/\/stilanddesign.se\/en\/product\/smickrande-topp-med-vacker-spets-upptill-2\/\" \/>\n<meta property=\"og:site_name\" content=\"Stil &amp; Design\" \/>\n<meta property=\"article:modified_time\" content=\"2025-04-23T03:18:12+00:00\" \/>\n<meta property=\"og:image\" content=\"https:\/\/stilanddesign.se\/wp-content\/uploads\/2024\/11\/2-2-scaled-4.jpg\" \/>\n\t<meta property=\"og:image:width\" content=\"1780\" \/>\n\t<meta property=\"og:image:height\" content=\"2560\" \/>\n\t<meta property=\"og:image:type\" content=\"image\/jpeg\" \/>\n<meta name=\"twitter:card\" content=\"summary_large_image\" \/>\n<meta name=\"twitter:label1\" content=\"Est. reading time\" \/>\n\t<meta name=\"twitter:data1\" content=\"1 minute\" \/>\n<script type=\"application\/ld+json\" class=\"yoast-schema-graph\">{\"@context\":\"https:\\\/\\\/schema.org\",\"@graph\":[{\"@type\":\"WebPage\",\"@id\":\"https:\\\/\\\/stilanddesign.se\\\/produkt\\\/smickrande-topp-med-vacker-spets-upptill-2\\\/\",\"url\":\"https:\\\/\\\/stilanddesign.se\\\/produkt\\\/smickrande-topp-med-vacker-spets-upptill-2\\\/\",\"name\":\"Smickrande topp med vacker spets upptill! - Stil &amp; Design\",\"isPartOf\":{\"@id\":\"https:\\\/\\\/stilanddesign.se\\\/#website\"},\"primaryImageOfPage\":{\"@id\":\"https:\\\/\\\/stilanddesign.se\\\/produkt\\\/smickrande-topp-med-vacker-spets-upptill-2\\\/#primaryimage\"},\"image\":{\"@id\":\"https:\\\/\\\/stilanddesign.se\\\/produkt\\\/smickrande-topp-med-vacker-spets-upptill-2\\\/#primaryimage\"},\"thumbnailUrl\":\"https:\\\/\\\/stilanddesign.se\\\/wp-content\\\/uploads\\\/2024\\\/11\\\/2-2-scaled-4.jpg\",\"datePublished\":\"2024-11-08T17:29:25+00:00\",\"dateModified\":\"2025-04-23T03:18:12+00:00\",\"breadcrumb\":{\"@id\":\"https:\\\/\\\/stilanddesign.se\\\/produkt\\\/smickrande-topp-med-vacker-spets-upptill-2\\\/#breadcrumb\"},\"inLanguage\":\"en-US\",\"potentialAction\":[{\"@type\":\"ReadAction\",\"target\":[\"https:\\\/\\\/stilanddesign.se\\\/produkt\\\/smickrande-topp-med-vacker-spets-upptill-2\\\/\"]}]},{\"@type\":\"ImageObject\",\"inLanguage\":\"en-US\",\"@id\":\"https:\\\/\\\/stilanddesign.se\\\/produkt\\\/smickrande-topp-med-vacker-spets-upptill-2\\\/#primaryimage\",\"url\":\"https:\\\/\\\/stilanddesign.se\\\/wp-content\\\/uploads\\\/2024\\\/11\\\/2-2-scaled-4.jpg\",\"contentUrl\":\"https:\\\/\\\/stilanddesign.se\\\/wp-content\\\/uploads\\\/2024\\\/11\\\/2-2-scaled-4.jpg\",\"width\":1780,\"height\":2560},{\"@type\":\"BreadcrumbList\",\"@id\":\"https:\\\/\\\/stilanddesign.se\\\/produkt\\\/smickrande-topp-med-vacker-spets-upptill-2\\\/#breadcrumb\",\"itemListElement\":[{\"@type\":\"ListItem\",\"position\":1,\"name\":\"Hem\",\"item\":\"https:\\\/\\\/stilanddesign.se\\\/\"},{\"@type\":\"ListItem\",\"position\":2,\"name\":\"Butiken\",\"item\":\"https:\\\/\\\/stilanddesign.se\\\/butiken\\\/\"},{\"@type\":\"ListItem\",\"position\":3,\"name\":\"Smickrande topp med vacker spets upptill!\"}]},{\"@type\":\"WebSite\",\"@id\":\"https:\\\/\\\/stilanddesign.se\\\/#website\",\"url\":\"https:\\\/\\\/stilanddesign.se\\\/\",\"name\":\"Stil &amp; Design\",\"description\":\"F\u00f6r oss som \u00e4lskar mode!\",\"publisher\":{\"@id\":\"https:\\\/\\\/stilanddesign.se\\\/#organization\"},\"potentialAction\":[{\"@type\":\"SearchAction\",\"target\":{\"@type\":\"EntryPoint\",\"urlTemplate\":\"https:\\\/\\\/stilanddesign.se\\\/?s={search_term_string}\"},\"query-input\":{\"@type\":\"PropertyValueSpecification\",\"valueRequired\":true,\"valueName\":\"search_term_string\"}}],\"inLanguage\":\"en-US\"},{\"@type\":\"Organization\",\"@id\":\"https:\\\/\\\/stilanddesign.se\\\/#organization\",\"name\":\"Stil &amp; Design\",\"url\":\"https:\\\/\\\/stilanddesign.se\\\/\",\"logo\":{\"@type\":\"ImageObject\",\"inLanguage\":\"en-US\",\"@id\":\"https:\\\/\\\/stilanddesign.se\\\/#\\\/schema\\\/logo\\\/image\\\/\",\"url\":\"https:\\\/\\\/stilanddesign.se\\\/wp-content\\\/uploads\\\/2023\\\/12\\\/output-onlinepngtools-e1727784413220.png\",\"contentUrl\":\"https:\\\/\\\/stilanddesign.se\\\/wp-content\\\/uploads\\\/2023\\\/12\\\/output-onlinepngtools-e1727784413220.png\",\"width\":519,\"height\":135,\"caption\":\"Stil &amp; Design\"},\"image\":{\"@id\":\"https:\\\/\\\/stilanddesign.se\\\/#\\\/schema\\\/logo\\\/image\\\/\"}}]}<\/script>\n<!-- \/ Yoast SEO Premium plugin. -->","yoast_head_json":{"title":"Smickrande topp med vacker spets upptill! - Stil &amp; Design","robots":{"index":"index","follow":"follow","max-snippet":"max-snippet:-1","max-image-preview":"max-image-preview:large","max-video-preview":"max-video-preview:-1"},"canonical":"https:\/\/stilanddesign.se\/en\/product\/smickrande-topp-med-vacker-spets-upptill-2\/","og_locale":"en_US","og_type":"article","og_title":"Smickrande topp med vacker spets upptill!","og_description":"Smickrande topp med vacker spets upptill! H\u00e4rlig topp i singoalla modell.  \u00c4r res\u00e5r nertill och upptill.  M\u00e5tt:  S\/36  Armh\u00e5la till armh\u00e5la omkrets: ca 96 cm  L\u00e4ngd axel och ner: ca 56 cm  M\/38  Armh\u00e5la till armh\u00e5la omkrets: ca 100 cm  L\u00e4ngd axel och ner: ca 60 cm  L\/40  Armh\u00e5la till armh\u00e5la omkrets: ca 104 cm  L\u00e4ngd axel och ner: ca 64 cm  S\/36 - L\/40, mer liten \u00e4n stor i storleken.    F\u00e4rg Vit   Tv\u00e4ttr\u00e5d 40 grader   Stretchig  Nej   Material 64% Viskos, 36% Polyester   Storlek S\/36 - L\/40, mer liten \u00e4n stor i storleken","og_url":"https:\/\/stilanddesign.se\/en\/product\/smickrande-topp-med-vacker-spets-upptill-2\/","og_site_name":"Stil &amp; Design","article_modified_time":"2025-04-23T03:18:12+00:00","og_image":[{"width":1780,"height":2560,"url":"https:\/\/stilanddesign.se\/wp-content\/uploads\/2024\/11\/2-2-scaled-4.jpg","type":"image\/jpeg"}],"twitter_card":"summary_large_image","twitter_misc":{"Est. reading time":"1 minute"},"schema":{"@context":"https:\/\/schema.org","@graph":[{"@type":"WebPage","@id":"https:\/\/stilanddesign.se\/produkt\/smickrande-topp-med-vacker-spets-upptill-2\/","url":"https:\/\/stilanddesign.se\/produkt\/smickrande-topp-med-vacker-spets-upptill-2\/","name":"Smickrande topp med vacker spets upptill! - Stil &amp; Design","isPartOf":{"@id":"https:\/\/stilanddesign.se\/#website"},"primaryImageOfPage":{"@id":"https:\/\/stilanddesign.se\/produkt\/smickrande-topp-med-vacker-spets-upptill-2\/#primaryimage"},"image":{"@id":"https:\/\/stilanddesign.se\/produkt\/smickrande-topp-med-vacker-spets-upptill-2\/#primaryimage"},"thumbnailUrl":"https:\/\/stilanddesign.se\/wp-content\/uploads\/2024\/11\/2-2-scaled-4.jpg","datePublished":"2024-11-08T17:29:25+00:00","dateModified":"2025-04-23T03:18:12+00:00","breadcrumb":{"@id":"https:\/\/stilanddesign.se\/produkt\/smickrande-topp-med-vacker-spets-upptill-2\/#breadcrumb"},"inLanguage":"en-US","potentialAction":[{"@type":"ReadAction","target":["https:\/\/stilanddesign.se\/produkt\/smickrande-topp-med-vacker-spets-upptill-2\/"]}]},{"@type":"ImageObject","inLanguage":"en-US","@id":"https:\/\/stilanddesign.se\/produkt\/smickrande-topp-med-vacker-spets-upptill-2\/#primaryimage","url":"https:\/\/stilanddesign.se\/wp-content\/uploads\/2024\/11\/2-2-scaled-4.jpg","contentUrl":"https:\/\/stilanddesign.se\/wp-content\/uploads\/2024\/11\/2-2-scaled-4.jpg","width":1780,"height":2560},{"@type":"BreadcrumbList","@id":"https:\/\/stilanddesign.se\/produkt\/smickrande-topp-med-vacker-spets-upptill-2\/#breadcrumb","itemListElement":[{"@type":"ListItem","position":1,"name":"Hem","item":"https:\/\/stilanddesign.se\/"},{"@type":"ListItem","position":2,"name":"Butiken","item":"https:\/\/stilanddesign.se\/butiken\/"},{"@type":"ListItem","position":3,"name":"Smickrande topp med vacker spets upptill!"}]},{"@type":"WebSite","@id":"https:\/\/stilanddesign.se\/#website","url":"https:\/\/stilanddesign.se\/","name":"Style &amp; Design","description":"For those of us who love fashion!","publisher":{"@id":"https:\/\/stilanddesign.se\/#organization"},"potentialAction":[{"@type":"SearchAction","target":{"@type":"EntryPoint","urlTemplate":"https:\/\/stilanddesign.se\/?s={search_term_string}"},"query-input":{"@type":"PropertyValueSpecification","valueRequired":true,"valueName":"search_term_string"}}],"inLanguage":"en-US"},{"@type":"Organization","@id":"https:\/\/stilanddesign.se\/#organization","name":"Style &amp; Design","url":"https:\/\/stilanddesign.se\/","logo":{"@type":"ImageObject","inLanguage":"en-US","@id":"https:\/\/stilanddesign.se\/#\/schema\/logo\/image\/","url":"https:\/\/stilanddesign.se\/wp-content\/uploads\/2023\/12\/output-onlinepngtools-e1727784413220.png","contentUrl":"https:\/\/stilanddesign.se\/wp-content\/uploads\/2023\/12\/output-onlinepngtools-e1727784413220.png","width":519,"height":135,"caption":"Stil &amp; Design"},"image":{"@id":"https:\/\/stilanddesign.se\/#\/schema\/logo\/image\/"}}]}},"_links":{"self":[{"href":"https:\/\/stilanddesign.se\/en\/wp-json\/wp\/v2\/product\/1008064","targetHints":{"allow":["GET"]}}],"collection":[{"href":"https:\/\/stilanddesign.se\/en\/wp-json\/wp\/v2\/product"}],"about":[{"href":"https:\/\/stilanddesign.se\/en\/wp-json\/wp\/v2\/types\/product"}],"replies":[{"embeddable":true,"href":"https:\/\/stilanddesign.se\/en\/wp-json\/wp\/v2\/comments?post=1008064"}],"wp:featuredmedia":[{"embeddable":true,"href":"https:\/\/stilanddesign.se\/en\/wp-json\/wp\/v2\/media\/1008115"}],"wp:attachment":[{"href":"https:\/\/stilanddesign.se\/en\/wp-json\/wp\/v2\/media?parent=1008064"}],"wp:term":[{"taxonomy":"product_brand","embeddable":true,"href":"https:\/\/stilanddesign.se\/en\/wp-json\/wp\/v2\/product_brand?post=1008064"},{"taxonomy":"product_cat","embeddable":true,"href":"https:\/\/stilanddesign.se\/en\/wp-json\/wp\/v2\/product_cat?post=1008064"},{"taxonomy":"product_tag","embeddable":true,"href":"https:\/\/stilanddesign.se\/en\/wp-json\/wp\/v2\/product_tag?post=1008064"}],"curies":[{"name":"wp","href":"https:\/\/api.w.org\/{rel}","templated":true}]}}