{"id":1008021,"date":"2026-04-24T13:28:00","date_gmt":"2026-04-24T11:28:00","guid":{"rendered":"https:\/\/stilanddesign.se\/?post_type=product&#038;p=1008021"},"modified":"2026-04-27T10:06:39","modified_gmt":"2026-04-27T08:06:39","slug":"%f0%9f%92%99-armlos-volangtopp-fran-chica-london-frasch-feminin-%e2%9c%a8","status":"publish","type":"product","link":"https:\/\/stilanddesign.se\/en\/product\/%f0%9f%92%99-armlos-volangtopp-fran-chica-london-frasch-feminin-%e2%9c%a8\/","title":{"rendered":"\ud83d\udc99 Sleeveless ruffle top from Chica London \u2013 fresh &amp; feminine \u2728"},"content":{"rendered":"<p data-start=\"0\" data-end=\"65\">\ud83d\udc99 <strong data-start=\"3\" data-end=\"61\">Sleeveless ruffle top from Chica London \u2013 fresh &amp; feminine<\/strong> \u2728<\/p>\n<p data-start=\"67\" data-end=\"268\">\ud83c\udf3f Light blue color that gives a soft and summery feel<br data-start=\"116\" data-end=\"119\" \/>\ud83d\udcab Beautiful ruffles\/frills at the front<br data-start=\"151\" data-end=\"154\" \/>\ud83c\udf80 Tie detail that gives an elegant fall<br data-start=\"192\" data-end=\"195\" \/>\ud83d\udc5a Sleeveless model \u2013 perfect for warm days<br data-start=\"237\" data-end=\"240\" \/>\u2728 Light and airy quality<\/p>\n<p data-start=\"270\" data-end=\"376\">\ud83d\udccf <strong data-start=\"273\" data-end=\"287\">Sizes:<\/strong><br data-start=\"287\" data-end=\"290\" \/>S\/M \u2013 Circumference approx. 112 cm | Length approx. 63 cm<br data-start=\"330\" data-end=\"333\" \/>L\/XL \u2013 Circumference approx. 122 cm | Length approx. 64 cm<\/p>\n<p data-start=\"378\" data-end=\"399\">\ud83d\udccf Normal in size<\/p>\n<p data-start=\"401\" data-end=\"465\">\ud83e\uddf5 Material: 100% polyester<br data-start=\"428\" data-end=\"431\" \/>\ud83e\udee7 Washing: 30\u00b0C<br data-start=\"445\" data-end=\"448\" \/>\ud83d\udc4c Stretch: No<\/p>\n<p data-start=\"467\" data-end=\"555\">\ud83d\udc56 <strong data-start=\"470\" data-end=\"486\">Styling tips:<\/strong> Match with light jeans or a skirt for a fresh and summery look \ud83d\udc95<\/p>\n<p data-start=\"557\" data-end=\"624\" data-is-last-node=\"\" data-is-only-node=\"\">\ud83d\udc96 An elegant top that is perfect for both everyday life and parties \ud83d\udc99\u2728<\/p>\n<h1 class=\"alt-font\"><\/h1>","protected":false},"excerpt":{"rendered":"<p data-start=\"0\" data-end=\"65\">\ud83d\udc99 <strong data-start=\"3\" data-end=\"61\">Sleeveless ruffle top from Chica London \u2013 fresh &amp; feminine<\/strong> \u2728<\/p>\n<p data-start=\"67\" data-end=\"268\">\ud83c\udf3f Light blue color that gives a soft and summery feel<br data-start=\"116\" data-end=\"119\" \/>\ud83d\udcab Beautiful ruffles\/frills at the front<br data-start=\"151\" data-end=\"154\" \/>\ud83c\udf80 Tie detail that gives an elegant fall<br data-start=\"192\" data-end=\"195\" \/>\ud83d\udc5a Sleeveless model \u2013 perfect for warm days<br data-start=\"237\" data-end=\"240\" \/>\u2728 Light and airy quality<\/p>\n<p data-start=\"270\" data-end=\"376\">\ud83d\udccf <strong data-start=\"273\" data-end=\"287\">Sizes:<\/strong><br data-start=\"287\" data-end=\"290\" \/>S\/M \u2013 Circumference approx. 112 cm | Length approx. 63 cm<br data-start=\"330\" data-end=\"333\" \/>L\/XL \u2013 Circumference approx. 122 cm | Length approx. 64 cm<\/p>\n<p data-start=\"378\" data-end=\"399\">\ud83d\udccf Normal in size<\/p>\n<p data-start=\"401\" data-end=\"465\">\ud83e\uddf5 Material: 100% polyester<br data-start=\"428\" data-end=\"431\" \/>\ud83e\udee7 Washing: 30\u00b0C<br data-start=\"445\" data-end=\"448\" \/>\ud83d\udc4c Stretch: No<\/p>\n<p data-start=\"467\" data-end=\"555\">\ud83d\udc56 <strong data-start=\"470\" data-end=\"486\">Styling tips:<\/strong> Match with light jeans or a skirt for a fresh and summery look \ud83d\udc95<\/p>\n<p data-start=\"557\" data-end=\"624\" data-is-last-node=\"\" data-is-only-node=\"\">\ud83d\udc96 An elegant top that is perfect for both everyday life and parties \ud83d\udc99\u2728<\/p>\n<h1 class=\"alt-font\"><\/h1>","protected":false},"featured_media":1008073,"comment_status":"closed","ping_status":"closed","template":"","meta":[],"product_brand":[],"product_cat":[211,205,217,222],"product_tag":[],"class_list":{"0":"post-1008021","1":"product","2":"type-product","3":"status-publish","4":"has-post-thumbnail","6":"product_cat-blusar","7":"product_cat-linne","8":"product_cat-produktnyheter","9":"product_cat-toppar-tischor","11":"first","12":"instock","13":"taxable","14":"shipping-taxable","15":"purchasable","16":"product-type-variable"},"yoast_head":"<!-- This site is optimized with the Yoast SEO Premium plugin v27.4 (Yoast SEO v27.4) - https:\/\/yoast.com\/product\/yoast-seo-premium-wordpress\/ -->\n<title>\ud83d\udc99 \u00c4rml\u00f6s volangtopp fr\u00e5n Chica London \u2013 fr\u00e4sch &amp; feminin \u2728 - Stil &amp; Design<\/title>\n<meta name=\"robots\" content=\"index, follow, max-snippet:-1, max-image-preview:large, max-video-preview:-1\" \/>\n<link rel=\"canonical\" href=\"https:\/\/stilanddesign.se\/en\/product\/\ud83d\udc99-armlos-volangtopp-fran-chica-london-frasch-feminin-\u2728\/\" \/>\n<meta property=\"og:locale\" content=\"en_US\" \/>\n<meta property=\"og:type\" content=\"article\" \/>\n<meta property=\"og:title\" content=\"\ud83d\udc99 \u00c4rml\u00f6s volangtopp fr\u00e5n Chica London \u2013 fr\u00e4sch &amp; feminin \u2728\" \/>\n<meta property=\"og:description\" content=\"\ud83d\udc99 \u00c4rml\u00f6s volangtopp fr\u00e5n Chica London \u2013 fr\u00e4sch &amp; feminin \u2728 \ud83c\udf3f Ljusbl\u00e5 f\u00e4rg som ger en mjuk och somrig k\u00e4nsla\ud83d\udcab Vackra volanger\/kr\u00e5s framtill\ud83c\udf80 Knytdetalj som ger ett elegant fall\ud83d\udc5a \u00c4rml\u00f6s modell \u2013 perfekt f\u00f6r varma dagar\u2728 L\u00e4tt och luftig kvalitet \ud83d\udccf Storlekar:S\/M \u2013 Omkrets ca 112 cm | L\u00e4ngd ca 63 cmL\/XL \u2013 Omkrets ca 122 cm | L\u00e4ngd ca 64 cm \ud83d\udccf Normal i storlek \ud83e\uddf5 Material: 100% polyester\ud83e\udee7 Tv\u00e4tt: 30\u00b0C\ud83d\udc4c Stretch: Nej \ud83d\udc56 Stylingtips: Matcha med ljusa jeans eller kjol f\u00f6r en fr\u00e4sch och somrig look \ud83d\udc95 \ud83d\udc96 En elegant topp som passar perfekt b\u00e5de till vardag och fest \ud83d\udc99\u2728\" \/>\n<meta property=\"og:url\" content=\"https:\/\/stilanddesign.se\/en\/product\/\ud83d\udc99-armlos-volangtopp-fran-chica-london-frasch-feminin-\u2728\/\" \/>\n<meta property=\"og:site_name\" content=\"Stil &amp; Design\" \/>\n<meta property=\"article:modified_time\" content=\"2026-04-27T08:06:39+00:00\" \/>\n<meta property=\"og:image\" content=\"https:\/\/stilanddesign.se\/wp-content\/uploads\/2024\/11\/6-5-scaled-1.jpg\" \/>\n\t<meta property=\"og:image:width\" content=\"1522\" \/>\n\t<meta property=\"og:image:height\" content=\"2560\" \/>\n\t<meta property=\"og:image:type\" content=\"image\/jpeg\" \/>\n<meta name=\"twitter:card\" content=\"summary_large_image\" \/>\n<meta name=\"twitter:label1\" content=\"Est. reading time\" \/>\n\t<meta name=\"twitter:data1\" content=\"1 minute\" \/>\n<script type=\"application\/ld+json\" class=\"yoast-schema-graph\">{\"@context\":\"https:\\\/\\\/schema.org\",\"@graph\":[{\"@type\":\"WebPage\",\"@id\":\"https:\\\/\\\/stilanddesign.se\\\/produkt\\\/%f0%9f%92%99-armlos-volangtopp-fran-chica-london-frasch-feminin-%e2%9c%a8\\\/\",\"url\":\"https:\\\/\\\/stilanddesign.se\\\/produkt\\\/%f0%9f%92%99-armlos-volangtopp-fran-chica-london-frasch-feminin-%e2%9c%a8\\\/\",\"name\":\"\ud83d\udc99 \u00c4rml\u00f6s volangtopp fr\u00e5n Chica London \u2013 fr\u00e4sch & feminin \u2728 - Stil &amp; Design\",\"isPartOf\":{\"@id\":\"https:\\\/\\\/stilanddesign.se\\\/#website\"},\"primaryImageOfPage\":{\"@id\":\"https:\\\/\\\/stilanddesign.se\\\/produkt\\\/%f0%9f%92%99-armlos-volangtopp-fran-chica-london-frasch-feminin-%e2%9c%a8\\\/#primaryimage\"},\"image\":{\"@id\":\"https:\\\/\\\/stilanddesign.se\\\/produkt\\\/%f0%9f%92%99-armlos-volangtopp-fran-chica-london-frasch-feminin-%e2%9c%a8\\\/#primaryimage\"},\"thumbnailUrl\":\"https:\\\/\\\/stilanddesign.se\\\/wp-content\\\/uploads\\\/2024\\\/11\\\/6-5-scaled-1.jpg\",\"datePublished\":\"2026-04-24T11:28:00+00:00\",\"dateModified\":\"2026-04-27T08:06:39+00:00\",\"breadcrumb\":{\"@id\":\"https:\\\/\\\/stilanddesign.se\\\/produkt\\\/%f0%9f%92%99-armlos-volangtopp-fran-chica-london-frasch-feminin-%e2%9c%a8\\\/#breadcrumb\"},\"inLanguage\":\"en-US\",\"potentialAction\":[{\"@type\":\"ReadAction\",\"target\":[\"https:\\\/\\\/stilanddesign.se\\\/produkt\\\/%f0%9f%92%99-armlos-volangtopp-fran-chica-london-frasch-feminin-%e2%9c%a8\\\/\"]}]},{\"@type\":\"ImageObject\",\"inLanguage\":\"en-US\",\"@id\":\"https:\\\/\\\/stilanddesign.se\\\/produkt\\\/%f0%9f%92%99-armlos-volangtopp-fran-chica-london-frasch-feminin-%e2%9c%a8\\\/#primaryimage\",\"url\":\"https:\\\/\\\/stilanddesign.se\\\/wp-content\\\/uploads\\\/2024\\\/11\\\/6-5-scaled-1.jpg\",\"contentUrl\":\"https:\\\/\\\/stilanddesign.se\\\/wp-content\\\/uploads\\\/2024\\\/11\\\/6-5-scaled-1.jpg\",\"width\":1522,\"height\":2560},{\"@type\":\"BreadcrumbList\",\"@id\":\"https:\\\/\\\/stilanddesign.se\\\/produkt\\\/%f0%9f%92%99-armlos-volangtopp-fran-chica-london-frasch-feminin-%e2%9c%a8\\\/#breadcrumb\",\"itemListElement\":[{\"@type\":\"ListItem\",\"position\":1,\"name\":\"Hem\",\"item\":\"https:\\\/\\\/stilanddesign.se\\\/\"},{\"@type\":\"ListItem\",\"position\":2,\"name\":\"Butiken\",\"item\":\"https:\\\/\\\/stilanddesign.se\\\/butiken\\\/\"},{\"@type\":\"ListItem\",\"position\":3,\"name\":\"\ud83d\udc99 \u00c4rml\u00f6s volangtopp fr\u00e5n Chica London \u2013 fr\u00e4sch &#038; feminin \u2728\"}]},{\"@type\":\"WebSite\",\"@id\":\"https:\\\/\\\/stilanddesign.se\\\/#website\",\"url\":\"https:\\\/\\\/stilanddesign.se\\\/\",\"name\":\"Stil &amp; Design\",\"description\":\"F\u00f6r oss som \u00e4lskar mode!\",\"publisher\":{\"@id\":\"https:\\\/\\\/stilanddesign.se\\\/#organization\"},\"potentialAction\":[{\"@type\":\"SearchAction\",\"target\":{\"@type\":\"EntryPoint\",\"urlTemplate\":\"https:\\\/\\\/stilanddesign.se\\\/?s={search_term_string}\"},\"query-input\":{\"@type\":\"PropertyValueSpecification\",\"valueRequired\":true,\"valueName\":\"search_term_string\"}}],\"inLanguage\":\"en-US\"},{\"@type\":\"Organization\",\"@id\":\"https:\\\/\\\/stilanddesign.se\\\/#organization\",\"name\":\"Stil &amp; Design\",\"url\":\"https:\\\/\\\/stilanddesign.se\\\/\",\"logo\":{\"@type\":\"ImageObject\",\"inLanguage\":\"en-US\",\"@id\":\"https:\\\/\\\/stilanddesign.se\\\/#\\\/schema\\\/logo\\\/image\\\/\",\"url\":\"https:\\\/\\\/stilanddesign.se\\\/wp-content\\\/uploads\\\/2023\\\/12\\\/output-onlinepngtools-e1727784413220.png\",\"contentUrl\":\"https:\\\/\\\/stilanddesign.se\\\/wp-content\\\/uploads\\\/2023\\\/12\\\/output-onlinepngtools-e1727784413220.png\",\"width\":519,\"height\":135,\"caption\":\"Stil &amp; Design\"},\"image\":{\"@id\":\"https:\\\/\\\/stilanddesign.se\\\/#\\\/schema\\\/logo\\\/image\\\/\"}}]}<\/script>\n<!-- \/ Yoast SEO Premium plugin. -->","yoast_head_json":{"title":"\ud83d\udc99 \u00c4rml\u00f6s volangtopp fr\u00e5n Chica London \u2013 fr\u00e4sch & feminin \u2728 - Stil &amp; Design","robots":{"index":"index","follow":"follow","max-snippet":"max-snippet:-1","max-image-preview":"max-image-preview:large","max-video-preview":"max-video-preview:-1"},"canonical":"https:\/\/stilanddesign.se\/en\/product\/\ud83d\udc99-armlos-volangtopp-fran-chica-london-frasch-feminin-\u2728\/","og_locale":"en_US","og_type":"article","og_title":"\ud83d\udc99 \u00c4rml\u00f6s volangtopp fr\u00e5n Chica London \u2013 fr\u00e4sch & feminin \u2728","og_description":"\ud83d\udc99 \u00c4rml\u00f6s volangtopp fr\u00e5n Chica London \u2013 fr\u00e4sch &amp; feminin \u2728 \ud83c\udf3f Ljusbl\u00e5 f\u00e4rg som ger en mjuk och somrig k\u00e4nsla\ud83d\udcab Vackra volanger\/kr\u00e5s framtill\ud83c\udf80 Knytdetalj som ger ett elegant fall\ud83d\udc5a \u00c4rml\u00f6s modell \u2013 perfekt f\u00f6r varma dagar\u2728 L\u00e4tt och luftig kvalitet \ud83d\udccf Storlekar:S\/M \u2013 Omkrets ca 112 cm | L\u00e4ngd ca 63 cmL\/XL \u2013 Omkrets ca 122 cm | L\u00e4ngd ca 64 cm \ud83d\udccf Normal i storlek \ud83e\uddf5 Material: 100% polyester\ud83e\udee7 Tv\u00e4tt: 30\u00b0C\ud83d\udc4c Stretch: Nej \ud83d\udc56 Stylingtips: Matcha med ljusa jeans eller kjol f\u00f6r en fr\u00e4sch och somrig look \ud83d\udc95 \ud83d\udc96 En elegant topp som passar perfekt b\u00e5de till vardag och fest \ud83d\udc99\u2728","og_url":"https:\/\/stilanddesign.se\/en\/product\/\ud83d\udc99-armlos-volangtopp-fran-chica-london-frasch-feminin-\u2728\/","og_site_name":"Stil &amp; Design","article_modified_time":"2026-04-27T08:06:39+00:00","og_image":[{"width":1522,"height":2560,"url":"https:\/\/stilanddesign.se\/wp-content\/uploads\/2024\/11\/6-5-scaled-1.jpg","type":"image\/jpeg"}],"twitter_card":"summary_large_image","twitter_misc":{"Est. reading time":"1 minute"},"schema":{"@context":"https:\/\/schema.org","@graph":[{"@type":"WebPage","@id":"https:\/\/stilanddesign.se\/produkt\/%f0%9f%92%99-armlos-volangtopp-fran-chica-london-frasch-feminin-%e2%9c%a8\/","url":"https:\/\/stilanddesign.se\/produkt\/%f0%9f%92%99-armlos-volangtopp-fran-chica-london-frasch-feminin-%e2%9c%a8\/","name":"\ud83d\udc99 \u00c4rml\u00f6s volangtopp fr\u00e5n Chica London \u2013 fr\u00e4sch & feminin \u2728 - Stil &amp; Design","isPartOf":{"@id":"https:\/\/stilanddesign.se\/#website"},"primaryImageOfPage":{"@id":"https:\/\/stilanddesign.se\/produkt\/%f0%9f%92%99-armlos-volangtopp-fran-chica-london-frasch-feminin-%e2%9c%a8\/#primaryimage"},"image":{"@id":"https:\/\/stilanddesign.se\/produkt\/%f0%9f%92%99-armlos-volangtopp-fran-chica-london-frasch-feminin-%e2%9c%a8\/#primaryimage"},"thumbnailUrl":"https:\/\/stilanddesign.se\/wp-content\/uploads\/2024\/11\/6-5-scaled-1.jpg","datePublished":"2026-04-24T11:28:00+00:00","dateModified":"2026-04-27T08:06:39+00:00","breadcrumb":{"@id":"https:\/\/stilanddesign.se\/produkt\/%f0%9f%92%99-armlos-volangtopp-fran-chica-london-frasch-feminin-%e2%9c%a8\/#breadcrumb"},"inLanguage":"en-US","potentialAction":[{"@type":"ReadAction","target":["https:\/\/stilanddesign.se\/produkt\/%f0%9f%92%99-armlos-volangtopp-fran-chica-london-frasch-feminin-%e2%9c%a8\/"]}]},{"@type":"ImageObject","inLanguage":"en-US","@id":"https:\/\/stilanddesign.se\/produkt\/%f0%9f%92%99-armlos-volangtopp-fran-chica-london-frasch-feminin-%e2%9c%a8\/#primaryimage","url":"https:\/\/stilanddesign.se\/wp-content\/uploads\/2024\/11\/6-5-scaled-1.jpg","contentUrl":"https:\/\/stilanddesign.se\/wp-content\/uploads\/2024\/11\/6-5-scaled-1.jpg","width":1522,"height":2560},{"@type":"BreadcrumbList","@id":"https:\/\/stilanddesign.se\/produkt\/%f0%9f%92%99-armlos-volangtopp-fran-chica-london-frasch-feminin-%e2%9c%a8\/#breadcrumb","itemListElement":[{"@type":"ListItem","position":1,"name":"Hem","item":"https:\/\/stilanddesign.se\/"},{"@type":"ListItem","position":2,"name":"Butiken","item":"https:\/\/stilanddesign.se\/butiken\/"},{"@type":"ListItem","position":3,"name":"\ud83d\udc99 \u00c4rml\u00f6s volangtopp fr\u00e5n Chica London \u2013 fr\u00e4sch &#038; feminin \u2728"}]},{"@type":"WebSite","@id":"https:\/\/stilanddesign.se\/#website","url":"https:\/\/stilanddesign.se\/","name":"Style &amp; Design","description":"For those of us who love fashion!","publisher":{"@id":"https:\/\/stilanddesign.se\/#organization"},"potentialAction":[{"@type":"SearchAction","target":{"@type":"EntryPoint","urlTemplate":"https:\/\/stilanddesign.se\/?s={search_term_string}"},"query-input":{"@type":"PropertyValueSpecification","valueRequired":true,"valueName":"search_term_string"}}],"inLanguage":"en-US"},{"@type":"Organization","@id":"https:\/\/stilanddesign.se\/#organization","name":"Style &amp; Design","url":"https:\/\/stilanddesign.se\/","logo":{"@type":"ImageObject","inLanguage":"en-US","@id":"https:\/\/stilanddesign.se\/#\/schema\/logo\/image\/","url":"https:\/\/stilanddesign.se\/wp-content\/uploads\/2023\/12\/output-onlinepngtools-e1727784413220.png","contentUrl":"https:\/\/stilanddesign.se\/wp-content\/uploads\/2023\/12\/output-onlinepngtools-e1727784413220.png","width":519,"height":135,"caption":"Stil &amp; Design"},"image":{"@id":"https:\/\/stilanddesign.se\/#\/schema\/logo\/image\/"}}]}},"_links":{"self":[{"href":"https:\/\/stilanddesign.se\/en\/wp-json\/wp\/v2\/product\/1008021","targetHints":{"allow":["GET"]}}],"collection":[{"href":"https:\/\/stilanddesign.se\/en\/wp-json\/wp\/v2\/product"}],"about":[{"href":"https:\/\/stilanddesign.se\/en\/wp-json\/wp\/v2\/types\/product"}],"replies":[{"embeddable":true,"href":"https:\/\/stilanddesign.se\/en\/wp-json\/wp\/v2\/comments?post=1008021"}],"wp:featuredmedia":[{"embeddable":true,"href":"https:\/\/stilanddesign.se\/en\/wp-json\/wp\/v2\/media\/1008073"}],"wp:attachment":[{"href":"https:\/\/stilanddesign.se\/en\/wp-json\/wp\/v2\/media?parent=1008021"}],"wp:term":[{"taxonomy":"product_brand","embeddable":true,"href":"https:\/\/stilanddesign.se\/en\/wp-json\/wp\/v2\/product_brand?post=1008021"},{"taxonomy":"product_cat","embeddable":true,"href":"https:\/\/stilanddesign.se\/en\/wp-json\/wp\/v2\/product_cat?post=1008021"},{"taxonomy":"product_tag","embeddable":true,"href":"https:\/\/stilanddesign.se\/en\/wp-json\/wp\/v2\/product_tag?post=1008021"}],"curies":[{"name":"wp","href":"https:\/\/api.w.org\/{rel}","templated":true}]}}