{"id":1007437,"date":"2024-11-08T18:22:25","date_gmt":"2024-11-08T17:22:25","guid":{"rendered":"https:\/\/stilanddesign.se\/?post_type=product&#038;p=1007437"},"modified":"2025-04-23T06:04:20","modified_gmt":"2025-04-23T04:04:20","slug":"stickad-troja-v-ringad-vintervit","status":"publish","type":"product","link":"https:\/\/stilanddesign.se\/en\/product\/stickad-troja-v-ringad-vintervit\/","title":{"rendered":"Knitted sweater V-neck winter white!"},"content":{"rendered":"<h1 class=\"alt-font\" data-testid=\"product-title\"><strong>Knitted sweater V-neck winter white!<\/strong><\/h1>\n<h2 class=\"s1s3479f\">Product description<\/h2>\n<div class=\"rah-static rah-static--height-auto\" aria-hidden=\"false\">\n<div>\n<article class=\"d1asp6wy\">Stylish knitted sweater with three-quarter sleeves and a V-neck! Has penguin sleeves and a cuff around the neckline.<\/article>\n<article class=\"d1asp6wy\"><strong>Measure:<\/strong><strong>One size<\/strong>\u2022<\/article>\n<article class=\"d1asp6wy\">Armpit to armpit circumference: approx. 144 cm.\u2022 Length from shoulder to bottom: approx. 58 cm.<\/article>\n<article class=\"d1asp6wy\">One size, fits approximately XS\/34 \u2013 XXL\/44.<\/article>\n<\/div>\n<article>Material: 52% viscose 26% polyester 22% polyamide<\/article>\n<\/div>","protected":false},"excerpt":{"rendered":"<h1 class=\"alt-font\" data-testid=\"product-title\"><strong>Knitted sweater V-neck winter white!<\/strong><\/h1>\n<h2 class=\"s1s3479f\">Product description<\/h2>\n<div class=\"rah-static rah-static--height-auto\" aria-hidden=\"false\">\n<div>\n<article class=\"d1asp6wy\">Stylish knitted sweater with three-quarter sleeves and a V-neck! Has penguin sleeves and a cuff around the neckline.<\/article>\n<article class=\"d1asp6wy\"><strong>Measure:<\/strong><strong>One size<\/strong>\u2022<\/article>\n<article class=\"d1asp6wy\">Armpit to armpit circumference: approx. 144 cm.\u2022 Length from shoulder to bottom: approx. 58 cm.<\/article>\n<article class=\"d1asp6wy\">One size, fits approximately XS\/34 \u2013 XXL\/44.<\/article>\n<\/div>\n<article>Material: 52% viscose 26% polyester 22% polyamide<\/article>\n<\/div>","protected":false},"featured_media":1007482,"comment_status":"closed","ping_status":"closed","template":"","meta":[],"product_brand":[],"product_cat":[223],"product_tag":[],"class_list":{"0":"post-1007437","1":"product","2":"type-product","3":"status-publish","4":"has-post-thumbnail","6":"product_cat-stickade-trojor","8":"first","9":"outofstock","10":"taxable","11":"shipping-taxable","12":"product-type-variable"},"yoast_head":"<!-- This site is optimized with the Yoast SEO Premium plugin v27.1 (Yoast SEO v27.4) - https:\/\/yoast.com\/product\/yoast-seo-premium-wordpress\/ -->\n<title>Stickad tr\u00f6ja V-ringad vintervit! - Stil &amp; Design<\/title>\n<meta name=\"robots\" content=\"index, follow, max-snippet:-1, max-image-preview:large, max-video-preview:-1\" \/>\n<link rel=\"canonical\" href=\"https:\/\/stilanddesign.se\/en\/product\/stickad-troja-v-ringad-vintervit\/\" \/>\n<meta property=\"og:locale\" content=\"en_US\" \/>\n<meta property=\"og:type\" content=\"article\" \/>\n<meta property=\"og:title\" content=\"Stickad tr\u00f6ja V-ringad vintervit!\" \/>\n<meta property=\"og:description\" content=\"Stickad tr\u00f6ja V-ringad vintervit! Produktbeskrivning  Snygg stickad tr\u00f6ja med trekvarts\u00e4rm och V-ringning!Har pingvin\u00e4rmar och \u00e4r en mudd runt halsringningen.M\u00e5tt:Onesize\u2022Armh\u00e5la till armh\u00e5la omkrets: ca 144 cm.\u2022 L\u00e4ngd axel och ner: ca 58 cm.Onesize, passar uppskattningsvis XS\/34 - XXL\/44. Material: 52% viskos 26% polyester 22% polyamide\" \/>\n<meta property=\"og:url\" content=\"https:\/\/stilanddesign.se\/en\/product\/stickad-troja-v-ringad-vintervit\/\" \/>\n<meta property=\"og:site_name\" content=\"Stil &amp; Design\" \/>\n<meta property=\"article:modified_time\" content=\"2025-04-23T04:04:20+00:00\" \/>\n<meta property=\"og:image\" content=\"https:\/\/stilanddesign.se\/wp-content\/uploads\/2024\/11\/Benvit-troja-1-scaled-1.jpg\" \/>\n\t<meta property=\"og:image:width\" content=\"1607\" \/>\n\t<meta property=\"og:image:height\" content=\"2560\" \/>\n\t<meta property=\"og:image:type\" content=\"image\/jpeg\" \/>\n<meta name=\"twitter:card\" content=\"summary_large_image\" \/>\n<meta name=\"twitter:label1\" content=\"Est. reading time\" \/>\n\t<meta name=\"twitter:data1\" content=\"1 minute\" \/>\n<script type=\"application\/ld+json\" class=\"yoast-schema-graph\">{\"@context\":\"https:\\\/\\\/schema.org\",\"@graph\":[{\"@type\":\"WebPage\",\"@id\":\"https:\\\/\\\/stilanddesign.se\\\/produkt\\\/stickad-troja-v-ringad-vintervit\\\/\",\"url\":\"https:\\\/\\\/stilanddesign.se\\\/produkt\\\/stickad-troja-v-ringad-vintervit\\\/\",\"name\":\"Stickad tr\u00f6ja V-ringad vintervit! - Stil &amp; Design\",\"isPartOf\":{\"@id\":\"https:\\\/\\\/stilanddesign.se\\\/#website\"},\"primaryImageOfPage\":{\"@id\":\"https:\\\/\\\/stilanddesign.se\\\/produkt\\\/stickad-troja-v-ringad-vintervit\\\/#primaryimage\"},\"image\":{\"@id\":\"https:\\\/\\\/stilanddesign.se\\\/produkt\\\/stickad-troja-v-ringad-vintervit\\\/#primaryimage\"},\"thumbnailUrl\":\"https:\\\/\\\/stilanddesign.se\\\/wp-content\\\/uploads\\\/2024\\\/11\\\/Benvit-troja-1-scaled-1.jpg\",\"datePublished\":\"2024-11-08T17:22:25+00:00\",\"dateModified\":\"2025-04-23T04:04:20+00:00\",\"breadcrumb\":{\"@id\":\"https:\\\/\\\/stilanddesign.se\\\/produkt\\\/stickad-troja-v-ringad-vintervit\\\/#breadcrumb\"},\"inLanguage\":\"en-US\",\"potentialAction\":[{\"@type\":\"ReadAction\",\"target\":[\"https:\\\/\\\/stilanddesign.se\\\/produkt\\\/stickad-troja-v-ringad-vintervit\\\/\"]}]},{\"@type\":\"ImageObject\",\"inLanguage\":\"en-US\",\"@id\":\"https:\\\/\\\/stilanddesign.se\\\/produkt\\\/stickad-troja-v-ringad-vintervit\\\/#primaryimage\",\"url\":\"https:\\\/\\\/stilanddesign.se\\\/wp-content\\\/uploads\\\/2024\\\/11\\\/Benvit-troja-1-scaled-1.jpg\",\"contentUrl\":\"https:\\\/\\\/stilanddesign.se\\\/wp-content\\\/uploads\\\/2024\\\/11\\\/Benvit-troja-1-scaled-1.jpg\",\"width\":1607,\"height\":2560},{\"@type\":\"BreadcrumbList\",\"@id\":\"https:\\\/\\\/stilanddesign.se\\\/produkt\\\/stickad-troja-v-ringad-vintervit\\\/#breadcrumb\",\"itemListElement\":[{\"@type\":\"ListItem\",\"position\":1,\"name\":\"Hem\",\"item\":\"https:\\\/\\\/stilanddesign.se\\\/\"},{\"@type\":\"ListItem\",\"position\":2,\"name\":\"Butiken\",\"item\":\"https:\\\/\\\/stilanddesign.se\\\/butiken\\\/\"},{\"@type\":\"ListItem\",\"position\":3,\"name\":\"Stickad tr\u00f6ja V-ringad vintervit!\"}]},{\"@type\":\"WebSite\",\"@id\":\"https:\\\/\\\/stilanddesign.se\\\/#website\",\"url\":\"https:\\\/\\\/stilanddesign.se\\\/\",\"name\":\"Stil &amp; Design\",\"description\":\"F\u00f6r oss som \u00e4lskar mode!\",\"publisher\":{\"@id\":\"https:\\\/\\\/stilanddesign.se\\\/#organization\"},\"potentialAction\":[{\"@type\":\"SearchAction\",\"target\":{\"@type\":\"EntryPoint\",\"urlTemplate\":\"https:\\\/\\\/stilanddesign.se\\\/?s={search_term_string}\"},\"query-input\":{\"@type\":\"PropertyValueSpecification\",\"valueRequired\":true,\"valueName\":\"search_term_string\"}}],\"inLanguage\":\"en-US\"},{\"@type\":\"Organization\",\"@id\":\"https:\\\/\\\/stilanddesign.se\\\/#organization\",\"name\":\"Stil &amp; Design\",\"url\":\"https:\\\/\\\/stilanddesign.se\\\/\",\"logo\":{\"@type\":\"ImageObject\",\"inLanguage\":\"en-US\",\"@id\":\"https:\\\/\\\/stilanddesign.se\\\/#\\\/schema\\\/logo\\\/image\\\/\",\"url\":\"https:\\\/\\\/stilanddesign.se\\\/wp-content\\\/uploads\\\/2023\\\/12\\\/output-onlinepngtools-e1727784413220.png\",\"contentUrl\":\"https:\\\/\\\/stilanddesign.se\\\/wp-content\\\/uploads\\\/2023\\\/12\\\/output-onlinepngtools-e1727784413220.png\",\"width\":519,\"height\":135,\"caption\":\"Stil &amp; Design\"},\"image\":{\"@id\":\"https:\\\/\\\/stilanddesign.se\\\/#\\\/schema\\\/logo\\\/image\\\/\"}}]}<\/script>\n<!-- \/ Yoast SEO Premium plugin. -->","yoast_head_json":{"title":"Stickad tr\u00f6ja V-ringad vintervit! - Stil &amp; Design","robots":{"index":"index","follow":"follow","max-snippet":"max-snippet:-1","max-image-preview":"max-image-preview:large","max-video-preview":"max-video-preview:-1"},"canonical":"https:\/\/stilanddesign.se\/en\/product\/stickad-troja-v-ringad-vintervit\/","og_locale":"en_US","og_type":"article","og_title":"Stickad tr\u00f6ja V-ringad vintervit!","og_description":"Stickad tr\u00f6ja V-ringad vintervit! Produktbeskrivning  Snygg stickad tr\u00f6ja med trekvarts\u00e4rm och V-ringning!Har pingvin\u00e4rmar och \u00e4r en mudd runt halsringningen.M\u00e5tt:Onesize\u2022Armh\u00e5la till armh\u00e5la omkrets: ca 144 cm.\u2022 L\u00e4ngd axel och ner: ca 58 cm.Onesize, passar uppskattningsvis XS\/34 - XXL\/44. Material: 52% viskos 26% polyester 22% polyamide","og_url":"https:\/\/stilanddesign.se\/en\/product\/stickad-troja-v-ringad-vintervit\/","og_site_name":"Stil &amp; Design","article_modified_time":"2025-04-23T04:04:20+00:00","og_image":[{"width":1607,"height":2560,"url":"https:\/\/stilanddesign.se\/wp-content\/uploads\/2024\/11\/Benvit-troja-1-scaled-1.jpg","type":"image\/jpeg"}],"twitter_card":"summary_large_image","twitter_misc":{"Est. reading time":"1 minute"},"schema":{"@context":"https:\/\/schema.org","@graph":[{"@type":"WebPage","@id":"https:\/\/stilanddesign.se\/produkt\/stickad-troja-v-ringad-vintervit\/","url":"https:\/\/stilanddesign.se\/produkt\/stickad-troja-v-ringad-vintervit\/","name":"Stickad tr\u00f6ja V-ringad vintervit! - Stil &amp; Design","isPartOf":{"@id":"https:\/\/stilanddesign.se\/#website"},"primaryImageOfPage":{"@id":"https:\/\/stilanddesign.se\/produkt\/stickad-troja-v-ringad-vintervit\/#primaryimage"},"image":{"@id":"https:\/\/stilanddesign.se\/produkt\/stickad-troja-v-ringad-vintervit\/#primaryimage"},"thumbnailUrl":"https:\/\/stilanddesign.se\/wp-content\/uploads\/2024\/11\/Benvit-troja-1-scaled-1.jpg","datePublished":"2024-11-08T17:22:25+00:00","dateModified":"2025-04-23T04:04:20+00:00","breadcrumb":{"@id":"https:\/\/stilanddesign.se\/produkt\/stickad-troja-v-ringad-vintervit\/#breadcrumb"},"inLanguage":"en-US","potentialAction":[{"@type":"ReadAction","target":["https:\/\/stilanddesign.se\/produkt\/stickad-troja-v-ringad-vintervit\/"]}]},{"@type":"ImageObject","inLanguage":"en-US","@id":"https:\/\/stilanddesign.se\/produkt\/stickad-troja-v-ringad-vintervit\/#primaryimage","url":"https:\/\/stilanddesign.se\/wp-content\/uploads\/2024\/11\/Benvit-troja-1-scaled-1.jpg","contentUrl":"https:\/\/stilanddesign.se\/wp-content\/uploads\/2024\/11\/Benvit-troja-1-scaled-1.jpg","width":1607,"height":2560},{"@type":"BreadcrumbList","@id":"https:\/\/stilanddesign.se\/produkt\/stickad-troja-v-ringad-vintervit\/#breadcrumb","itemListElement":[{"@type":"ListItem","position":1,"name":"Hem","item":"https:\/\/stilanddesign.se\/"},{"@type":"ListItem","position":2,"name":"Butiken","item":"https:\/\/stilanddesign.se\/butiken\/"},{"@type":"ListItem","position":3,"name":"Stickad tr\u00f6ja V-ringad vintervit!"}]},{"@type":"WebSite","@id":"https:\/\/stilanddesign.se\/#website","url":"https:\/\/stilanddesign.se\/","name":"Style &amp; Design","description":"For those of us who love fashion!","publisher":{"@id":"https:\/\/stilanddesign.se\/#organization"},"potentialAction":[{"@type":"SearchAction","target":{"@type":"EntryPoint","urlTemplate":"https:\/\/stilanddesign.se\/?s={search_term_string}"},"query-input":{"@type":"PropertyValueSpecification","valueRequired":true,"valueName":"search_term_string"}}],"inLanguage":"en-US"},{"@type":"Organization","@id":"https:\/\/stilanddesign.se\/#organization","name":"Style &amp; Design","url":"https:\/\/stilanddesign.se\/","logo":{"@type":"ImageObject","inLanguage":"en-US","@id":"https:\/\/stilanddesign.se\/#\/schema\/logo\/image\/","url":"https:\/\/stilanddesign.se\/wp-content\/uploads\/2023\/12\/output-onlinepngtools-e1727784413220.png","contentUrl":"https:\/\/stilanddesign.se\/wp-content\/uploads\/2023\/12\/output-onlinepngtools-e1727784413220.png","width":519,"height":135,"caption":"Stil &amp; Design"},"image":{"@id":"https:\/\/stilanddesign.se\/#\/schema\/logo\/image\/"}}]}},"_links":{"self":[{"href":"https:\/\/stilanddesign.se\/en\/wp-json\/wp\/v2\/product\/1007437","targetHints":{"allow":["GET"]}}],"collection":[{"href":"https:\/\/stilanddesign.se\/en\/wp-json\/wp\/v2\/product"}],"about":[{"href":"https:\/\/stilanddesign.se\/en\/wp-json\/wp\/v2\/types\/product"}],"replies":[{"embeddable":true,"href":"https:\/\/stilanddesign.se\/en\/wp-json\/wp\/v2\/comments?post=1007437"}],"wp:featuredmedia":[{"embeddable":true,"href":"https:\/\/stilanddesign.se\/en\/wp-json\/wp\/v2\/media\/1007482"}],"wp:attachment":[{"href":"https:\/\/stilanddesign.se\/en\/wp-json\/wp\/v2\/media?parent=1007437"}],"wp:term":[{"taxonomy":"product_brand","embeddable":true,"href":"https:\/\/stilanddesign.se\/en\/wp-json\/wp\/v2\/product_brand?post=1007437"},{"taxonomy":"product_cat","embeddable":true,"href":"https:\/\/stilanddesign.se\/en\/wp-json\/wp\/v2\/product_cat?post=1007437"},{"taxonomy":"product_tag","embeddable":true,"href":"https:\/\/stilanddesign.se\/en\/wp-json\/wp\/v2\/product_tag?post=1007437"}],"curies":[{"name":"wp","href":"https:\/\/api.w.org\/{rel}","templated":true}]}}