{"id":1004854,"date":"2025-02-01T08:39:02","date_gmt":"2025-02-01T07:39:02","guid":{"rendered":"https:\/\/stilanddesign.se\/?post_type=product&#038;p=1004854"},"modified":"2025-06-28T10:40:28","modified_gmt":"2025-06-28T08:40:28","slug":"sommarens-sotaste-klanning-med-volang-framtill-f-sisters-point-2","status":"publish","type":"product","link":"https:\/\/stilanddesign.se\/en\/product\/sommarens-sotaste-klanning-med-volang-framtill-f-sisters-point-2\/","title":{"rendered":"Summer&#039;s cutest dress with ruffles at the front F Sisters Point!."},"content":{"rendered":"<h1 class=\"alt-font\">Summer&#039;s cutest dress with ruffles at the front F Sisters Point!.<\/h1>\n<p>Uppt\u00e4ck sommarens s\u00f6taste kl\u00e4nning fr\u00e5n det popul\u00e4ra varum\u00e4rket Sisters Point! Denna kl\u00e4nning \u00e4r en riktig p\u00e4rla som kommer att g\u00f6ra dig till sommarens modeikon.<\/p>\n<p>Med sin trendiga och feminina design \u00e4r denna kl\u00e4nning perfekt f\u00f6r alla sommaraktiviteter. Den \u00e4r tillverkad av ett l\u00e4tt och luftigt material som kommer att h\u00e5lla dig sval och bekv\u00e4m under varma dagar. Dessutom har den en smickrande passform som framh\u00e4ver din figur p\u00e5 b\u00e4sta s\u00e4tt. Kl\u00e4nningens vackra m\u00f6nster och f\u00e4rgglada detaljer kommer att ge dig en lekfull och livlig look. Oavsett om du ska p\u00e5 stranden, ut p\u00e5 stan eller p\u00e5 en sommarfest, kommer denna kl\u00e4nning att f\u00e5 dig att k\u00e4nna dig b\u00e5de snygg och sj\u00e4lvs\u00e4ker. S\u00e5 ge dig sj\u00e4lv en look som sticker ut i sommar och skapa trendiga och minnesv\u00e4rda outfits med den s\u00f6taste kl\u00e4nningen fr\u00e5n Sisters Point. Du kommer att bli en riktig stj\u00e4rna vart du \u00e4n g\u00e5r! L\u00e4ngd p\u00e5 kl\u00e4nningen \u00e4r ca94cm.<\/p>\n<p>Material<\/p>\n<p>100% polyester<\/p>\n<p>Washing instructions<\/p>\n<p>30 degrees<\/p>","protected":false},"excerpt":{"rendered":"<h1 class=\"alt-font\">Summer&#039;s cutest dress with ruffles at the front F Sisters Point!.<\/h1>\n<p>Uppt\u00e4ck sommarens s\u00f6taste kl\u00e4nning fr\u00e5n det popul\u00e4ra varum\u00e4rket Sisters Point! Denna kl\u00e4nning \u00e4r en riktig p\u00e4rla som kommer att g\u00f6ra dig till sommarens modeikon.<\/p>\n<p>Med sin trendiga och feminina design \u00e4r denna kl\u00e4nning perfekt f\u00f6r alla sommaraktiviteter. Den \u00e4r tillverkad av ett l\u00e4tt och luftigt material som kommer att h\u00e5lla dig sval och bekv\u00e4m under varma dagar. Dessutom har den en smickrande passform som framh\u00e4ver din figur p\u00e5 b\u00e4sta s\u00e4tt. Kl\u00e4nningens vackra m\u00f6nster och f\u00e4rgglada detaljer kommer att ge dig en lekfull och livlig look. Oavsett om du ska p\u00e5 stranden, ut p\u00e5 stan eller p\u00e5 en sommarfest, kommer denna kl\u00e4nning att f\u00e5 dig att k\u00e4nna dig b\u00e5de snygg och sj\u00e4lvs\u00e4ker. S\u00e5 ge dig sj\u00e4lv en look som sticker ut i sommar och skapa trendiga och minnesv\u00e4rda outfits med den s\u00f6taste kl\u00e4nningen fr\u00e5n Sisters Point. Du kommer att bli en riktig stj\u00e4rna vart du \u00e4n g\u00e5r! L\u00e4ngd p\u00e5 kl\u00e4nningen \u00e4r ca94cm.<\/p>\n<p>Material<\/p>\n<p>100% polyester<\/p>\n<p>Washing instructions<\/p>\n<p>30 degrees<\/p>","protected":false},"featured_media":1004911,"comment_status":"closed","ping_status":"closed","template":"","meta":[],"product_brand":[],"product_cat":[215],"product_tag":[],"class_list":{"0":"post-1004854","1":"product","2":"type-product","3":"status-publish","4":"has-post-thumbnail","6":"product_cat-klanningar","8":"first","9":"outofstock","10":"taxable","11":"shipping-taxable","12":"product-type-variable"},"yoast_head":"<!-- This site is optimized with the Yoast SEO Premium plugin v27.4 (Yoast SEO v27.5) - https:\/\/yoast.com\/product\/yoast-seo-premium-wordpress\/ -->\n<title>Sommarens s\u00f6taste kl\u00e4nning med volang framtill F Sisters Point!. - Stil &amp; Design<\/title>\n<meta name=\"robots\" content=\"index, follow, max-snippet:-1, max-image-preview:large, max-video-preview:-1\" \/>\n<link rel=\"canonical\" href=\"https:\/\/stilanddesign.se\/en\/product\/sommarens-sotaste-klanning-med-volang-framtill-f-sisters-point-2\/\" \/>\n<meta property=\"og:locale\" content=\"en_US\" \/>\n<meta property=\"og:type\" content=\"article\" \/>\n<meta property=\"og:title\" content=\"Sommarens s\u00f6taste kl\u00e4nning med volang framtill F Sisters Point!.\" \/>\n<meta property=\"og:description\" content=\"Sommarens s\u00f6taste kl\u00e4nning med volang framtill F Sisters Point!. Uppt\u00e4ck sommarens s\u00f6taste kl\u00e4nning fr\u00e5n det popul\u00e4ra varum\u00e4rket Sisters Point! Denna kl\u00e4nning \u00e4r en riktig p\u00e4rla som kommer att g\u00f6ra dig till sommarens modeikon.  Med sin trendiga och feminina design \u00e4r denna kl\u00e4nning perfekt f\u00f6r alla sommaraktiviteter. Den \u00e4r tillverkad av ett l\u00e4tt och luftigt material som kommer att h\u00e5lla dig sval och bekv\u00e4m under varma dagar. Dessutom har den en smickrande passform som framh\u00e4ver din figur p\u00e5 b\u00e4sta s\u00e4tt. Kl\u00e4nningens vackra m\u00f6nster och f\u00e4rgglada detaljer kommer att ge dig en lekfull och livlig look. Oavsett om du ska p\u00e5 stranden, ut p\u00e5 stan eller p\u00e5 en sommarfest, kommer denna kl\u00e4nning att f\u00e5 dig att k\u00e4nna dig b\u00e5de snygg och sj\u00e4lvs\u00e4ker. S\u00e5 ge dig sj\u00e4lv en look som sticker ut i sommar och skapa trendiga och minnesv\u00e4rda outfits med den s\u00f6taste kl\u00e4nningen fr\u00e5n Sisters Point. Du kommer att bli en riktig stj\u00e4rna vart du \u00e4n g\u00e5r! L\u00e4ngd p\u00e5 kl\u00e4nningen \u00e4r ca94cm.  Material  100% polyester  Tv\u00e4ttr\u00e5d  30 grader\" \/>\n<meta property=\"og:url\" content=\"https:\/\/stilanddesign.se\/en\/product\/sommarens-sotaste-klanning-med-volang-framtill-f-sisters-point-2\/\" \/>\n<meta property=\"og:site_name\" content=\"Stil &amp; Design\" \/>\n<meta property=\"article:modified_time\" content=\"2025-06-28T08:40:28+00:00\" \/>\n<meta property=\"og:image\" content=\"https:\/\/stilanddesign.se\/wp-content\/uploads\/2024\/11\/3-1-scaled-4.jpg\" \/>\n\t<meta property=\"og:image:width\" content=\"1232\" \/>\n\t<meta property=\"og:image:height\" content=\"2560\" \/>\n\t<meta property=\"og:image:type\" content=\"image\/jpeg\" \/>\n<meta name=\"twitter:card\" content=\"summary_large_image\" \/>\n<meta name=\"twitter:label1\" content=\"Est. reading time\" \/>\n\t<meta name=\"twitter:data1\" content=\"2 minutes\" \/>\n<script type=\"application\/ld+json\" class=\"yoast-schema-graph\">{\"@context\":\"https:\\\/\\\/schema.org\",\"@graph\":[{\"@type\":\"WebPage\",\"@id\":\"https:\\\/\\\/stilanddesign.se\\\/produkt\\\/sommarens-sotaste-klanning-med-volang-framtill-f-sisters-point-2\\\/\",\"url\":\"https:\\\/\\\/stilanddesign.se\\\/produkt\\\/sommarens-sotaste-klanning-med-volang-framtill-f-sisters-point-2\\\/\",\"name\":\"Sommarens s\u00f6taste kl\u00e4nning med volang framtill F Sisters Point!. - Stil &amp; Design\",\"isPartOf\":{\"@id\":\"https:\\\/\\\/stilanddesign.se\\\/#website\"},\"primaryImageOfPage\":{\"@id\":\"https:\\\/\\\/stilanddesign.se\\\/produkt\\\/sommarens-sotaste-klanning-med-volang-framtill-f-sisters-point-2\\\/#primaryimage\"},\"image\":{\"@id\":\"https:\\\/\\\/stilanddesign.se\\\/produkt\\\/sommarens-sotaste-klanning-med-volang-framtill-f-sisters-point-2\\\/#primaryimage\"},\"thumbnailUrl\":\"https:\\\/\\\/stilanddesign.se\\\/wp-content\\\/uploads\\\/2024\\\/11\\\/3-1-scaled-4.jpg\",\"datePublished\":\"2025-02-01T07:39:02+00:00\",\"dateModified\":\"2025-06-28T08:40:28+00:00\",\"breadcrumb\":{\"@id\":\"https:\\\/\\\/stilanddesign.se\\\/produkt\\\/sommarens-sotaste-klanning-med-volang-framtill-f-sisters-point-2\\\/#breadcrumb\"},\"inLanguage\":\"en-US\",\"potentialAction\":[{\"@type\":\"ReadAction\",\"target\":[\"https:\\\/\\\/stilanddesign.se\\\/produkt\\\/sommarens-sotaste-klanning-med-volang-framtill-f-sisters-point-2\\\/\"]}]},{\"@type\":\"ImageObject\",\"inLanguage\":\"en-US\",\"@id\":\"https:\\\/\\\/stilanddesign.se\\\/produkt\\\/sommarens-sotaste-klanning-med-volang-framtill-f-sisters-point-2\\\/#primaryimage\",\"url\":\"https:\\\/\\\/stilanddesign.se\\\/wp-content\\\/uploads\\\/2024\\\/11\\\/3-1-scaled-4.jpg\",\"contentUrl\":\"https:\\\/\\\/stilanddesign.se\\\/wp-content\\\/uploads\\\/2024\\\/11\\\/3-1-scaled-4.jpg\",\"width\":1232,\"height\":2560},{\"@type\":\"BreadcrumbList\",\"@id\":\"https:\\\/\\\/stilanddesign.se\\\/produkt\\\/sommarens-sotaste-klanning-med-volang-framtill-f-sisters-point-2\\\/#breadcrumb\",\"itemListElement\":[{\"@type\":\"ListItem\",\"position\":1,\"name\":\"Hem\",\"item\":\"https:\\\/\\\/stilanddesign.se\\\/\"},{\"@type\":\"ListItem\",\"position\":2,\"name\":\"Butiken\",\"item\":\"https:\\\/\\\/stilanddesign.se\\\/butiken\\\/\"},{\"@type\":\"ListItem\",\"position\":3,\"name\":\"Sommarens s\u00f6taste kl\u00e4nning med volang framtill F Sisters Point!.\"}]},{\"@type\":\"WebSite\",\"@id\":\"https:\\\/\\\/stilanddesign.se\\\/#website\",\"url\":\"https:\\\/\\\/stilanddesign.se\\\/\",\"name\":\"Stil &amp; Design\",\"description\":\"F\u00f6r oss som \u00e4lskar mode!\",\"publisher\":{\"@id\":\"https:\\\/\\\/stilanddesign.se\\\/#organization\"},\"potentialAction\":[{\"@type\":\"SearchAction\",\"target\":{\"@type\":\"EntryPoint\",\"urlTemplate\":\"https:\\\/\\\/stilanddesign.se\\\/?s={search_term_string}\"},\"query-input\":{\"@type\":\"PropertyValueSpecification\",\"valueRequired\":true,\"valueName\":\"search_term_string\"}}],\"inLanguage\":\"en-US\"},{\"@type\":\"Organization\",\"@id\":\"https:\\\/\\\/stilanddesign.se\\\/#organization\",\"name\":\"Stil &amp; Design\",\"url\":\"https:\\\/\\\/stilanddesign.se\\\/\",\"logo\":{\"@type\":\"ImageObject\",\"inLanguage\":\"en-US\",\"@id\":\"https:\\\/\\\/stilanddesign.se\\\/#\\\/schema\\\/logo\\\/image\\\/\",\"url\":\"https:\\\/\\\/stilanddesign.se\\\/wp-content\\\/uploads\\\/2023\\\/12\\\/output-onlinepngtools-e1727784413220.png\",\"contentUrl\":\"https:\\\/\\\/stilanddesign.se\\\/wp-content\\\/uploads\\\/2023\\\/12\\\/output-onlinepngtools-e1727784413220.png\",\"width\":519,\"height\":135,\"caption\":\"Stil &amp; Design\"},\"image\":{\"@id\":\"https:\\\/\\\/stilanddesign.se\\\/#\\\/schema\\\/logo\\\/image\\\/\"}}]}<\/script>\n<!-- \/ Yoast SEO Premium plugin. -->","yoast_head_json":{"title":"Sommarens s\u00f6taste kl\u00e4nning med volang framtill F Sisters Point!. - Stil &amp; Design","robots":{"index":"index","follow":"follow","max-snippet":"max-snippet:-1","max-image-preview":"max-image-preview:large","max-video-preview":"max-video-preview:-1"},"canonical":"https:\/\/stilanddesign.se\/en\/product\/sommarens-sotaste-klanning-med-volang-framtill-f-sisters-point-2\/","og_locale":"en_US","og_type":"article","og_title":"Sommarens s\u00f6taste kl\u00e4nning med volang framtill F Sisters Point!.","og_description":"Sommarens s\u00f6taste kl\u00e4nning med volang framtill F Sisters Point!. Uppt\u00e4ck sommarens s\u00f6taste kl\u00e4nning fr\u00e5n det popul\u00e4ra varum\u00e4rket Sisters Point! Denna kl\u00e4nning \u00e4r en riktig p\u00e4rla som kommer att g\u00f6ra dig till sommarens modeikon.  Med sin trendiga och feminina design \u00e4r denna kl\u00e4nning perfekt f\u00f6r alla sommaraktiviteter. Den \u00e4r tillverkad av ett l\u00e4tt och luftigt material som kommer att h\u00e5lla dig sval och bekv\u00e4m under varma dagar. Dessutom har den en smickrande passform som framh\u00e4ver din figur p\u00e5 b\u00e4sta s\u00e4tt. Kl\u00e4nningens vackra m\u00f6nster och f\u00e4rgglada detaljer kommer att ge dig en lekfull och livlig look. Oavsett om du ska p\u00e5 stranden, ut p\u00e5 stan eller p\u00e5 en sommarfest, kommer denna kl\u00e4nning att f\u00e5 dig att k\u00e4nna dig b\u00e5de snygg och sj\u00e4lvs\u00e4ker. S\u00e5 ge dig sj\u00e4lv en look som sticker ut i sommar och skapa trendiga och minnesv\u00e4rda outfits med den s\u00f6taste kl\u00e4nningen fr\u00e5n Sisters Point. Du kommer att bli en riktig stj\u00e4rna vart du \u00e4n g\u00e5r! L\u00e4ngd p\u00e5 kl\u00e4nningen \u00e4r ca94cm.  Material  100% polyester  Tv\u00e4ttr\u00e5d  30 grader","og_url":"https:\/\/stilanddesign.se\/en\/product\/sommarens-sotaste-klanning-med-volang-framtill-f-sisters-point-2\/","og_site_name":"Stil &amp; Design","article_modified_time":"2025-06-28T08:40:28+00:00","og_image":[{"width":1232,"height":2560,"url":"https:\/\/stilanddesign.se\/wp-content\/uploads\/2024\/11\/3-1-scaled-4.jpg","type":"image\/jpeg"}],"twitter_card":"summary_large_image","twitter_misc":{"Est. reading time":"2 minutes"},"schema":{"@context":"https:\/\/schema.org","@graph":[{"@type":"WebPage","@id":"https:\/\/stilanddesign.se\/produkt\/sommarens-sotaste-klanning-med-volang-framtill-f-sisters-point-2\/","url":"https:\/\/stilanddesign.se\/produkt\/sommarens-sotaste-klanning-med-volang-framtill-f-sisters-point-2\/","name":"Sommarens s\u00f6taste kl\u00e4nning med volang framtill F Sisters Point!. - Stil &amp; Design","isPartOf":{"@id":"https:\/\/stilanddesign.se\/#website"},"primaryImageOfPage":{"@id":"https:\/\/stilanddesign.se\/produkt\/sommarens-sotaste-klanning-med-volang-framtill-f-sisters-point-2\/#primaryimage"},"image":{"@id":"https:\/\/stilanddesign.se\/produkt\/sommarens-sotaste-klanning-med-volang-framtill-f-sisters-point-2\/#primaryimage"},"thumbnailUrl":"https:\/\/stilanddesign.se\/wp-content\/uploads\/2024\/11\/3-1-scaled-4.jpg","datePublished":"2025-02-01T07:39:02+00:00","dateModified":"2025-06-28T08:40:28+00:00","breadcrumb":{"@id":"https:\/\/stilanddesign.se\/produkt\/sommarens-sotaste-klanning-med-volang-framtill-f-sisters-point-2\/#breadcrumb"},"inLanguage":"en-US","potentialAction":[{"@type":"ReadAction","target":["https:\/\/stilanddesign.se\/produkt\/sommarens-sotaste-klanning-med-volang-framtill-f-sisters-point-2\/"]}]},{"@type":"ImageObject","inLanguage":"en-US","@id":"https:\/\/stilanddesign.se\/produkt\/sommarens-sotaste-klanning-med-volang-framtill-f-sisters-point-2\/#primaryimage","url":"https:\/\/stilanddesign.se\/wp-content\/uploads\/2024\/11\/3-1-scaled-4.jpg","contentUrl":"https:\/\/stilanddesign.se\/wp-content\/uploads\/2024\/11\/3-1-scaled-4.jpg","width":1232,"height":2560},{"@type":"BreadcrumbList","@id":"https:\/\/stilanddesign.se\/produkt\/sommarens-sotaste-klanning-med-volang-framtill-f-sisters-point-2\/#breadcrumb","itemListElement":[{"@type":"ListItem","position":1,"name":"Hem","item":"https:\/\/stilanddesign.se\/"},{"@type":"ListItem","position":2,"name":"Butiken","item":"https:\/\/stilanddesign.se\/butiken\/"},{"@type":"ListItem","position":3,"name":"Sommarens s\u00f6taste kl\u00e4nning med volang framtill F Sisters Point!."}]},{"@type":"WebSite","@id":"https:\/\/stilanddesign.se\/#website","url":"https:\/\/stilanddesign.se\/","name":"Style &amp; Design","description":"For those of us who love fashion!","publisher":{"@id":"https:\/\/stilanddesign.se\/#organization"},"potentialAction":[{"@type":"SearchAction","target":{"@type":"EntryPoint","urlTemplate":"https:\/\/stilanddesign.se\/?s={search_term_string}"},"query-input":{"@type":"PropertyValueSpecification","valueRequired":true,"valueName":"search_term_string"}}],"inLanguage":"en-US"},{"@type":"Organization","@id":"https:\/\/stilanddesign.se\/#organization","name":"Style &amp; Design","url":"https:\/\/stilanddesign.se\/","logo":{"@type":"ImageObject","inLanguage":"en-US","@id":"https:\/\/stilanddesign.se\/#\/schema\/logo\/image\/","url":"https:\/\/stilanddesign.se\/wp-content\/uploads\/2023\/12\/output-onlinepngtools-e1727784413220.png","contentUrl":"https:\/\/stilanddesign.se\/wp-content\/uploads\/2023\/12\/output-onlinepngtools-e1727784413220.png","width":519,"height":135,"caption":"Stil &amp; Design"},"image":{"@id":"https:\/\/stilanddesign.se\/#\/schema\/logo\/image\/"}}]}},"_links":{"self":[{"href":"https:\/\/stilanddesign.se\/en\/wp-json\/wp\/v2\/product\/1004854","targetHints":{"allow":["GET"]}}],"collection":[{"href":"https:\/\/stilanddesign.se\/en\/wp-json\/wp\/v2\/product"}],"about":[{"href":"https:\/\/stilanddesign.se\/en\/wp-json\/wp\/v2\/types\/product"}],"replies":[{"embeddable":true,"href":"https:\/\/stilanddesign.se\/en\/wp-json\/wp\/v2\/comments?post=1004854"}],"wp:featuredmedia":[{"embeddable":true,"href":"https:\/\/stilanddesign.se\/en\/wp-json\/wp\/v2\/media\/1004911"}],"wp:attachment":[{"href":"https:\/\/stilanddesign.se\/en\/wp-json\/wp\/v2\/media?parent=1004854"}],"wp:term":[{"taxonomy":"product_brand","embeddable":true,"href":"https:\/\/stilanddesign.se\/en\/wp-json\/wp\/v2\/product_brand?post=1004854"},{"taxonomy":"product_cat","embeddable":true,"href":"https:\/\/stilanddesign.se\/en\/wp-json\/wp\/v2\/product_cat?post=1004854"},{"taxonomy":"product_tag","embeddable":true,"href":"https:\/\/stilanddesign.se\/en\/wp-json\/wp\/v2\/product_tag?post=1004854"}],"curies":[{"name":"wp","href":"https:\/\/api.w.org\/{rel}","templated":true}]}}