{"id":1003843,"date":"2024-11-08T17:31:09","date_gmt":"2024-11-08T16:31:09","guid":{"rendered":"https:\/\/stilanddesign.se\/?post_type=product&#038;p=1003843"},"modified":"2025-04-23T08:31:11","modified_gmt":"2025-04-23T06:31:11","slug":"rockig-klanning-i-tigerprint","status":"publish","type":"product","link":"https:\/\/stilanddesign.se\/en\/product\/rockig-klanning-i-tigerprint\/","title":{"rendered":"Rockabilly dress in tiger print"},"content":{"rendered":"<div class=\"clear\">\n<p><span class=\"productname\">ZIENNA DRESS CHESTNUT\/BLACK<\/span><\/p>\n<div class=\"shortdescription\">\n<p class=\"p1\"><span class=\"s1\">Rocking and cool dress made of the softest &quot;milky silk&quot; jersey with a cool centered tiger print in autumnal tones. The garment has a pretty stand-up collar and a cool visible zipper in the back of the neck. Trendy trumpet sleeves and feminine flattering fit with a cut in the back. Super stylish with the Key Belt! Slightly shorter in reality than in the picture.<\/span><\/p>\n<p class=\"p1\"><span class=\"s1\">-length measurement: 108 cm in size M.<\/span><\/p>\n<p class=\"p1\"><span class=\"s1\">-95% POLYESTER \/ 5% SPANDEX<\/span><\/p>\n<\/div>\n<div class=\"clear\"><\/div>\n<div class=\"price\"><span class=\"productPrice\">799 SEK<\/span><\/div>\n<\/div>\n<div class=\"price\">\n<div class=\"price\"><\/div>\n<\/div>","protected":false},"excerpt":{"rendered":"<p><span class=\"productname\">ZIENNA DRESS CHESTNUT\/BLACK<\/span><\/p>\n<div class=\"shortdescription\">\n<p class=\"p1\"><span class=\"s1\">Rocking and cool dress made of the softest &quot;milky silk&quot; jersey with a cool centered tiger print in autumnal tones. The garment has a pretty stand-up collar and a cool visible zipper in the back of the neck. Trendy trumpet sleeves and feminine flattering fit with a cut in the back. Super stylish with the Key Belt! Slightly shorter in reality than in the picture.<\/span><\/p>\n<p class=\"p1\"><span class=\"s1\">-length measurement: 108 cm in size M.<\/span><\/p>\n<p class=\"p1\"><span class=\"s1\">-95% POLYESTER \/ 5% SPANDEX<\/span><\/p>\n<\/div>\n<div class=\"clear\"><\/div>\n<div class=\"price\"><span class=\"productPrice\">799 SEK<\/span><\/div>","protected":false},"featured_media":1003890,"comment_status":"closed","ping_status":"closed","template":"","meta":[],"product_brand":[],"product_cat":[215,209],"product_tag":[],"class_list":{"0":"post-1003843","1":"product","2":"type-product","3":"status-publish","4":"has-post-thumbnail","6":"product_cat-klanningar","7":"product_cat-reaprodukter","9":"first","10":"outofstock","11":"taxable","12":"shipping-taxable","13":"product-type-variable"},"yoast_head":"<!-- This site is optimized with the Yoast SEO Premium plugin v27.4 (Yoast SEO v27.5) - https:\/\/yoast.com\/product\/yoast-seo-premium-wordpress\/ -->\n<title>Rockig kl\u00e4nning i tigerprint - Stil &amp; Design<\/title>\n<meta name=\"robots\" content=\"index, follow, max-snippet:-1, max-image-preview:large, max-video-preview:-1\" \/>\n<link rel=\"canonical\" href=\"https:\/\/stilanddesign.se\/en\/product\/rockig-klanning-i-tigerprint\/\" \/>\n<meta property=\"og:locale\" content=\"en_US\" \/>\n<meta property=\"og:type\" content=\"article\" \/>\n<meta property=\"og:title\" content=\"Rockig kl\u00e4nning i tigerprint\" \/>\n<meta property=\"og:description\" content=\"ZIENNA DRESS CHESTNUT\/BLACK  Rockig och cool kl\u00e4nning gjord mjukaste \u201dmilky silk\u201d trik\u00e5 med coolt centrerat tigerprint i h\u00f6stiga toner. Plagget har en n\u00e4tt st\u00e5krage och en cool synlig zipper i nacken baktill. Trendiga trumpet\u00e4rm och feminin smickrande passform med insnitt i ryggen. Supersnygg med Key Belt till! N\u00e5got kortare i verkligheten \u00e4n p\u00e5 bilden. -l\u00e4ngdm\u00e5tt: 108 cm i strl M. -95% POLYESTER \/ 5% SPANDEX    799 SEK\" \/>\n<meta property=\"og:url\" content=\"https:\/\/stilanddesign.se\/en\/product\/rockig-klanning-i-tigerprint\/\" \/>\n<meta property=\"og:site_name\" content=\"Stil &amp; Design\" \/>\n<meta property=\"article:modified_time\" content=\"2025-04-23T06:31:11+00:00\" \/>\n<meta property=\"og:image\" content=\"https:\/\/stilanddesign.se\/wp-content\/uploads\/2024\/11\/6677-2.jpeg\" \/>\n\t<meta property=\"og:image:width\" content=\"300\" \/>\n\t<meta property=\"og:image:height\" content=\"450\" \/>\n\t<meta property=\"og:image:type\" content=\"image\/jpeg\" \/>\n<meta name=\"twitter:card\" content=\"summary_large_image\" \/>\n<meta name=\"twitter:label1\" content=\"Est. reading time\" \/>\n\t<meta name=\"twitter:data1\" content=\"1 minute\" \/>\n<script type=\"application\/ld+json\" class=\"yoast-schema-graph\">{\"@context\":\"https:\\\/\\\/schema.org\",\"@graph\":[{\"@type\":\"WebPage\",\"@id\":\"https:\\\/\\\/stilanddesign.se\\\/produkt\\\/rockig-klanning-i-tigerprint\\\/\",\"url\":\"https:\\\/\\\/stilanddesign.se\\\/produkt\\\/rockig-klanning-i-tigerprint\\\/\",\"name\":\"Rockig kl\u00e4nning i tigerprint - Stil &amp; Design\",\"isPartOf\":{\"@id\":\"https:\\\/\\\/stilanddesign.se\\\/#website\"},\"primaryImageOfPage\":{\"@id\":\"https:\\\/\\\/stilanddesign.se\\\/produkt\\\/rockig-klanning-i-tigerprint\\\/#primaryimage\"},\"image\":{\"@id\":\"https:\\\/\\\/stilanddesign.se\\\/produkt\\\/rockig-klanning-i-tigerprint\\\/#primaryimage\"},\"thumbnailUrl\":\"https:\\\/\\\/stilanddesign.se\\\/wp-content\\\/uploads\\\/2024\\\/11\\\/6677-2.jpeg\",\"datePublished\":\"2024-11-08T16:31:09+00:00\",\"dateModified\":\"2025-04-23T06:31:11+00:00\",\"breadcrumb\":{\"@id\":\"https:\\\/\\\/stilanddesign.se\\\/produkt\\\/rockig-klanning-i-tigerprint\\\/#breadcrumb\"},\"inLanguage\":\"en-US\",\"potentialAction\":[{\"@type\":\"ReadAction\",\"target\":[\"https:\\\/\\\/stilanddesign.se\\\/produkt\\\/rockig-klanning-i-tigerprint\\\/\"]}]},{\"@type\":\"ImageObject\",\"inLanguage\":\"en-US\",\"@id\":\"https:\\\/\\\/stilanddesign.se\\\/produkt\\\/rockig-klanning-i-tigerprint\\\/#primaryimage\",\"url\":\"https:\\\/\\\/stilanddesign.se\\\/wp-content\\\/uploads\\\/2024\\\/11\\\/6677-2.jpeg\",\"contentUrl\":\"https:\\\/\\\/stilanddesign.se\\\/wp-content\\\/uploads\\\/2024\\\/11\\\/6677-2.jpeg\",\"width\":300,\"height\":450},{\"@type\":\"BreadcrumbList\",\"@id\":\"https:\\\/\\\/stilanddesign.se\\\/produkt\\\/rockig-klanning-i-tigerprint\\\/#breadcrumb\",\"itemListElement\":[{\"@type\":\"ListItem\",\"position\":1,\"name\":\"Hem\",\"item\":\"https:\\\/\\\/stilanddesign.se\\\/\"},{\"@type\":\"ListItem\",\"position\":2,\"name\":\"Butiken\",\"item\":\"https:\\\/\\\/stilanddesign.se\\\/butiken\\\/\"},{\"@type\":\"ListItem\",\"position\":3,\"name\":\"Rockig kl\u00e4nning i tigerprint\"}]},{\"@type\":\"WebSite\",\"@id\":\"https:\\\/\\\/stilanddesign.se\\\/#website\",\"url\":\"https:\\\/\\\/stilanddesign.se\\\/\",\"name\":\"Stil &amp; Design\",\"description\":\"F\u00f6r oss som \u00e4lskar mode!\",\"publisher\":{\"@id\":\"https:\\\/\\\/stilanddesign.se\\\/#organization\"},\"potentialAction\":[{\"@type\":\"SearchAction\",\"target\":{\"@type\":\"EntryPoint\",\"urlTemplate\":\"https:\\\/\\\/stilanddesign.se\\\/?s={search_term_string}\"},\"query-input\":{\"@type\":\"PropertyValueSpecification\",\"valueRequired\":true,\"valueName\":\"search_term_string\"}}],\"inLanguage\":\"en-US\"},{\"@type\":\"Organization\",\"@id\":\"https:\\\/\\\/stilanddesign.se\\\/#organization\",\"name\":\"Stil &amp; Design\",\"url\":\"https:\\\/\\\/stilanddesign.se\\\/\",\"logo\":{\"@type\":\"ImageObject\",\"inLanguage\":\"en-US\",\"@id\":\"https:\\\/\\\/stilanddesign.se\\\/#\\\/schema\\\/logo\\\/image\\\/\",\"url\":\"https:\\\/\\\/stilanddesign.se\\\/wp-content\\\/uploads\\\/2023\\\/12\\\/output-onlinepngtools-e1727784413220.png\",\"contentUrl\":\"https:\\\/\\\/stilanddesign.se\\\/wp-content\\\/uploads\\\/2023\\\/12\\\/output-onlinepngtools-e1727784413220.png\",\"width\":519,\"height\":135,\"caption\":\"Stil &amp; Design\"},\"image\":{\"@id\":\"https:\\\/\\\/stilanddesign.se\\\/#\\\/schema\\\/logo\\\/image\\\/\"}}]}<\/script>\n<!-- \/ Yoast SEO Premium plugin. -->","yoast_head_json":{"title":"Rockig kl\u00e4nning i tigerprint - Stil &amp; Design","robots":{"index":"index","follow":"follow","max-snippet":"max-snippet:-1","max-image-preview":"max-image-preview:large","max-video-preview":"max-video-preview:-1"},"canonical":"https:\/\/stilanddesign.se\/en\/product\/rockig-klanning-i-tigerprint\/","og_locale":"en_US","og_type":"article","og_title":"Rockig kl\u00e4nning i tigerprint","og_description":"ZIENNA DRESS CHESTNUT\/BLACK  Rockig och cool kl\u00e4nning gjord mjukaste \u201dmilky silk\u201d trik\u00e5 med coolt centrerat tigerprint i h\u00f6stiga toner. Plagget har en n\u00e4tt st\u00e5krage och en cool synlig zipper i nacken baktill. Trendiga trumpet\u00e4rm och feminin smickrande passform med insnitt i ryggen. Supersnygg med Key Belt till! N\u00e5got kortare i verkligheten \u00e4n p\u00e5 bilden. -l\u00e4ngdm\u00e5tt: 108 cm i strl M. -95% POLYESTER \/ 5% SPANDEX    799 SEK","og_url":"https:\/\/stilanddesign.se\/en\/product\/rockig-klanning-i-tigerprint\/","og_site_name":"Stil &amp; Design","article_modified_time":"2025-04-23T06:31:11+00:00","og_image":[{"width":300,"height":450,"url":"https:\/\/stilanddesign.se\/wp-content\/uploads\/2024\/11\/6677-2.jpeg","type":"image\/jpeg"}],"twitter_card":"summary_large_image","twitter_misc":{"Est. reading time":"1 minute"},"schema":{"@context":"https:\/\/schema.org","@graph":[{"@type":"WebPage","@id":"https:\/\/stilanddesign.se\/produkt\/rockig-klanning-i-tigerprint\/","url":"https:\/\/stilanddesign.se\/produkt\/rockig-klanning-i-tigerprint\/","name":"Rockig kl\u00e4nning i tigerprint - Stil &amp; Design","isPartOf":{"@id":"https:\/\/stilanddesign.se\/#website"},"primaryImageOfPage":{"@id":"https:\/\/stilanddesign.se\/produkt\/rockig-klanning-i-tigerprint\/#primaryimage"},"image":{"@id":"https:\/\/stilanddesign.se\/produkt\/rockig-klanning-i-tigerprint\/#primaryimage"},"thumbnailUrl":"https:\/\/stilanddesign.se\/wp-content\/uploads\/2024\/11\/6677-2.jpeg","datePublished":"2024-11-08T16:31:09+00:00","dateModified":"2025-04-23T06:31:11+00:00","breadcrumb":{"@id":"https:\/\/stilanddesign.se\/produkt\/rockig-klanning-i-tigerprint\/#breadcrumb"},"inLanguage":"en-US","potentialAction":[{"@type":"ReadAction","target":["https:\/\/stilanddesign.se\/produkt\/rockig-klanning-i-tigerprint\/"]}]},{"@type":"ImageObject","inLanguage":"en-US","@id":"https:\/\/stilanddesign.se\/produkt\/rockig-klanning-i-tigerprint\/#primaryimage","url":"https:\/\/stilanddesign.se\/wp-content\/uploads\/2024\/11\/6677-2.jpeg","contentUrl":"https:\/\/stilanddesign.se\/wp-content\/uploads\/2024\/11\/6677-2.jpeg","width":300,"height":450},{"@type":"BreadcrumbList","@id":"https:\/\/stilanddesign.se\/produkt\/rockig-klanning-i-tigerprint\/#breadcrumb","itemListElement":[{"@type":"ListItem","position":1,"name":"Hem","item":"https:\/\/stilanddesign.se\/"},{"@type":"ListItem","position":2,"name":"Butiken","item":"https:\/\/stilanddesign.se\/butiken\/"},{"@type":"ListItem","position":3,"name":"Rockig kl\u00e4nning i tigerprint"}]},{"@type":"WebSite","@id":"https:\/\/stilanddesign.se\/#website","url":"https:\/\/stilanddesign.se\/","name":"Style &amp; Design","description":"For those of us who love fashion!","publisher":{"@id":"https:\/\/stilanddesign.se\/#organization"},"potentialAction":[{"@type":"SearchAction","target":{"@type":"EntryPoint","urlTemplate":"https:\/\/stilanddesign.se\/?s={search_term_string}"},"query-input":{"@type":"PropertyValueSpecification","valueRequired":true,"valueName":"search_term_string"}}],"inLanguage":"en-US"},{"@type":"Organization","@id":"https:\/\/stilanddesign.se\/#organization","name":"Style &amp; Design","url":"https:\/\/stilanddesign.se\/","logo":{"@type":"ImageObject","inLanguage":"en-US","@id":"https:\/\/stilanddesign.se\/#\/schema\/logo\/image\/","url":"https:\/\/stilanddesign.se\/wp-content\/uploads\/2023\/12\/output-onlinepngtools-e1727784413220.png","contentUrl":"https:\/\/stilanddesign.se\/wp-content\/uploads\/2023\/12\/output-onlinepngtools-e1727784413220.png","width":519,"height":135,"caption":"Stil &amp; Design"},"image":{"@id":"https:\/\/stilanddesign.se\/#\/schema\/logo\/image\/"}}]}},"_links":{"self":[{"href":"https:\/\/stilanddesign.se\/en\/wp-json\/wp\/v2\/product\/1003843","targetHints":{"allow":["GET"]}}],"collection":[{"href":"https:\/\/stilanddesign.se\/en\/wp-json\/wp\/v2\/product"}],"about":[{"href":"https:\/\/stilanddesign.se\/en\/wp-json\/wp\/v2\/types\/product"}],"replies":[{"embeddable":true,"href":"https:\/\/stilanddesign.se\/en\/wp-json\/wp\/v2\/comments?post=1003843"}],"wp:featuredmedia":[{"embeddable":true,"href":"https:\/\/stilanddesign.se\/en\/wp-json\/wp\/v2\/media\/1003890"}],"wp:attachment":[{"href":"https:\/\/stilanddesign.se\/en\/wp-json\/wp\/v2\/media?parent=1003843"}],"wp:term":[{"taxonomy":"product_brand","embeddable":true,"href":"https:\/\/stilanddesign.se\/en\/wp-json\/wp\/v2\/product_brand?post=1003843"},{"taxonomy":"product_cat","embeddable":true,"href":"https:\/\/stilanddesign.se\/en\/wp-json\/wp\/v2\/product_cat?post=1003843"},{"taxonomy":"product_tag","embeddable":true,"href":"https:\/\/stilanddesign.se\/en\/wp-json\/wp\/v2\/product_tag?post=1003843"}],"curies":[{"name":"wp","href":"https:\/\/api.w.org\/{rel}","templated":true}]}}