{"id":1001119,"date":"2024-11-08T16:50:27","date_gmt":"2024-11-08T15:50:27","guid":{"rendered":"https:\/\/stilanddesign.se\/?post_type=product&#038;p=1001119"},"modified":"2024-11-08T19:02:57","modified_gmt":"2024-11-08T18:02:57","slug":"fin-monstrad-kjol-i-hallonrod-och-beige","status":"publish","type":"product","link":"https:\/\/stilanddesign.se\/en\/product\/fin-monstrad-kjol-i-hallonrod-och-beige\/","title":{"rendered":"Nice Patterned Skirt in Raspberry Red and Beige"},"content":{"rendered":"<h1><strong>Nice Patterned Skirt in Raspberry Red and Beige<\/strong><\/h1>\n<p>Kjolen har linning i midjan och ett knytband framtill<\/p>\n<p>Har dragkedja p\u00e5 ena sidan en bit ner<\/p>\n<p>Kjolen har dekorationsknappar p\u00e5 ena sidan framtill<\/p>\n<p>Har ett litet sprund framtill l\u00e4ngs ner<\/p>\n<p>L\u00e4ngd fr\u00e5n midjan och ner \u00e4r 80 cm<\/p>\n<p>Normal in size<\/p>\n<p>Material; 100% viscose<\/p>\n<p>Washing instructions: 30 degrees<\/p>","protected":false},"excerpt":{"rendered":"<p>&nbsp;<\/p>\n<h1><strong>Nice Patterned Skirt in Raspberry Red and Beige<\/strong><\/h1>\n<p>Kjolen har linning i midjan och ett knytband framtill<\/p>\n<p>Har dragkedja p\u00e5 ena sidan en bit ner<\/p>\n<p>Kjolen har dekorationsknappar p\u00e5 ena sidan framtill<\/p>\n<p>Har ett litet sprund framtill l\u00e4ngs ner<\/p>\n<p>L\u00e4ngd fr\u00e5n midjan och ner \u00e4r 80 cm<\/p>\n<p>Normal in size<\/p>\n<p>Material; 100% viscose<\/p>\n<p>Washing instructions: 30 degrees<\/p>","protected":false},"featured_media":1001143,"comment_status":"closed","ping_status":"closed","template":"","meta":[],"product_brand":[],"product_cat":[221,209],"product_tag":[],"class_list":{"0":"post-1001119","1":"product","2":"type-product","3":"status-publish","4":"has-post-thumbnail","6":"product_cat-kjolar","7":"product_cat-reaprodukter","9":"first","10":"outofstock","11":"taxable","12":"shipping-taxable","13":"purchasable","14":"product-type-variable"},"yoast_head":"<!-- This site is optimized with the Yoast SEO Premium plugin v27.4 (Yoast SEO v27.5) - https:\/\/yoast.com\/product\/yoast-seo-premium-wordpress\/ -->\n<title>Fin M\u00f6nstrad Kjol i Hallonr\u00f6d och Beige - Stil &amp; Design<\/title>\n<meta name=\"robots\" content=\"index, follow, max-snippet:-1, max-image-preview:large, max-video-preview:-1\" \/>\n<link rel=\"canonical\" href=\"https:\/\/stilanddesign.se\/en\/product\/fin-monstrad-kjol-i-hallonrod-och-beige\/\" \/>\n<meta property=\"og:locale\" content=\"en_US\" \/>\n<meta property=\"og:type\" content=\"article\" \/>\n<meta property=\"og:title\" content=\"Fin M\u00f6nstrad Kjol i Hallonr\u00f6d och Beige\" \/>\n<meta property=\"og:description\" content=\"&nbsp; Fin M\u00f6nstrad Kjol i Hallonr\u00f6d och Beige Kjolen har linning i midjan och ett knytband framtill  Har dragkedja p\u00e5 ena sidan en bit ner  Kjolen har dekorationsknappar p\u00e5 ena sidan framtill  Har ett litet sprund framtill l\u00e4ngs ner  L\u00e4ngd fr\u00e5n midjan och ner \u00e4r 80 cm  Normal i storlek  Material; 100% viscose  Tv\u00e4ttr\u00e5d; 30 grader\" \/>\n<meta property=\"og:url\" content=\"https:\/\/stilanddesign.se\/en\/product\/fin-monstrad-kjol-i-hallonrod-och-beige\/\" \/>\n<meta property=\"og:site_name\" content=\"Stil &amp; Design\" \/>\n<meta property=\"article:modified_time\" content=\"2024-11-08T18:02:57+00:00\" \/>\n<meta property=\"og:image\" content=\"https:\/\/stilanddesign.se\/wp-content\/uploads\/2024\/11\/11-scaled-2.jpg\" \/>\n\t<meta property=\"og:image:width\" content=\"1477\" \/>\n\t<meta property=\"og:image:height\" content=\"2560\" \/>\n\t<meta property=\"og:image:type\" content=\"image\/jpeg\" \/>\n<meta name=\"twitter:card\" content=\"summary_large_image\" \/>\n<meta name=\"twitter:label1\" content=\"Est. reading time\" \/>\n\t<meta name=\"twitter:data1\" content=\"1 minute\" \/>\n<script type=\"application\/ld+json\" class=\"yoast-schema-graph\">{\"@context\":\"https:\\\/\\\/schema.org\",\"@graph\":[{\"@type\":\"WebPage\",\"@id\":\"https:\\\/\\\/stilanddesign.se\\\/produkt\\\/fin-monstrad-kjol-i-hallonrod-och-beige\\\/\",\"url\":\"https:\\\/\\\/stilanddesign.se\\\/produkt\\\/fin-monstrad-kjol-i-hallonrod-och-beige\\\/\",\"name\":\"Fin M\u00f6nstrad Kjol i Hallonr\u00f6d och Beige - Stil &amp; Design\",\"isPartOf\":{\"@id\":\"https:\\\/\\\/stilanddesign.se\\\/#website\"},\"primaryImageOfPage\":{\"@id\":\"https:\\\/\\\/stilanddesign.se\\\/produkt\\\/fin-monstrad-kjol-i-hallonrod-och-beige\\\/#primaryimage\"},\"image\":{\"@id\":\"https:\\\/\\\/stilanddesign.se\\\/produkt\\\/fin-monstrad-kjol-i-hallonrod-och-beige\\\/#primaryimage\"},\"thumbnailUrl\":\"https:\\\/\\\/stilanddesign.se\\\/wp-content\\\/uploads\\\/2024\\\/11\\\/11-scaled-2.jpg\",\"datePublished\":\"2024-11-08T15:50:27+00:00\",\"dateModified\":\"2024-11-08T18:02:57+00:00\",\"breadcrumb\":{\"@id\":\"https:\\\/\\\/stilanddesign.se\\\/produkt\\\/fin-monstrad-kjol-i-hallonrod-och-beige\\\/#breadcrumb\"},\"inLanguage\":\"en-US\",\"potentialAction\":[{\"@type\":\"ReadAction\",\"target\":[\"https:\\\/\\\/stilanddesign.se\\\/produkt\\\/fin-monstrad-kjol-i-hallonrod-och-beige\\\/\"]}]},{\"@type\":\"ImageObject\",\"inLanguage\":\"en-US\",\"@id\":\"https:\\\/\\\/stilanddesign.se\\\/produkt\\\/fin-monstrad-kjol-i-hallonrod-och-beige\\\/#primaryimage\",\"url\":\"https:\\\/\\\/stilanddesign.se\\\/wp-content\\\/uploads\\\/2024\\\/11\\\/11-scaled-2.jpg\",\"contentUrl\":\"https:\\\/\\\/stilanddesign.se\\\/wp-content\\\/uploads\\\/2024\\\/11\\\/11-scaled-2.jpg\",\"width\":1477,\"height\":2560},{\"@type\":\"BreadcrumbList\",\"@id\":\"https:\\\/\\\/stilanddesign.se\\\/produkt\\\/fin-monstrad-kjol-i-hallonrod-och-beige\\\/#breadcrumb\",\"itemListElement\":[{\"@type\":\"ListItem\",\"position\":1,\"name\":\"Hem\",\"item\":\"https:\\\/\\\/stilanddesign.se\\\/\"},{\"@type\":\"ListItem\",\"position\":2,\"name\":\"Butiken\",\"item\":\"https:\\\/\\\/stilanddesign.se\\\/butiken\\\/\"},{\"@type\":\"ListItem\",\"position\":3,\"name\":\"Fin M\u00f6nstrad Kjol i Hallonr\u00f6d och Beige\"}]},{\"@type\":\"WebSite\",\"@id\":\"https:\\\/\\\/stilanddesign.se\\\/#website\",\"url\":\"https:\\\/\\\/stilanddesign.se\\\/\",\"name\":\"Stil &amp; Design\",\"description\":\"F\u00f6r oss som \u00e4lskar mode!\",\"publisher\":{\"@id\":\"https:\\\/\\\/stilanddesign.se\\\/#organization\"},\"potentialAction\":[{\"@type\":\"SearchAction\",\"target\":{\"@type\":\"EntryPoint\",\"urlTemplate\":\"https:\\\/\\\/stilanddesign.se\\\/?s={search_term_string}\"},\"query-input\":{\"@type\":\"PropertyValueSpecification\",\"valueRequired\":true,\"valueName\":\"search_term_string\"}}],\"inLanguage\":\"en-US\"},{\"@type\":\"Organization\",\"@id\":\"https:\\\/\\\/stilanddesign.se\\\/#organization\",\"name\":\"Stil &amp; Design\",\"url\":\"https:\\\/\\\/stilanddesign.se\\\/\",\"logo\":{\"@type\":\"ImageObject\",\"inLanguage\":\"en-US\",\"@id\":\"https:\\\/\\\/stilanddesign.se\\\/#\\\/schema\\\/logo\\\/image\\\/\",\"url\":\"https:\\\/\\\/stilanddesign.se\\\/wp-content\\\/uploads\\\/2023\\\/12\\\/output-onlinepngtools-e1727784413220.png\",\"contentUrl\":\"https:\\\/\\\/stilanddesign.se\\\/wp-content\\\/uploads\\\/2023\\\/12\\\/output-onlinepngtools-e1727784413220.png\",\"width\":519,\"height\":135,\"caption\":\"Stil &amp; Design\"},\"image\":{\"@id\":\"https:\\\/\\\/stilanddesign.se\\\/#\\\/schema\\\/logo\\\/image\\\/\"}}]}<\/script>\n<!-- \/ Yoast SEO Premium plugin. -->","yoast_head_json":{"title":"Fin M\u00f6nstrad Kjol i Hallonr\u00f6d och Beige - Stil &amp; Design","robots":{"index":"index","follow":"follow","max-snippet":"max-snippet:-1","max-image-preview":"max-image-preview:large","max-video-preview":"max-video-preview:-1"},"canonical":"https:\/\/stilanddesign.se\/en\/product\/fin-monstrad-kjol-i-hallonrod-och-beige\/","og_locale":"en_US","og_type":"article","og_title":"Fin M\u00f6nstrad Kjol i Hallonr\u00f6d och Beige","og_description":"&nbsp; Fin M\u00f6nstrad Kjol i Hallonr\u00f6d och Beige Kjolen har linning i midjan och ett knytband framtill  Har dragkedja p\u00e5 ena sidan en bit ner  Kjolen har dekorationsknappar p\u00e5 ena sidan framtill  Har ett litet sprund framtill l\u00e4ngs ner  L\u00e4ngd fr\u00e5n midjan och ner \u00e4r 80 cm  Normal i storlek  Material; 100% viscose  Tv\u00e4ttr\u00e5d; 30 grader","og_url":"https:\/\/stilanddesign.se\/en\/product\/fin-monstrad-kjol-i-hallonrod-och-beige\/","og_site_name":"Stil &amp; Design","article_modified_time":"2024-11-08T18:02:57+00:00","og_image":[{"width":1477,"height":2560,"url":"https:\/\/stilanddesign.se\/wp-content\/uploads\/2024\/11\/11-scaled-2.jpg","type":"image\/jpeg"}],"twitter_card":"summary_large_image","twitter_misc":{"Est. reading time":"1 minute"},"schema":{"@context":"https:\/\/schema.org","@graph":[{"@type":"WebPage","@id":"https:\/\/stilanddesign.se\/produkt\/fin-monstrad-kjol-i-hallonrod-och-beige\/","url":"https:\/\/stilanddesign.se\/produkt\/fin-monstrad-kjol-i-hallonrod-och-beige\/","name":"Fin M\u00f6nstrad Kjol i Hallonr\u00f6d och Beige - Stil &amp; Design","isPartOf":{"@id":"https:\/\/stilanddesign.se\/#website"},"primaryImageOfPage":{"@id":"https:\/\/stilanddesign.se\/produkt\/fin-monstrad-kjol-i-hallonrod-och-beige\/#primaryimage"},"image":{"@id":"https:\/\/stilanddesign.se\/produkt\/fin-monstrad-kjol-i-hallonrod-och-beige\/#primaryimage"},"thumbnailUrl":"https:\/\/stilanddesign.se\/wp-content\/uploads\/2024\/11\/11-scaled-2.jpg","datePublished":"2024-11-08T15:50:27+00:00","dateModified":"2024-11-08T18:02:57+00:00","breadcrumb":{"@id":"https:\/\/stilanddesign.se\/produkt\/fin-monstrad-kjol-i-hallonrod-och-beige\/#breadcrumb"},"inLanguage":"en-US","potentialAction":[{"@type":"ReadAction","target":["https:\/\/stilanddesign.se\/produkt\/fin-monstrad-kjol-i-hallonrod-och-beige\/"]}]},{"@type":"ImageObject","inLanguage":"en-US","@id":"https:\/\/stilanddesign.se\/produkt\/fin-monstrad-kjol-i-hallonrod-och-beige\/#primaryimage","url":"https:\/\/stilanddesign.se\/wp-content\/uploads\/2024\/11\/11-scaled-2.jpg","contentUrl":"https:\/\/stilanddesign.se\/wp-content\/uploads\/2024\/11\/11-scaled-2.jpg","width":1477,"height":2560},{"@type":"BreadcrumbList","@id":"https:\/\/stilanddesign.se\/produkt\/fin-monstrad-kjol-i-hallonrod-och-beige\/#breadcrumb","itemListElement":[{"@type":"ListItem","position":1,"name":"Hem","item":"https:\/\/stilanddesign.se\/"},{"@type":"ListItem","position":2,"name":"Butiken","item":"https:\/\/stilanddesign.se\/butiken\/"},{"@type":"ListItem","position":3,"name":"Fin M\u00f6nstrad Kjol i Hallonr\u00f6d och Beige"}]},{"@type":"WebSite","@id":"https:\/\/stilanddesign.se\/#website","url":"https:\/\/stilanddesign.se\/","name":"Style &amp; Design","description":"For those of us who love fashion!","publisher":{"@id":"https:\/\/stilanddesign.se\/#organization"},"potentialAction":[{"@type":"SearchAction","target":{"@type":"EntryPoint","urlTemplate":"https:\/\/stilanddesign.se\/?s={search_term_string}"},"query-input":{"@type":"PropertyValueSpecification","valueRequired":true,"valueName":"search_term_string"}}],"inLanguage":"en-US"},{"@type":"Organization","@id":"https:\/\/stilanddesign.se\/#organization","name":"Style &amp; Design","url":"https:\/\/stilanddesign.se\/","logo":{"@type":"ImageObject","inLanguage":"en-US","@id":"https:\/\/stilanddesign.se\/#\/schema\/logo\/image\/","url":"https:\/\/stilanddesign.se\/wp-content\/uploads\/2023\/12\/output-onlinepngtools-e1727784413220.png","contentUrl":"https:\/\/stilanddesign.se\/wp-content\/uploads\/2023\/12\/output-onlinepngtools-e1727784413220.png","width":519,"height":135,"caption":"Stil &amp; Design"},"image":{"@id":"https:\/\/stilanddesign.se\/#\/schema\/logo\/image\/"}}]}},"_links":{"self":[{"href":"https:\/\/stilanddesign.se\/en\/wp-json\/wp\/v2\/product\/1001119","targetHints":{"allow":["GET"]}}],"collection":[{"href":"https:\/\/stilanddesign.se\/en\/wp-json\/wp\/v2\/product"}],"about":[{"href":"https:\/\/stilanddesign.se\/en\/wp-json\/wp\/v2\/types\/product"}],"replies":[{"embeddable":true,"href":"https:\/\/stilanddesign.se\/en\/wp-json\/wp\/v2\/comments?post=1001119"}],"wp:featuredmedia":[{"embeddable":true,"href":"https:\/\/stilanddesign.se\/en\/wp-json\/wp\/v2\/media\/1001143"}],"wp:attachment":[{"href":"https:\/\/stilanddesign.se\/en\/wp-json\/wp\/v2\/media?parent=1001119"}],"wp:term":[{"taxonomy":"product_brand","embeddable":true,"href":"https:\/\/stilanddesign.se\/en\/wp-json\/wp\/v2\/product_brand?post=1001119"},{"taxonomy":"product_cat","embeddable":true,"href":"https:\/\/stilanddesign.se\/en\/wp-json\/wp\/v2\/product_cat?post=1001119"},{"taxonomy":"product_tag","embeddable":true,"href":"https:\/\/stilanddesign.se\/en\/wp-json\/wp\/v2\/product_tag?post=1001119"}],"curies":[{"name":"wp","href":"https:\/\/api.w.org\/{rel}","templated":true}]}}