{"id":1000468,"date":"2024-11-08T16:33:29","date_gmt":"2024-11-08T15:33:29","guid":{"rendered":"https:\/\/stilanddesign.se\/?post_type=product&#038;p=1000468"},"modified":"2024-11-28T19:16:36","modified_gmt":"2024-11-28T18:16:36","slug":"trendig-rosa-blus-med-volanger-framtill","status":"publish","type":"product","link":"https:\/\/stilanddesign.se\/en\/product\/trendig-rosa-blus-med-volanger-framtill\/","title":{"rendered":"Trendy pink blouse with ruffles at the front"},"content":{"rendered":"<p>Trendiga Alice Blus har tv\u00e5 lager vackert drapperade och unikt v\u00e5gformade volanger runt urringningen. Blusen har en kort manschett med knappar och \u00e4rmen avslutas med en volang. Plagget \u00e4r rundat nedtill. Blusen har en l\u00f6s och h\u00e4rlig passform. Ett fantastiskt plagg f\u00f6r alla tillf\u00e4llen!<\/p>\n<p>\u2013 Finns \u00e4ven i Black.<br \/>\n\u2013 L\u00e4ngd fr\u00e5n axeln i storlek medium fram 67cm, bak 70cm.<br \/>\n\u2013 Body 100% lyxig viskos satin.<br \/>\n\u2013 Volang 100% polyester georgette.<br \/>\n\u2013 Modellen \u00e4r 170cm l\u00e5ng och b\u00e4r storlek S.<\/p>","protected":false},"excerpt":{"rendered":"<p>Trendiga Alice Blus har tv\u00e5 lager vackert drapperade och unikt v\u00e5gformade volanger runt urringningen. Blusen har en kort manschett med knappar och \u00e4rmen avslutas med en volang. Plagget \u00e4r rundat nedtill. Blusen har en l\u00f6s och h\u00e4rlig passform. Ett fantastiskt plagg f\u00f6r alla tillf\u00e4llen!<\/p>\n<p>\u2013 Finns \u00e4ven i Black.<br \/>\n\u2013 L\u00e4ngd fr\u00e5n axeln i storlek medium fram 67cm, bak 70cm.<br \/>\n\u2013 Body 100% lyxig viskos satin.<br \/>\n\u2013 Volang 100% polyester georgette.<br \/>\n\u2013 Modellen \u00e4r 170cm l\u00e5ng och b\u00e4r storlek S.<\/p>","protected":false},"featured_media":1000571,"comment_status":"closed","ping_status":"closed","template":"","meta":[],"product_brand":[],"product_cat":[211],"product_tag":[],"class_list":{"0":"post-1000468","1":"product","2":"type-product","3":"status-publish","4":"has-post-thumbnail","6":"product_cat-blusar","8":"first","9":"outofstock","10":"taxable","11":"shipping-taxable","12":"product-type-variable"},"yoast_head":"<!-- This site is optimized with the Yoast SEO Premium plugin v27.4 (Yoast SEO v27.4) - https:\/\/yoast.com\/product\/yoast-seo-premium-wordpress\/ -->\n<title>Trendig rosa blus med volanger framtill - Stil &amp; Design<\/title>\n<meta name=\"robots\" content=\"index, follow, max-snippet:-1, max-image-preview:large, max-video-preview:-1\" \/>\n<link rel=\"canonical\" href=\"https:\/\/stilanddesign.se\/en\/product\/trendig-rosa-blus-med-volanger-framtill\/\" \/>\n<meta property=\"og:locale\" content=\"en_US\" \/>\n<meta property=\"og:type\" content=\"article\" \/>\n<meta property=\"og:title\" content=\"Trendig rosa blus med volanger framtill\" \/>\n<meta property=\"og:description\" content=\"Trendiga Alice Blus har tv\u00e5 lager vackert drapperade och unikt v\u00e5gformade volanger runt urringningen. Blusen har en kort manschett med knappar och \u00e4rmen avslutas med en volang. Plagget \u00e4r rundat nedtill. Blusen har en l\u00f6s och h\u00e4rlig passform. Ett fantastiskt plagg f\u00f6r alla tillf\u00e4llen!  \u2013 Finns \u00e4ven i Black. \u2013 L\u00e4ngd fr\u00e5n axeln i storlek medium fram 67cm, bak 70cm. \u2013 Body 100% lyxig viskos satin. \u2013 Volang 100% polyester georgette. \u2013 Modellen \u00e4r 170cm l\u00e5ng och b\u00e4r storlek S.\" \/>\n<meta property=\"og:url\" content=\"https:\/\/stilanddesign.se\/en\/product\/trendig-rosa-blus-med-volanger-framtill\/\" \/>\n<meta property=\"og:site_name\" content=\"Stil &amp; Design\" \/>\n<meta property=\"article:modified_time\" content=\"2024-11-28T18:16:36+00:00\" \/>\n<meta property=\"og:image\" content=\"https:\/\/stilanddesign.se\/wp-content\/uploads\/2024\/11\/009989888.jpg\" \/>\n\t<meta property=\"og:image:width\" content=\"900\" \/>\n\t<meta property=\"og:image:height\" content=\"1350\" \/>\n\t<meta property=\"og:image:type\" content=\"image\/jpeg\" \/>\n<meta name=\"twitter:card\" content=\"summary_large_image\" \/>\n<meta name=\"twitter:label1\" content=\"Est. reading time\" \/>\n\t<meta name=\"twitter:data1\" content=\"1 minute\" \/>\n<script type=\"application\/ld+json\" class=\"yoast-schema-graph\">{\"@context\":\"https:\\\/\\\/schema.org\",\"@graph\":[{\"@type\":\"WebPage\",\"@id\":\"https:\\\/\\\/stilanddesign.se\\\/produkt\\\/trendig-rosa-blus-med-volanger-framtill\\\/\",\"url\":\"https:\\\/\\\/stilanddesign.se\\\/produkt\\\/trendig-rosa-blus-med-volanger-framtill\\\/\",\"name\":\"Trendig rosa blus med volanger framtill - Stil &amp; Design\",\"isPartOf\":{\"@id\":\"https:\\\/\\\/stilanddesign.se\\\/#website\"},\"primaryImageOfPage\":{\"@id\":\"https:\\\/\\\/stilanddesign.se\\\/produkt\\\/trendig-rosa-blus-med-volanger-framtill\\\/#primaryimage\"},\"image\":{\"@id\":\"https:\\\/\\\/stilanddesign.se\\\/produkt\\\/trendig-rosa-blus-med-volanger-framtill\\\/#primaryimage\"},\"thumbnailUrl\":\"https:\\\/\\\/stilanddesign.se\\\/wp-content\\\/uploads\\\/2024\\\/11\\\/009989888.jpg\",\"datePublished\":\"2024-11-08T15:33:29+00:00\",\"dateModified\":\"2024-11-28T18:16:36+00:00\",\"breadcrumb\":{\"@id\":\"https:\\\/\\\/stilanddesign.se\\\/produkt\\\/trendig-rosa-blus-med-volanger-framtill\\\/#breadcrumb\"},\"inLanguage\":\"en-US\",\"potentialAction\":[{\"@type\":\"ReadAction\",\"target\":[\"https:\\\/\\\/stilanddesign.se\\\/produkt\\\/trendig-rosa-blus-med-volanger-framtill\\\/\"]}]},{\"@type\":\"ImageObject\",\"inLanguage\":\"en-US\",\"@id\":\"https:\\\/\\\/stilanddesign.se\\\/produkt\\\/trendig-rosa-blus-med-volanger-framtill\\\/#primaryimage\",\"url\":\"https:\\\/\\\/stilanddesign.se\\\/wp-content\\\/uploads\\\/2024\\\/11\\\/009989888.jpg\",\"contentUrl\":\"https:\\\/\\\/stilanddesign.se\\\/wp-content\\\/uploads\\\/2024\\\/11\\\/009989888.jpg\",\"width\":900,\"height\":1350},{\"@type\":\"BreadcrumbList\",\"@id\":\"https:\\\/\\\/stilanddesign.se\\\/produkt\\\/trendig-rosa-blus-med-volanger-framtill\\\/#breadcrumb\",\"itemListElement\":[{\"@type\":\"ListItem\",\"position\":1,\"name\":\"Hem\",\"item\":\"https:\\\/\\\/stilanddesign.se\\\/\"},{\"@type\":\"ListItem\",\"position\":2,\"name\":\"Butiken\",\"item\":\"https:\\\/\\\/stilanddesign.se\\\/butiken\\\/\"},{\"@type\":\"ListItem\",\"position\":3,\"name\":\"Trendig rosa blus med volanger framtill\"}]},{\"@type\":\"WebSite\",\"@id\":\"https:\\\/\\\/stilanddesign.se\\\/#website\",\"url\":\"https:\\\/\\\/stilanddesign.se\\\/\",\"name\":\"Stil &amp; Design\",\"description\":\"F\u00f6r oss som \u00e4lskar mode!\",\"publisher\":{\"@id\":\"https:\\\/\\\/stilanddesign.se\\\/#organization\"},\"potentialAction\":[{\"@type\":\"SearchAction\",\"target\":{\"@type\":\"EntryPoint\",\"urlTemplate\":\"https:\\\/\\\/stilanddesign.se\\\/?s={search_term_string}\"},\"query-input\":{\"@type\":\"PropertyValueSpecification\",\"valueRequired\":true,\"valueName\":\"search_term_string\"}}],\"inLanguage\":\"en-US\"},{\"@type\":\"Organization\",\"@id\":\"https:\\\/\\\/stilanddesign.se\\\/#organization\",\"name\":\"Stil &amp; Design\",\"url\":\"https:\\\/\\\/stilanddesign.se\\\/\",\"logo\":{\"@type\":\"ImageObject\",\"inLanguage\":\"en-US\",\"@id\":\"https:\\\/\\\/stilanddesign.se\\\/#\\\/schema\\\/logo\\\/image\\\/\",\"url\":\"https:\\\/\\\/stilanddesign.se\\\/wp-content\\\/uploads\\\/2023\\\/12\\\/output-onlinepngtools-e1727784413220.png\",\"contentUrl\":\"https:\\\/\\\/stilanddesign.se\\\/wp-content\\\/uploads\\\/2023\\\/12\\\/output-onlinepngtools-e1727784413220.png\",\"width\":519,\"height\":135,\"caption\":\"Stil &amp; Design\"},\"image\":{\"@id\":\"https:\\\/\\\/stilanddesign.se\\\/#\\\/schema\\\/logo\\\/image\\\/\"}}]}<\/script>\n<!-- \/ Yoast SEO Premium plugin. -->","yoast_head_json":{"title":"Trendig rosa blus med volanger framtill - Stil &amp; Design","robots":{"index":"index","follow":"follow","max-snippet":"max-snippet:-1","max-image-preview":"max-image-preview:large","max-video-preview":"max-video-preview:-1"},"canonical":"https:\/\/stilanddesign.se\/en\/product\/trendig-rosa-blus-med-volanger-framtill\/","og_locale":"en_US","og_type":"article","og_title":"Trendig rosa blus med volanger framtill","og_description":"Trendiga Alice Blus har tv\u00e5 lager vackert drapperade och unikt v\u00e5gformade volanger runt urringningen. Blusen har en kort manschett med knappar och \u00e4rmen avslutas med en volang. Plagget \u00e4r rundat nedtill. Blusen har en l\u00f6s och h\u00e4rlig passform. Ett fantastiskt plagg f\u00f6r alla tillf\u00e4llen!  \u2013 Finns \u00e4ven i Black. \u2013 L\u00e4ngd fr\u00e5n axeln i storlek medium fram 67cm, bak 70cm. \u2013 Body 100% lyxig viskos satin. \u2013 Volang 100% polyester georgette. \u2013 Modellen \u00e4r 170cm l\u00e5ng och b\u00e4r storlek S.","og_url":"https:\/\/stilanddesign.se\/en\/product\/trendig-rosa-blus-med-volanger-framtill\/","og_site_name":"Stil &amp; Design","article_modified_time":"2024-11-28T18:16:36+00:00","og_image":[{"width":900,"height":1350,"url":"https:\/\/stilanddesign.se\/wp-content\/uploads\/2024\/11\/009989888.jpg","type":"image\/jpeg"}],"twitter_card":"summary_large_image","twitter_misc":{"Est. reading time":"1 minute"},"schema":{"@context":"https:\/\/schema.org","@graph":[{"@type":"WebPage","@id":"https:\/\/stilanddesign.se\/produkt\/trendig-rosa-blus-med-volanger-framtill\/","url":"https:\/\/stilanddesign.se\/produkt\/trendig-rosa-blus-med-volanger-framtill\/","name":"Trendig rosa blus med volanger framtill - Stil &amp; Design","isPartOf":{"@id":"https:\/\/stilanddesign.se\/#website"},"primaryImageOfPage":{"@id":"https:\/\/stilanddesign.se\/produkt\/trendig-rosa-blus-med-volanger-framtill\/#primaryimage"},"image":{"@id":"https:\/\/stilanddesign.se\/produkt\/trendig-rosa-blus-med-volanger-framtill\/#primaryimage"},"thumbnailUrl":"https:\/\/stilanddesign.se\/wp-content\/uploads\/2024\/11\/009989888.jpg","datePublished":"2024-11-08T15:33:29+00:00","dateModified":"2024-11-28T18:16:36+00:00","breadcrumb":{"@id":"https:\/\/stilanddesign.se\/produkt\/trendig-rosa-blus-med-volanger-framtill\/#breadcrumb"},"inLanguage":"en-US","potentialAction":[{"@type":"ReadAction","target":["https:\/\/stilanddesign.se\/produkt\/trendig-rosa-blus-med-volanger-framtill\/"]}]},{"@type":"ImageObject","inLanguage":"en-US","@id":"https:\/\/stilanddesign.se\/produkt\/trendig-rosa-blus-med-volanger-framtill\/#primaryimage","url":"https:\/\/stilanddesign.se\/wp-content\/uploads\/2024\/11\/009989888.jpg","contentUrl":"https:\/\/stilanddesign.se\/wp-content\/uploads\/2024\/11\/009989888.jpg","width":900,"height":1350},{"@type":"BreadcrumbList","@id":"https:\/\/stilanddesign.se\/produkt\/trendig-rosa-blus-med-volanger-framtill\/#breadcrumb","itemListElement":[{"@type":"ListItem","position":1,"name":"Hem","item":"https:\/\/stilanddesign.se\/"},{"@type":"ListItem","position":2,"name":"Butiken","item":"https:\/\/stilanddesign.se\/butiken\/"},{"@type":"ListItem","position":3,"name":"Trendig rosa blus med volanger framtill"}]},{"@type":"WebSite","@id":"https:\/\/stilanddesign.se\/#website","url":"https:\/\/stilanddesign.se\/","name":"Style &amp; Design","description":"For those of us who love fashion!","publisher":{"@id":"https:\/\/stilanddesign.se\/#organization"},"potentialAction":[{"@type":"SearchAction","target":{"@type":"EntryPoint","urlTemplate":"https:\/\/stilanddesign.se\/?s={search_term_string}"},"query-input":{"@type":"PropertyValueSpecification","valueRequired":true,"valueName":"search_term_string"}}],"inLanguage":"en-US"},{"@type":"Organization","@id":"https:\/\/stilanddesign.se\/#organization","name":"Style &amp; Design","url":"https:\/\/stilanddesign.se\/","logo":{"@type":"ImageObject","inLanguage":"en-US","@id":"https:\/\/stilanddesign.se\/#\/schema\/logo\/image\/","url":"https:\/\/stilanddesign.se\/wp-content\/uploads\/2023\/12\/output-onlinepngtools-e1727784413220.png","contentUrl":"https:\/\/stilanddesign.se\/wp-content\/uploads\/2023\/12\/output-onlinepngtools-e1727784413220.png","width":519,"height":135,"caption":"Stil &amp; Design"},"image":{"@id":"https:\/\/stilanddesign.se\/#\/schema\/logo\/image\/"}}]}},"_links":{"self":[{"href":"https:\/\/stilanddesign.se\/en\/wp-json\/wp\/v2\/product\/1000468","targetHints":{"allow":["GET"]}}],"collection":[{"href":"https:\/\/stilanddesign.se\/en\/wp-json\/wp\/v2\/product"}],"about":[{"href":"https:\/\/stilanddesign.se\/en\/wp-json\/wp\/v2\/types\/product"}],"replies":[{"embeddable":true,"href":"https:\/\/stilanddesign.se\/en\/wp-json\/wp\/v2\/comments?post=1000468"}],"wp:featuredmedia":[{"embeddable":true,"href":"https:\/\/stilanddesign.se\/en\/wp-json\/wp\/v2\/media\/1000571"}],"wp:attachment":[{"href":"https:\/\/stilanddesign.se\/en\/wp-json\/wp\/v2\/media?parent=1000468"}],"wp:term":[{"taxonomy":"product_brand","embeddable":true,"href":"https:\/\/stilanddesign.se\/en\/wp-json\/wp\/v2\/product_brand?post=1000468"},{"taxonomy":"product_cat","embeddable":true,"href":"https:\/\/stilanddesign.se\/en\/wp-json\/wp\/v2\/product_cat?post=1000468"},{"taxonomy":"product_tag","embeddable":true,"href":"https:\/\/stilanddesign.se\/en\/wp-json\/wp\/v2\/product_tag?post=1000468"}],"curies":[{"name":"wp","href":"https:\/\/api.w.org\/{rel}","templated":true}]}}