{"id":1000427,"date":"2026-03-26T13:26:00","date_gmt":"2026-03-26T12:26:00","guid":{"rendered":"https:\/\/stilanddesign.se\/?post_type=product&#038;p=1000427"},"modified":"2026-04-16T15:42:23","modified_gmt":"2026-04-16T13:42:23","slug":"tuff-skjorta-f-chica-london-4","status":"publish","type":"product","link":"https:\/\/stilanddesign.se\/en\/product\/tuff-skjorta-f-chica-london-4\/","title":{"rendered":"\u2728 Stylish shirt in beige from Chica London \u2728"},"content":{"rendered":"<p data-start=\"0\" data-end=\"51\">\u2728 <strong data-start=\"2\" data-end=\"47\">Stylish shirt in beige from Chica London<\/strong> \u2728<\/p>\n<p data-start=\"53\" data-end=\"155\">An elegant and easy-to-wear shirt that is perfect for both everyday wear and more dressed-up occasions. \ud83e\udd0d<\/p>\n<p data-start=\"157\" data-end=\"341\">\ud83c\udf3f <strong data-start=\"160\" data-end=\"173\">Details:<\/strong><br data-start=\"173\" data-end=\"176\" \/>\u2728 Classic collar and button closure<br data-start=\"211\" data-end=\"214\" \/>\ud83d\udc5a Elastic cuffs for a soft and feminine shape<br data-start=\"265\" data-end=\"268\" \/>\ud83d\udcab Loose and comfortable fit<br data-start=\"296\" data-end=\"299\" \/>\ud83d\udc4c Timeless design that is easy to match<\/p>\n<p data-start=\"343\" data-end=\"439\">Perfect to wear with jeans for a casual look or with trousers for a more dressy style. \u2728<\/p>\n<p data-start=\"441\" data-end=\"574\">\ud83d\udccf <strong data-start=\"444\" data-end=\"456\">Size:<\/strong> One size (fits approx. XS\/34 \u2013 XL\/42)<br data-start=\"491\" data-end=\"494\" \/>\ud83d\udcd0 <strong data-start=\"497\" data-end=\"506\">Measure:<\/strong><br data-start=\"506\" data-end=\"509\" \/>\u2022 Armpit to armpit (circumference): approx. 124 cm<br data-start=\"552\" data-end=\"555\" \/>\u2022 Length: approx. 67 cm<\/p>\n<p data-start=\"576\" data-end=\"604\">\ud83c\udff7 <strong data-start=\"579\" data-end=\"589\">Make:<\/strong> Chica London<\/p>\n<p data-start=\"606\" data-end=\"654\" data-is-last-node=\"\" data-is-only-node=\"\">\ud83d\udc96 A wardrobe favorite that never goes out of style! \u2728<\/p>","protected":false},"excerpt":{"rendered":"<p data-start=\"0\" data-end=\"51\">\u2728 <strong data-start=\"2\" data-end=\"47\">Stylish shirt in beige from Chica London<\/strong> \u2728<\/p>\n<p data-start=\"53\" data-end=\"155\">An elegant and easy-to-wear shirt that is perfect for both everyday wear and more dressed-up occasions. \ud83e\udd0d<\/p>\n<p data-start=\"157\" data-end=\"341\">\ud83c\udf3f <strong data-start=\"160\" data-end=\"173\">Details:<\/strong><br data-start=\"173\" data-end=\"176\" \/>\u2728 Classic collar and button closure<br data-start=\"211\" data-end=\"214\" \/>\ud83d\udc5a Elastic cuffs for a soft and feminine shape<br data-start=\"265\" data-end=\"268\" \/>\ud83d\udcab Loose and comfortable fit<br data-start=\"296\" data-end=\"299\" \/>\ud83d\udc4c Timeless design that is easy to match<\/p>\n<p data-start=\"343\" data-end=\"439\">Perfect to wear with jeans for a casual look or with trousers for a more dressy style. \u2728<\/p>\n<p data-start=\"441\" data-end=\"574\">\ud83d\udccf <strong data-start=\"444\" data-end=\"456\">Size:<\/strong> One size (fits approx. XS\/34 \u2013 XL\/42)<br data-start=\"491\" data-end=\"494\" \/>\ud83d\udcd0 <strong data-start=\"497\" data-end=\"506\">Measure:<\/strong><br data-start=\"506\" data-end=\"509\" \/>\u2022 Armpit to armpit (circumference): approx. 124 cm<br data-start=\"552\" data-end=\"555\" \/>\u2022 Length: approx. 67 cm<\/p>\n<p data-start=\"576\" data-end=\"604\">\ud83c\udff7 <strong data-start=\"579\" data-end=\"589\">Make:<\/strong> Chica London<\/p>\n<p data-start=\"606\" data-end=\"654\" data-is-last-node=\"\" data-is-only-node=\"\">\ud83d\udc96 A wardrobe favorite that never goes out of style! \u2728<\/p>","protected":false},"featured_media":1000501,"comment_status":"closed","ping_status":"closed","template":"","meta":[],"product_brand":[],"product_cat":[211],"product_tag":[],"class_list":{"0":"post-1000427","1":"product","2":"type-product","3":"status-publish","4":"has-post-thumbnail","6":"product_cat-blusar","8":"first","9":"outofstock","10":"taxable","11":"shipping-taxable","12":"product-type-variable"},"yoast_head":"<!-- This site is optimized with the Yoast SEO Premium plugin v27.4 (Yoast SEO v27.5) - https:\/\/yoast.com\/product\/yoast-seo-premium-wordpress\/ -->\n<title>\u2728 Stilren skjorta i beige fr\u00e5n Chica London \u2728 - Stil &amp; Design<\/title>\n<meta name=\"robots\" content=\"index, follow, max-snippet:-1, max-image-preview:large, max-video-preview:-1\" \/>\n<link rel=\"canonical\" href=\"https:\/\/stilanddesign.se\/en\/product\/tuff-skjorta-f-chica-london-4\/\" \/>\n<meta property=\"og:locale\" content=\"en_US\" \/>\n<meta property=\"og:type\" content=\"article\" \/>\n<meta property=\"og:title\" content=\"\u2728 Stilren skjorta i beige fr\u00e5n Chica London \u2728\" \/>\n<meta property=\"og:description\" content=\"\u2728 Stilren skjorta i beige fr\u00e5n Chica London \u2728 En elegant och l\u00e4ttburen skjorta som passar perfekt f\u00f6r b\u00e5de vardag och mer uppkl\u00e4dda tillf\u00e4llen. \ud83e\udd0d \ud83c\udf3f Detaljer:\u2728 Klassisk krage och knappst\u00e4ngning\ud83d\udc5a Res\u00e5r i \u00e4rmslut som ger en mjuk och feminin form\ud83d\udcab Ledig och bekv\u00e4m passform\ud83d\udc4c Tidl\u00f6s design som \u00e4r enkel att matcha Perfekt att b\u00e4ra till jeans f\u00f6r en avslappnad look eller till byxor f\u00f6r en mer dressad stil. \u2728 \ud83d\udccf Storlek: One size (passar ca XS\/34 \u2013 XL\/42)\ud83d\udcd0 M\u00e5tt:\u2022 Armh\u00e5la till armh\u00e5la (omkrets): ca 124 cm\u2022 L\u00e4ngd: ca 67 cm \ud83c\udff7 M\u00e4rke: Chica London \ud83d\udc96 En garderobsfavorit som aldrig g\u00e5r ur stil! \u2728\" \/>\n<meta property=\"og:url\" content=\"https:\/\/stilanddesign.se\/en\/product\/tuff-skjorta-f-chica-london-4\/\" \/>\n<meta property=\"og:site_name\" content=\"Stil &amp; Design\" \/>\n<meta property=\"article:modified_time\" content=\"2026-04-16T13:42:23+00:00\" \/>\n<meta property=\"og:image\" content=\"https:\/\/stilanddesign.se\/wp-content\/uploads\/2024\/11\/IMG_1246.jpeg\" \/>\n\t<meta property=\"og:image:width\" content=\"1344\" \/>\n\t<meta property=\"og:image:height\" content=\"2340\" \/>\n\t<meta property=\"og:image:type\" content=\"image\/jpeg\" \/>\n<meta name=\"twitter:card\" content=\"summary_large_image\" \/>\n<meta name=\"twitter:label1\" content=\"Est. reading time\" \/>\n\t<meta name=\"twitter:data1\" content=\"1 minute\" \/>\n<script type=\"application\/ld+json\" class=\"yoast-schema-graph\">{\"@context\":\"https:\\\/\\\/schema.org\",\"@graph\":[{\"@type\":\"WebPage\",\"@id\":\"https:\\\/\\\/stilanddesign.se\\\/produkt\\\/tuff-skjorta-f-chica-london-4\\\/\",\"url\":\"https:\\\/\\\/stilanddesign.se\\\/produkt\\\/tuff-skjorta-f-chica-london-4\\\/\",\"name\":\"\u2728 Stilren skjorta i beige fr\u00e5n Chica London \u2728 - Stil &amp; Design\",\"isPartOf\":{\"@id\":\"https:\\\/\\\/stilanddesign.se\\\/#website\"},\"primaryImageOfPage\":{\"@id\":\"https:\\\/\\\/stilanddesign.se\\\/produkt\\\/tuff-skjorta-f-chica-london-4\\\/#primaryimage\"},\"image\":{\"@id\":\"https:\\\/\\\/stilanddesign.se\\\/produkt\\\/tuff-skjorta-f-chica-london-4\\\/#primaryimage\"},\"thumbnailUrl\":\"https:\\\/\\\/stilanddesign.se\\\/wp-content\\\/uploads\\\/2024\\\/11\\\/IMG_1246.jpeg\",\"datePublished\":\"2026-03-26T12:26:00+00:00\",\"dateModified\":\"2026-04-16T13:42:23+00:00\",\"breadcrumb\":{\"@id\":\"https:\\\/\\\/stilanddesign.se\\\/produkt\\\/tuff-skjorta-f-chica-london-4\\\/#breadcrumb\"},\"inLanguage\":\"en-US\",\"potentialAction\":[{\"@type\":\"ReadAction\",\"target\":[\"https:\\\/\\\/stilanddesign.se\\\/produkt\\\/tuff-skjorta-f-chica-london-4\\\/\"]}]},{\"@type\":\"ImageObject\",\"inLanguage\":\"en-US\",\"@id\":\"https:\\\/\\\/stilanddesign.se\\\/produkt\\\/tuff-skjorta-f-chica-london-4\\\/#primaryimage\",\"url\":\"https:\\\/\\\/stilanddesign.se\\\/wp-content\\\/uploads\\\/2024\\\/11\\\/IMG_1246.jpeg\",\"contentUrl\":\"https:\\\/\\\/stilanddesign.se\\\/wp-content\\\/uploads\\\/2024\\\/11\\\/IMG_1246.jpeg\",\"width\":1344,\"height\":2340},{\"@type\":\"BreadcrumbList\",\"@id\":\"https:\\\/\\\/stilanddesign.se\\\/produkt\\\/tuff-skjorta-f-chica-london-4\\\/#breadcrumb\",\"itemListElement\":[{\"@type\":\"ListItem\",\"position\":1,\"name\":\"Hem\",\"item\":\"https:\\\/\\\/stilanddesign.se\\\/\"},{\"@type\":\"ListItem\",\"position\":2,\"name\":\"Butiken\",\"item\":\"https:\\\/\\\/stilanddesign.se\\\/butiken\\\/\"},{\"@type\":\"ListItem\",\"position\":3,\"name\":\"\u2728 Stilren skjorta i beige fr\u00e5n Chica London \u2728\"}]},{\"@type\":\"WebSite\",\"@id\":\"https:\\\/\\\/stilanddesign.se\\\/#website\",\"url\":\"https:\\\/\\\/stilanddesign.se\\\/\",\"name\":\"Stil &amp; Design\",\"description\":\"F\u00f6r oss som \u00e4lskar mode!\",\"publisher\":{\"@id\":\"https:\\\/\\\/stilanddesign.se\\\/#organization\"},\"potentialAction\":[{\"@type\":\"SearchAction\",\"target\":{\"@type\":\"EntryPoint\",\"urlTemplate\":\"https:\\\/\\\/stilanddesign.se\\\/?s={search_term_string}\"},\"query-input\":{\"@type\":\"PropertyValueSpecification\",\"valueRequired\":true,\"valueName\":\"search_term_string\"}}],\"inLanguage\":\"en-US\"},{\"@type\":\"Organization\",\"@id\":\"https:\\\/\\\/stilanddesign.se\\\/#organization\",\"name\":\"Stil &amp; Design\",\"url\":\"https:\\\/\\\/stilanddesign.se\\\/\",\"logo\":{\"@type\":\"ImageObject\",\"inLanguage\":\"en-US\",\"@id\":\"https:\\\/\\\/stilanddesign.se\\\/#\\\/schema\\\/logo\\\/image\\\/\",\"url\":\"https:\\\/\\\/stilanddesign.se\\\/wp-content\\\/uploads\\\/2023\\\/12\\\/output-onlinepngtools-e1727784413220.png\",\"contentUrl\":\"https:\\\/\\\/stilanddesign.se\\\/wp-content\\\/uploads\\\/2023\\\/12\\\/output-onlinepngtools-e1727784413220.png\",\"width\":519,\"height\":135,\"caption\":\"Stil &amp; Design\"},\"image\":{\"@id\":\"https:\\\/\\\/stilanddesign.se\\\/#\\\/schema\\\/logo\\\/image\\\/\"}}]}<\/script>\n<!-- \/ Yoast SEO Premium plugin. -->","yoast_head_json":{"title":"\u2728 Stilren skjorta i beige fr\u00e5n Chica London \u2728 - Stil &amp; Design","robots":{"index":"index","follow":"follow","max-snippet":"max-snippet:-1","max-image-preview":"max-image-preview:large","max-video-preview":"max-video-preview:-1"},"canonical":"https:\/\/stilanddesign.se\/en\/product\/tuff-skjorta-f-chica-london-4\/","og_locale":"en_US","og_type":"article","og_title":"\u2728 Stilren skjorta i beige fr\u00e5n Chica London \u2728","og_description":"\u2728 Stilren skjorta i beige fr\u00e5n Chica London \u2728 En elegant och l\u00e4ttburen skjorta som passar perfekt f\u00f6r b\u00e5de vardag och mer uppkl\u00e4dda tillf\u00e4llen. \ud83e\udd0d \ud83c\udf3f Detaljer:\u2728 Klassisk krage och knappst\u00e4ngning\ud83d\udc5a Res\u00e5r i \u00e4rmslut som ger en mjuk och feminin form\ud83d\udcab Ledig och bekv\u00e4m passform\ud83d\udc4c Tidl\u00f6s design som \u00e4r enkel att matcha Perfekt att b\u00e4ra till jeans f\u00f6r en avslappnad look eller till byxor f\u00f6r en mer dressad stil. \u2728 \ud83d\udccf Storlek: One size (passar ca XS\/34 \u2013 XL\/42)\ud83d\udcd0 M\u00e5tt:\u2022 Armh\u00e5la till armh\u00e5la (omkrets): ca 124 cm\u2022 L\u00e4ngd: ca 67 cm \ud83c\udff7 M\u00e4rke: Chica London \ud83d\udc96 En garderobsfavorit som aldrig g\u00e5r ur stil! \u2728","og_url":"https:\/\/stilanddesign.se\/en\/product\/tuff-skjorta-f-chica-london-4\/","og_site_name":"Stil &amp; Design","article_modified_time":"2026-04-16T13:42:23+00:00","og_image":[{"width":1344,"height":2340,"url":"https:\/\/stilanddesign.se\/wp-content\/uploads\/2024\/11\/IMG_1246.jpeg","type":"image\/jpeg"}],"twitter_card":"summary_large_image","twitter_misc":{"Est. reading time":"1 minute"},"schema":{"@context":"https:\/\/schema.org","@graph":[{"@type":"WebPage","@id":"https:\/\/stilanddesign.se\/produkt\/tuff-skjorta-f-chica-london-4\/","url":"https:\/\/stilanddesign.se\/produkt\/tuff-skjorta-f-chica-london-4\/","name":"\u2728 Stilren skjorta i beige fr\u00e5n Chica London \u2728 - Stil &amp; Design","isPartOf":{"@id":"https:\/\/stilanddesign.se\/#website"},"primaryImageOfPage":{"@id":"https:\/\/stilanddesign.se\/produkt\/tuff-skjorta-f-chica-london-4\/#primaryimage"},"image":{"@id":"https:\/\/stilanddesign.se\/produkt\/tuff-skjorta-f-chica-london-4\/#primaryimage"},"thumbnailUrl":"https:\/\/stilanddesign.se\/wp-content\/uploads\/2024\/11\/IMG_1246.jpeg","datePublished":"2026-03-26T12:26:00+00:00","dateModified":"2026-04-16T13:42:23+00:00","breadcrumb":{"@id":"https:\/\/stilanddesign.se\/produkt\/tuff-skjorta-f-chica-london-4\/#breadcrumb"},"inLanguage":"en-US","potentialAction":[{"@type":"ReadAction","target":["https:\/\/stilanddesign.se\/produkt\/tuff-skjorta-f-chica-london-4\/"]}]},{"@type":"ImageObject","inLanguage":"en-US","@id":"https:\/\/stilanddesign.se\/produkt\/tuff-skjorta-f-chica-london-4\/#primaryimage","url":"https:\/\/stilanddesign.se\/wp-content\/uploads\/2024\/11\/IMG_1246.jpeg","contentUrl":"https:\/\/stilanddesign.se\/wp-content\/uploads\/2024\/11\/IMG_1246.jpeg","width":1344,"height":2340},{"@type":"BreadcrumbList","@id":"https:\/\/stilanddesign.se\/produkt\/tuff-skjorta-f-chica-london-4\/#breadcrumb","itemListElement":[{"@type":"ListItem","position":1,"name":"Hem","item":"https:\/\/stilanddesign.se\/"},{"@type":"ListItem","position":2,"name":"Butiken","item":"https:\/\/stilanddesign.se\/butiken\/"},{"@type":"ListItem","position":3,"name":"\u2728 Stilren skjorta i beige fr\u00e5n Chica London \u2728"}]},{"@type":"WebSite","@id":"https:\/\/stilanddesign.se\/#website","url":"https:\/\/stilanddesign.se\/","name":"Style &amp; Design","description":"For those of us who love fashion!","publisher":{"@id":"https:\/\/stilanddesign.se\/#organization"},"potentialAction":[{"@type":"SearchAction","target":{"@type":"EntryPoint","urlTemplate":"https:\/\/stilanddesign.se\/?s={search_term_string}"},"query-input":{"@type":"PropertyValueSpecification","valueRequired":true,"valueName":"search_term_string"}}],"inLanguage":"en-US"},{"@type":"Organization","@id":"https:\/\/stilanddesign.se\/#organization","name":"Style &amp; Design","url":"https:\/\/stilanddesign.se\/","logo":{"@type":"ImageObject","inLanguage":"en-US","@id":"https:\/\/stilanddesign.se\/#\/schema\/logo\/image\/","url":"https:\/\/stilanddesign.se\/wp-content\/uploads\/2023\/12\/output-onlinepngtools-e1727784413220.png","contentUrl":"https:\/\/stilanddesign.se\/wp-content\/uploads\/2023\/12\/output-onlinepngtools-e1727784413220.png","width":519,"height":135,"caption":"Stil &amp; Design"},"image":{"@id":"https:\/\/stilanddesign.se\/#\/schema\/logo\/image\/"}}]}},"_links":{"self":[{"href":"https:\/\/stilanddesign.se\/en\/wp-json\/wp\/v2\/product\/1000427","targetHints":{"allow":["GET"]}}],"collection":[{"href":"https:\/\/stilanddesign.se\/en\/wp-json\/wp\/v2\/product"}],"about":[{"href":"https:\/\/stilanddesign.se\/en\/wp-json\/wp\/v2\/types\/product"}],"replies":[{"embeddable":true,"href":"https:\/\/stilanddesign.se\/en\/wp-json\/wp\/v2\/comments?post=1000427"}],"wp:featuredmedia":[{"embeddable":true,"href":"https:\/\/stilanddesign.se\/en\/wp-json\/wp\/v2\/media\/1000501"}],"wp:attachment":[{"href":"https:\/\/stilanddesign.se\/en\/wp-json\/wp\/v2\/media?parent=1000427"}],"wp:term":[{"taxonomy":"product_brand","embeddable":true,"href":"https:\/\/stilanddesign.se\/en\/wp-json\/wp\/v2\/product_brand?post=1000427"},{"taxonomy":"product_cat","embeddable":true,"href":"https:\/\/stilanddesign.se\/en\/wp-json\/wp\/v2\/product_cat?post=1000427"},{"taxonomy":"product_tag","embeddable":true,"href":"https:\/\/stilanddesign.se\/en\/wp-json\/wp\/v2\/product_tag?post=1000427"}],"curies":[{"name":"wp","href":"https:\/\/api.w.org\/{rel}","templated":true}]}}