{"id":10500,"date":"2021-04-19T12:33:39","date_gmt":"2021-04-19T10:33:39","guid":{"rendered":"https:\/\/stilanddesign.se?page_id=10500"},"modified":"2021-04-19T12:33:39","modified_gmt":"2021-04-19T10:33:39","slug":"shoppa-nyheter","status":"publish","type":"page","link":"https:\/\/stilanddesign.se\/en\/shoppa-nyheter\/","title":{"rendered":"Shop news"},"content":{"rendered":"<p>[ux_banner height=&#8221;350px&#8221; bg=&#8221;8106&#8243; bg_size=&#8221;original&#8221; hover=&#8221;grayscale&#8221; parallax=&#8221;3&#8243;]<\/p>\n<p>[text_box parallax=&#8221;-1&#8243; position_x=&#8221;50&#8243; position_y=&#8221;50&#8243; text_depth=&#8221;2&#8243;]<\/p>\n<h1 class=\"lowerrcase\"><strong>Shoppa Nyheter<\/strong><\/h1>\n<p class=\"lead\">H\u00e4r visar vi v\u00e5ra fina kl\u00e4dnyheter som vi har f\u00e5tt in i v\u00e5rat sortiment.<\/p>\n<p>[share]<\/p>\n<p>[\/text_box]<\/p>\n<p>[\/ux_banner]<\/p>\n<p>[woof sid=&#8221;auto_shortcode&#8221; autohide=0 taxonomies=product_cat:9]<\/p>\n<p>[gap]<\/p>\n<p>[ux_products style=&#8221;normal&#8221; type=&#8221;masonry&#8221; width=&#8221;full-width&#8221; columns=&#8221;5&#8243; depth=&#8221;2&#8243; products=&#8221;20&#8243;]<\/p>\n<p>[ux_products cat=&#8221;81&#8243;]<\/p>\n<p>[gap height=&#8221;100px&#8221;]<\/p>\n","protected":false},"excerpt":{"rendered":"<p>[ux_banner height=&#8221;350px&#8221; bg=&#8221;8106&#8243; bg_size=&#8221;original&#8221; hover=&#8221;grayscale&#8221; parallax=&#8221;3&#8243;] [text_box parallax=&#8221;-1&#8243; position_x=&#8221;50&#8243; position_y=&#8221;50&#8243; text_depth=&#8221;2&#8243;] Shoppa Nyheter H\u00e4r visar vi v\u00e5ra fina kl\u00e4dnyheter som vi har f\u00e5tt in i v\u00e5rat sortiment. [share] [\/text_box] [\/ux_banner] [woof sid=&#8221;auto_shortcode&#8221; autohide=0 taxonomies=product_cat:9] [gap] [ux_products style=&#8221;normal&#8221; type=&#8221;masonry&#8221; width=&#8221;full-width&#8221; columns=&#8221;5&#8243; depth=&#8221;2&#8243; products=&#8221;20&#8243;] [ux_products cat=&#8221;81&#8243;] [gap height=&#8221;100px&#8221;]<\/p>\n","protected":false},"author":2276,"featured_media":29588,"parent":0,"menu_order":3,"comment_status":"closed","ping_status":"closed","template":"page-blank.php","meta":{"footnotes":""},"class_list":["post-10500","page","type-page","status-publish","has-post-thumbnail","hentry"],"yoast_head":"<!-- This site is optimized with the Yoast SEO Premium plugin v27.4 (Yoast SEO v27.4) - https:\/\/yoast.com\/product\/yoast-seo-premium-wordpress\/ -->\n<title>Shoppa nyheter - Stil &amp; Design<\/title>\n<meta name=\"description\" content=\"H\u00e4r visar vi v\u00e5ra fina kl\u00e4dnyheter som vi har f\u00e5tt in i v\u00e5rat sortiment.\" \/>\n<meta name=\"robots\" content=\"index, follow, max-snippet:-1, max-image-preview:large, max-video-preview:-1\" \/>\n<link rel=\"canonical\" href=\"https:\/\/stilanddesign.se\/en\/shoppa-nyheter\/\" \/>\n<meta property=\"og:locale\" content=\"en_US\" \/>\n<meta property=\"og:type\" content=\"article\" \/>\n<meta property=\"og:title\" content=\"Shoppa nyheter\" \/>\n<meta property=\"og:description\" content=\"H\u00e4r visar vi v\u00e5ra fina kl\u00e4dnyheter som vi har f\u00e5tt in i v\u00e5rat sortiment.\" \/>\n<meta property=\"og:url\" content=\"https:\/\/stilanddesign.se\/en\/shoppa-nyheter\/\" \/>\n<meta property=\"og:site_name\" content=\"Stil &amp; Design\" \/>\n<meta name=\"twitter:card\" content=\"summary_large_image\" \/>\n<meta name=\"twitter:label1\" content=\"Est. reading time\" \/>\n\t<meta name=\"twitter:data1\" content=\"1 minute\" \/>\n<script type=\"application\/ld+json\" class=\"yoast-schema-graph\">{\"@context\":\"https:\\\/\\\/schema.org\",\"@graph\":[{\"@type\":\"WebPage\",\"@id\":\"https:\\\/\\\/stilanddesign.se\\\/shoppa-nyheter\\\/\",\"url\":\"https:\\\/\\\/stilanddesign.se\\\/shoppa-nyheter\\\/\",\"name\":\"Shoppa nyheter - Stil &amp; Design\",\"isPartOf\":{\"@id\":\"https:\\\/\\\/stilanddesign.se\\\/#website\"},\"primaryImageOfPage\":{\"@id\":\"https:\\\/\\\/stilanddesign.se\\\/shoppa-nyheter\\\/#primaryimage\"},\"image\":{\"@id\":\"https:\\\/\\\/stilanddesign.se\\\/shoppa-nyheter\\\/#primaryimage\"},\"thumbnailUrl\":\"\",\"datePublished\":\"2021-04-19T10:33:39+00:00\",\"description\":\"H\u00e4r visar vi v\u00e5ra fina kl\u00e4dnyheter som vi har f\u00e5tt in i v\u00e5rat sortiment.\",\"breadcrumb\":{\"@id\":\"https:\\\/\\\/stilanddesign.se\\\/shoppa-nyheter\\\/#breadcrumb\"},\"inLanguage\":\"en-US\",\"potentialAction\":[{\"@type\":\"ReadAction\",\"target\":[\"https:\\\/\\\/stilanddesign.se\\\/shoppa-nyheter\\\/\"]}]},{\"@type\":\"ImageObject\",\"inLanguage\":\"en-US\",\"@id\":\"https:\\\/\\\/stilanddesign.se\\\/shoppa-nyheter\\\/#primaryimage\",\"url\":\"\",\"contentUrl\":\"\"},{\"@type\":\"BreadcrumbList\",\"@id\":\"https:\\\/\\\/stilanddesign.se\\\/shoppa-nyheter\\\/#breadcrumb\",\"itemListElement\":[{\"@type\":\"ListItem\",\"position\":1,\"name\":\"Hem\",\"item\":\"https:\\\/\\\/stilanddesign.se\\\/\"},{\"@type\":\"ListItem\",\"position\":2,\"name\":\"Shoppa nyheter\"}]},{\"@type\":\"WebSite\",\"@id\":\"https:\\\/\\\/stilanddesign.se\\\/#website\",\"url\":\"https:\\\/\\\/stilanddesign.se\\\/\",\"name\":\"Stil &amp; Design\",\"description\":\"F\u00f6r oss som \u00e4lskar mode!\",\"publisher\":{\"@id\":\"https:\\\/\\\/stilanddesign.se\\\/#organization\"},\"potentialAction\":[{\"@type\":\"SearchAction\",\"target\":{\"@type\":\"EntryPoint\",\"urlTemplate\":\"https:\\\/\\\/stilanddesign.se\\\/?s={search_term_string}\"},\"query-input\":{\"@type\":\"PropertyValueSpecification\",\"valueRequired\":true,\"valueName\":\"search_term_string\"}}],\"inLanguage\":\"en-US\"},{\"@type\":\"Organization\",\"@id\":\"https:\\\/\\\/stilanddesign.se\\\/#organization\",\"name\":\"Stil &amp; Design\",\"url\":\"https:\\\/\\\/stilanddesign.se\\\/\",\"logo\":{\"@type\":\"ImageObject\",\"inLanguage\":\"en-US\",\"@id\":\"https:\\\/\\\/stilanddesign.se\\\/#\\\/schema\\\/logo\\\/image\\\/\",\"url\":\"https:\\\/\\\/stilanddesign.se\\\/wp-content\\\/uploads\\\/2023\\\/12\\\/output-onlinepngtools-e1727784413220.png\",\"contentUrl\":\"https:\\\/\\\/stilanddesign.se\\\/wp-content\\\/uploads\\\/2023\\\/12\\\/output-onlinepngtools-e1727784413220.png\",\"width\":519,\"height\":135,\"caption\":\"Stil &amp; Design\"},\"image\":{\"@id\":\"https:\\\/\\\/stilanddesign.se\\\/#\\\/schema\\\/logo\\\/image\\\/\"}}]}<\/script>\n<!-- \/ Yoast SEO Premium plugin. -->","yoast_head_json":{"title":"Shoppa nyheter - Stil &amp; Design","description":"Here we show our beautiful new clothing items that we have added to our range.","robots":{"index":"index","follow":"follow","max-snippet":"max-snippet:-1","max-image-preview":"max-image-preview:large","max-video-preview":"max-video-preview:-1"},"canonical":"https:\/\/stilanddesign.se\/en\/shoppa-nyheter\/","og_locale":"en_US","og_type":"article","og_title":"Shoppa nyheter","og_description":"H\u00e4r visar vi v\u00e5ra fina kl\u00e4dnyheter som vi har f\u00e5tt in i v\u00e5rat sortiment.","og_url":"https:\/\/stilanddesign.se\/en\/shoppa-nyheter\/","og_site_name":"Stil &amp; Design","twitter_card":"summary_large_image","twitter_misc":{"Est. reading time":"1 minute"},"schema":{"@context":"https:\/\/schema.org","@graph":[{"@type":"WebPage","@id":"https:\/\/stilanddesign.se\/shoppa-nyheter\/","url":"https:\/\/stilanddesign.se\/shoppa-nyheter\/","name":"Shoppa nyheter - Stil &amp; Design","isPartOf":{"@id":"https:\/\/stilanddesign.se\/#website"},"primaryImageOfPage":{"@id":"https:\/\/stilanddesign.se\/shoppa-nyheter\/#primaryimage"},"image":{"@id":"https:\/\/stilanddesign.se\/shoppa-nyheter\/#primaryimage"},"thumbnailUrl":"","datePublished":"2021-04-19T10:33:39+00:00","description":"Here we show our beautiful new clothing items that we have added to our range.","breadcrumb":{"@id":"https:\/\/stilanddesign.se\/shoppa-nyheter\/#breadcrumb"},"inLanguage":"en-US","potentialAction":[{"@type":"ReadAction","target":["https:\/\/stilanddesign.se\/shoppa-nyheter\/"]}]},{"@type":"ImageObject","inLanguage":"en-US","@id":"https:\/\/stilanddesign.se\/shoppa-nyheter\/#primaryimage","url":"","contentUrl":""},{"@type":"BreadcrumbList","@id":"https:\/\/stilanddesign.se\/shoppa-nyheter\/#breadcrumb","itemListElement":[{"@type":"ListItem","position":1,"name":"Hem","item":"https:\/\/stilanddesign.se\/"},{"@type":"ListItem","position":2,"name":"Shoppa nyheter"}]},{"@type":"WebSite","@id":"https:\/\/stilanddesign.se\/#website","url":"https:\/\/stilanddesign.se\/","name":"Style &amp; Design","description":"For those of us who love fashion!","publisher":{"@id":"https:\/\/stilanddesign.se\/#organization"},"potentialAction":[{"@type":"SearchAction","target":{"@type":"EntryPoint","urlTemplate":"https:\/\/stilanddesign.se\/?s={search_term_string}"},"query-input":{"@type":"PropertyValueSpecification","valueRequired":true,"valueName":"search_term_string"}}],"inLanguage":"en-US"},{"@type":"Organization","@id":"https:\/\/stilanddesign.se\/#organization","name":"Style &amp; Design","url":"https:\/\/stilanddesign.se\/","logo":{"@type":"ImageObject","inLanguage":"en-US","@id":"https:\/\/stilanddesign.se\/#\/schema\/logo\/image\/","url":"https:\/\/stilanddesign.se\/wp-content\/uploads\/2023\/12\/output-onlinepngtools-e1727784413220.png","contentUrl":"https:\/\/stilanddesign.se\/wp-content\/uploads\/2023\/12\/output-onlinepngtools-e1727784413220.png","width":519,"height":135,"caption":"Stil &amp; Design"},"image":{"@id":"https:\/\/stilanddesign.se\/#\/schema\/logo\/image\/"}}]}},"_links":{"self":[{"href":"https:\/\/stilanddesign.se\/en\/wp-json\/wp\/v2\/pages\/10500","targetHints":{"allow":["GET"]}}],"collection":[{"href":"https:\/\/stilanddesign.se\/en\/wp-json\/wp\/v2\/pages"}],"about":[{"href":"https:\/\/stilanddesign.se\/en\/wp-json\/wp\/v2\/types\/page"}],"author":[{"embeddable":true,"href":"https:\/\/stilanddesign.se\/en\/wp-json\/wp\/v2\/users\/2276"}],"replies":[{"embeddable":true,"href":"https:\/\/stilanddesign.se\/en\/wp-json\/wp\/v2\/comments?post=10500"}],"version-history":[{"count":0,"href":"https:\/\/stilanddesign.se\/en\/wp-json\/wp\/v2\/pages\/10500\/revisions"}],"wp:featuredmedia":[{"embeddable":true,"href":"https:\/\/stilanddesign.se\/en\/wp-json\/"}],"wp:attachment":[{"href":"https:\/\/stilanddesign.se\/en\/wp-json\/wp\/v2\/media?parent=10500"}],"curies":[{"name":"wp","href":"https:\/\/api.w.org\/{rel}","templated":true}]}}